{"id":16,"date":"2024-08-02T09:59:59","date_gmt":"2024-08-02T13:59:59","guid":{"rendered":"http:\/\/localhost\/wordpress\/?page_id=16"},"modified":"2024-09-18T15:15:05","modified_gmt":"2024-09-18T19:15:05","slug":"espectro","status":"publish","type":"page","link":"https:\/\/conatel.gob.ve\/?page_id=16","title":{"rendered":"Espectro"},"content":{"rendered":"\n<div class=\"wp-block-stackable-columns stk-block-columns stk-block stk-0c7afbc\" data-block-id=\"0c7afbc\"><div class=\"stk-row stk-inner-blocks stk-block-content stk-content-align stk-0c7afbc-column\">\n<div class=\"wp-block-stackable-column stk-block-column stk-column stk-block stk-cb73ee7\" data-v=\"4\" data-block-id=\"cb73ee7\"><style>@media screen and (min-width:690px){.stk-cb73ee7{flex:var(--stk-flex-grow,1) 1 calc(15% - var(--stk-column-gap,0px) * 1 \/ 2 ) !important}}<\/style><div class=\"stk-column-wrapper stk-block-column__content stk-container stk-cb73ee7-container stk--no-background stk--no-padding\"><div class=\"stk-block-content stk-inner-blocks stk-cb73ee7-inner-blocks\"><\/div><\/div><\/div>\n\n\n\n<div class=\"wp-block-stackable-column stk-block-column stk-column stk-block stk-a53b0ea\" data-v=\"4\" data-block-id=\"a53b0ea\"><style>@media screen and (min-width:690px){.stk-a53b0ea{flex:var(--stk-flex-grow,1) 1 calc(85% - var(--stk-column-gap,0px) * 1 \/ 2 ) !important}}<\/style><div class=\"stk-column-wrapper stk-block-column__content stk-container stk-a53b0ea-container stk--no-background stk--no-padding\"><div class=\"stk-block-content stk-inner-blocks stk-a53b0ea-inner-blocks\">\n<div class=\"wp-block-stackable-tabs stk-block-tabs stk-block stk-36ce6e7\" data-initial-tab=\"1\" data-block-id=\"36ce6e7\"><style>.stk-36ce6e7 .stk-block-tab-content .stk-block-content .stk-block-column[hidden]{display:none !important}<\/style><div class=\"stk-row stk-inner-blocks stk-block-content stk-block-tabs--horizontal stk-block-tabs--fade stk-content-align stk-36ce6e7-column\">\n<div class=\"wp-block-stackable-tab-labels stk-block-tab-labels stk-block stk-2dc1bef stk-block-background is-style-centered-pills\" data-block-id=\"2dc1bef\"><style>.stk-2dc1bef{border-top-left-radius:50px !important;border-top-right-radius:50px !important;border-bottom-right-radius:50px !important;border-bottom-left-radius:50px !important;overflow:hidden !important;align-items:center !important;padding-top:8px !important;padding-right:8px !important;padding-bottom:8px !important;padding-left:8px !important;margin-right:auto !important;margin-bottom:-20px !important;display:flex !important}.stk-2dc1bef .stk-block-tab-labels__text{color:var(--theme-palette-color-7,#FAFBFC) !important}.stk-2dc1bef .stk-block-tabs__tab{color:var(--theme-palette-color-7,#FAFBFC) !important;padding-top:8px !important;padding-right:24px !important;padding-bottom:8px !important;padding-left:24px !important;background:#2c5aa0 !important;border-top-left-radius:50px !important;border-top-right-radius:50px !important;border-bottom-right-radius:50px !important;border-bottom-left-radius:50px !important}.stk-2dc1bef .stk-block-tabs__tab.stk-block-tabs__tab--active .stk-block-tab-labels__text{color:#ffffff !important}.stk-2dc1bef .stk-block-tabs__tab:not(.stk-block-tabs__tab--active):hover{background:#dddddd !important;opacity:1 !important}.stk-2dc1bef .stk-block-tabs__tab .stk--inner-svg svg:last-child,.stk-2dc1bef .stk-block-tabs__tab .stk--inner-svg svg:last-child :is(g,path,rect,polygon,ellipse){fill:#777777 !important}.stk-2dc1bef .stk-block-tabs__tab:not(.stk-block-tabs__tab--active):hover .stk--inner-svg svg:last-child,.stk-2dc1bef .stk-block-tabs__tab:not(.stk-block-tabs__tab--active):hover .stk--inner-svg svg:last-child :is(g,path,rect,polygon,ellipse){fill:#000000 !important}.stk-2dc1bef .stk-block-tabs__tab.stk-block-tabs__tab--active{background:#0089fc !important}.stk-2dc1bef .stk-block-tabs__tab.stk-block-tabs__tab--active .stk--inner-svg svg:last-child,.stk-2dc1bef .stk-block-tabs__tab.stk-block-tabs__tab--active .stk--inner-svg svg:last-child :is(g,path,rect,polygon,ellipse){fill:#ffffff !important}<\/style><div class=\"stk-block-tab-labels__wrapper\" role=\"tablist\"><button class=\"stk-block-tabs__tab\" role=\"tab\" id=\"definicion\"><div class=\"stk-block-tab-labels__text\"><span>Definici\u00f3n<\/span><\/div><\/button><button class=\"stk-block-tabs__tab\" role=\"tab\" id=\"cunabaf\"><div class=\"stk-block-tab-labels__text\"><span>CUNABAF<\/span><\/div><\/button><button class=\"stk-block-tabs__tab\" role=\"tab\" id=\"planes-frecuencia\"><div class=\"stk-block-tab-labels__text\"><span>Planes de Frecuencia<\/span><\/div><\/button><button class=\"stk-block-tabs__tab\" role=\"tab\" id=\"tasa-espectro\"><div class=\"stk-block-tab-labels__text\"><span>Tasa del Espectro<\/span><\/div><\/button><\/div><\/div>\n\n\n\n<div class=\"wp-block-stackable-tab-content stk-block-tab-content stk-block stk-c08b656\" data-block-id=\"c08b656\"><div class=\"stk-row stk-inner-blocks stk-block-content stk-content-align stk-c08b656-column\">\n<div class=\"wp-block-stackable-column stk-block-column stk-column stk-block stk-8b35a33\" data-v=\"4\" role=\"tabpanel\" data-block-id=\"8b35a33\"><div class=\"stk-column-wrapper stk-block-column__content stk-container stk-8b35a33-container stk--no-background stk--no-padding\"><div class=\"stk-block-content stk-inner-blocks stk-8b35a33-inner-blocks\">\n<div class=\"wp-block-stackable-heading stk-block-heading stk-block-heading--v2 stk-block stk-494f541\" id=\"que-es\" data-block-id=\"494f541\"><style>.stk-494f541{margin-bottom:2px !important}.stk-494f541 .stk-block-heading__text{font-size:20px !important;color:#2c5aa0 !important}@media screen and (max-width:999px){.stk-494f541 .stk-block-heading__text{font-size:20px !important}}<\/style><h2 class=\"stk-block-heading__text has-text-color\">\u00bfQu\u00e9 es?<\/h2><\/div>\n\n\n\n<p class=\"justificar\">El espectro radioel\u00e9ctrico, de conformidad con lo establecido en el art\u00edculo 4 de la Ley Org\u00e1nica de Telecomunicaciones, es el conjunto de ondas electromagn\u00e9ticas cuya frecuencia se fija convencionalmente por debajo de los 3000 gigahercios (GHz) y que se propagan por el espacio sin gu\u00eda artificial.<\/p>\n\n\n\n<p class=\"justificar\">El espectro se divide en bandas de frecuencias que se designan por n\u00fameros enteros, en orden creciente. Las bandas de frecuencias constituyen el agrupamiento o conjunto de ondas radioel\u00e9ctricas con l\u00edmite superior e inferior definidos convencionalmente. Estas a su vez podr\u00e1n estar divididas en subbandas.<\/p>\n\n\n\n<p class=\"justificar\">La siguiente imagen ilustra los diversos servicios de radiocomunicaciones, disponibles en cada sub-banda:<\/p>\n\n\n\n<div class=\"wp-block-stackable-image stk-block-image stk-block stk-e51b6d8\" data-block-id=\"e51b6d8\"><figure><span class=\"stk-img-wrapper stk-image--shape-stretch\"><img fetchpriority=\"high\" decoding=\"async\" class=\"stk-img wp-image-1226\" src=\"http:\/\/10.1.63.84\/conatel\/wp-content\/uploads\/2024\/08\/Bandas-de-Frecuencias-Final-scaled.jpg\" width=\"2560\" height=\"1428\" srcset=\"https:\/\/conatel.gob.ve\/wp-content\/uploads\/2024\/08\/Bandas-de-Frecuencias-Final-scaled.jpg 2560w, https:\/\/conatel.gob.ve\/wp-content\/uploads\/2024\/08\/Bandas-de-Frecuencias-Final-300x167.jpg 300w, https:\/\/conatel.gob.ve\/wp-content\/uploads\/2024\/08\/Bandas-de-Frecuencias-Final-1024x571.jpg 1024w, https:\/\/conatel.gob.ve\/wp-content\/uploads\/2024\/08\/Bandas-de-Frecuencias-Final-768x428.jpg 768w, https:\/\/conatel.gob.ve\/wp-content\/uploads\/2024\/08\/Bandas-de-Frecuencias-Final-1536x857.jpg 1536w, https:\/\/conatel.gob.ve\/wp-content\/uploads\/2024\/08\/Bandas-de-Frecuencias-Final-2048x1142.jpg 2048w\" sizes=\"(max-width: 2560px) 100vw, 2560px\" \/><\/span><\/figure><\/div>\n\n\n\n<p>El espectro radioel\u00e9ctrico venezolano es un bien del dominio p\u00fablico de la Naci\u00f3n, para cuyo uso y explotaci\u00f3n se debe contar con la respectiva concesi\u00f3n de uso asociada a una habilitaci\u00f3n administrativa, la cual es otorgada por Conatel.<\/p>\n<\/div><\/div><\/div>\n\n\n\n<div class=\"wp-block-stackable-column stk-block-column stk-column stk-block stk-fbcb614\" data-v=\"4\" role=\"tabpanel\" data-block-id=\"fbcb614\"><div class=\"stk-column-wrapper stk-block-column__content stk-container stk-fbcb614-container stk--no-background stk--no-padding\"><div class=\"stk-block-content stk-inner-blocks stk-fbcb614-inner-blocks\">\n<div class=\"wp-block-stackable-heading stk-block-heading stk-block-heading--v2 stk-block stk-c95bd75\" id=\"cuadro-nacional-de-atribucion-de-bandas-de-frecuencias\" data-block-id=\"c95bd75\"><style>.stk-c95bd75{margin-bottom:3px !important}.stk-c95bd75 .stk-block-heading__text{font-size:20px !important;color:#2c5aa0 !important}@media screen and (max-width:999px){.stk-c95bd75 .stk-block-heading__text{font-size:20px !important}}<\/style><h2 class=\"stk-block-heading__text has-text-color\">Cuadro Nacional de Atribuci\u00f3n de Bandas de Frecuencias<\/h2><\/div>\n\n\n\n<p class=\"justificar\">El presente Cuadro Nacional de Atribuci\u00f3n de Bandas de Frecuencias (CUNABAF) establece la atribuci\u00f3n de las distintas bandas de frecuencias del espectro radioel\u00e9ctrico en la Rep\u00fablica Bolivariana de Venezuela, tomando como referencia la atribuci\u00f3n prevista en el Cuadro de Atribuci\u00f3n de Bandas de Frecuencias contenido en el Reglamento de Radiocomunicaciones de la Uni\u00f3n Internacional de Telecomunicaciones.<\/p>\n\n\n\n<div data-wp-interactive=\"core\/file\" class=\"wp-block-file\"><object data-wp-bind--hidden=\"!state.hasPdfPreview\" hidden class=\"wp-block-file__embed\" data=\"https:\/\/conatel.gob.ve\/wp-content\/uploads\/2024\/08\/Cunabaf-grafico-vf.pdf\" type=\"application\/pdf\" style=\"width:100%;height:600px\" aria-label=\"Incrustado de Cunabaf-grafico-vf.\"><\/object><a id=\"wp-block-file--media-dfbddd0e-223c-4907-9d45-b38721263515\" href=\"https:\/\/conatel.gob.ve\/wp-content\/uploads\/2024\/08\/Cunabaf-grafico-vf.pdf\">Cunabaf-grafico-vf<\/a><\/div>\n<\/div><\/div><\/div>\n\n\n\n<div class=\"wp-block-stackable-column stk-block-column stk-column stk-block stk-c552c4b\" data-v=\"4\" role=\"tabpanel\" data-block-id=\"c552c4b\"><div class=\"stk-column-wrapper stk-block-column__content stk-container stk-c552c4b-container stk--no-background stk--no-padding\"><div class=\"stk-block-content stk-inner-blocks stk-c552c4b-inner-blocks\">\n<div class=\"wp-block-stackable-heading stk-block-heading stk-block-heading--v2 stk-block stk-4494707\" id=\"planes-de-frecuencia\" data-block-id=\"4494707\"><style>.stk-4494707{margin-bottom:2px !important}.stk-4494707 .stk-block-heading__text{font-size:20px !important;color:#2c5aa0 !important}@media screen and (max-width:999px){.stk-4494707 .stk-block-heading__text{font-size:20px !important}}<\/style><h2 class=\"stk-block-heading__text has-text-color\">Planes de Frecuencia<\/h2><\/div>\n\n\n\n<p class=\"justificar\">Definen las canalizaciones espec\u00edficas para cada banda de frecuencia. Al respecto, se tienen canalizaciones espec\u00edficas para cada tipo de servicio de telecomunicaciones que requiera el uso y explotaci\u00f3n del espectro radioel\u00e9ctrico, entre las cuales se tienen:<\/p>\n\n\n\n<div class=\"wp-block-file\"><a id=\"wp-block-file--media-9838f59b-45ce-4495-a9f3-0444cf0a7d07\" href=\"..\/wp-content\/uploads\/2024\/08\/CANALIZACIONES_REPETIDORES_RADIOAFICIONADOS.xls\" target=\"_blank\" rel=\"noreferrer noopener\">\u25aa Canalizaci\u00f3n de Repetidores de Radioaficionados<\/a><\/div>\n\n\n\n<div class=\"wp-block-file\"><a id=\"wp-block-file--media-f9ba04f6-bdae-4b54-affe-d8f54687dda4\" href=\"..\/wp-content\/uploads\/2024\/08\/Canalizacion_Sistemas_Concentracion_Enlaces_800_MHz.xls\" target=\"_blank\" rel=\"noreferrer noopener\">\u25aa Canalizaci\u00f3n de Sistemas de Concentraci\u00f3n de Enlaces 800 MHz<\/a><\/div>\n\n\n\n<div class=\"wp-block-file\"><a id=\"wp-block-file--media-16c17aab-ed7f-4c85-868c-c23ad9ae011b\" href=\"..\/wp-content\/uploads\/2024\/08\/canalizacion-estudio-planta.xls\" target=\"_blank\" rel=\"noreferrer noopener\">\u25aa Canalizaci\u00f3n de Estudio-Planta FM (Comercial y Comunitaria)<\/a><\/div>\n\n\n\n<div class=\"wp-block-file\"><a id=\"wp-block-file--media-1d4ebf02-1b58-451e-90af-ff76cea87928\" href=\"..\/wp-content\/uploads\/2024\/08\/Act-Canalizacion-Microondas-CUNABAF-2015-Modificacion-09-05-2016.xls\" target=\"_blank\" rel=\"noreferrer noopener\">\u25aa Canalizaci\u00f3n de Microondas<\/a><\/div>\n\n\n\n<div class=\"wp-block-file\"><a id=\"wp-block-file--media-8ff0d740-c09c-409e-b573-f0a967d262ba\" href=\"..\/wp-content\/uploads\/2024\/08\/canalizacion-estudio-planta-1.xls\" target=\"_blank\" rel=\"noreferrer noopener\">\u25aa Canalizaci\u00f3n de Estudio-Planta AM<\/a><\/div>\n\n\n\n<div class=\"wp-block-file\"><a id=\"wp-block-file--media-a1147b07-9d42-495d-914f-157c19b5cb84\" href=\"..\/wp-content\/uploads\/2024\/08\/canalizacion_radiocomunicaciones_digitales_380_399_MHz_gubernamental.xls\" target=\"_blank\" rel=\"noreferrer noopener\">\u25aa Canalizaci\u00f3n Radiocomunicaciones Digitales 380-399,99 MHz (Gubernamental)<\/a><\/div>\n\n\n\n<div class=\"wp-block-file\"><a id=\"wp-block-file--media-5c8de868-0c47-41b4-8fbf-35ce7e9988df\" href=\"..\/wp-content\/uploads\/2024\/08\/Bandas-Servicios-IMT-Julio-2016.xls\" target=\"_blank\" rel=\"noreferrer noopener\">\u25aa Canalizaci\u00f3n de Las Bandas para Servicios IMT<\/a><\/div>\n<\/div><\/div><\/div>\n\n\n\n<div class=\"wp-block-stackable-column stk-block-column stk-column stk-block stk-469a877\" data-v=\"4\" role=\"tabpanel\" data-block-id=\"469a877\"><div class=\"stk-column-wrapper stk-block-column__content stk-container stk-469a877-container stk--no-background stk--no-padding\"><div class=\"stk-block-content stk-inner-blocks stk-469a877-inner-blocks\">\n<div class=\"wp-block-stackable-heading stk-block-heading stk-block-heading--v2 stk-block stk-c78c79e\" id=\"marco-legal\" data-block-id=\"c78c79e\"><style>.stk-c78c79e{margin-bottom:2px !important}.stk-c78c79e .stk-block-heading__text{font-size:20px !important;color:#2c5aa0 !important}@media screen and (max-width:999px){.stk-c78c79e .stk-block-heading__text{font-size:20px !important}}<\/style><h2 class=\"stk-block-heading__text has-text-color\">Marco Legal<\/h2><\/div>\n\n\n\n<p class=\"justificar\">La Ley Org\u00e1nica de Telecomunicaciones establece, en su art\u00edculo 148, que quienes exploten o hagan uso del espectro radioel\u00e9ctrico, deber\u00e1n pagar anualmente a Conatel una tasa por concepto de administraci\u00f3n y control del espacio, la cual no exceder\u00e1 del medio por ciento (0,50%) de sus ingresos brutos. En el caso de servicios de radiodifusi\u00f3n sonora y de televisi\u00f3n abierta, este porcentaje no exceder\u00e1 de un cero coma dos por ciento (0,2%) de sus ingresos brutos, derivados de la explotaci\u00f3n de tales servicios.<\/p>\n\n\n\n<p class=\"justificar\">La normativa tambi\u00e9n estipula que esta tasa se liquidar\u00e1 y pagar\u00e1 anualmente, dentro de los primeros cuarenta y cinco d\u00edas continuos del a\u00f1o calendario. El modelo para el c\u00e1lculo de esta tasa se define en funci\u00f3n de los siguientes criterios: frecuencias y ancho de banda asignados, extensi\u00f3n del \u00e1rea geogr\u00e1fica cubierta y poblaci\u00f3n existente en la misma, tiempo por el cual se haya otorgado la concesi\u00f3n y modalidad de uso.<\/p>\n\n\n\n<div class=\"wp-block-stackable-heading stk-block-heading stk-block-heading--v2 stk-block stk-c77dfe8\" id=\"como-calcular-la-tasa-del-espectro-radioelectrico\" data-block-id=\"c77dfe8\"><style>.stk-c77dfe8{margin-bottom:1px !important}.stk-c77dfe8 .stk-block-heading__text{font-size:20px !important;color:#2c5aa0 !important}@media screen and (max-width:999px){.stk-c77dfe8 .stk-block-heading__text{font-size:20px !important}}<\/style><h2 class=\"stk-block-heading__text has-text-color\">\u00bfC\u00f3mo calcular la tasa del espectro radioel\u00e9ctrico?<\/h2><\/div>\n\n\n\n<p class=\"justificar\">Para calcular esta tasa se siguen nueve pasos para cada frecuencia utilizada, obteniendo resultados parciales en cada una de ellas. La sumatoria ser\u00e1 el total a pagar por este tributo, el cual deber\u00e1 reflejarse en la respectiva planilla.<\/p>\n\n\n\n<p class=\"justificar\">El valor de la tasa ser\u00e1 la sumatoria del resultado de la aplicaci\u00f3n de la f\u00f3rmula V=K.B.G(A).T.F(f).C.D.E para cada una de las frecuencias utilizadas por la empresa que representa, por lo cual tendr\u00e1 dos opciones b\u00e1sicas para calcular este valor.<\/p>\n\n\n\n<p class=\"justificar\">La primera opci\u00f3n se utiliza cuando se declara una sola frecuencia. Pero si su empresa utiliza m\u00faltiples frecuencias, entonces deber\u00e1 usar la segunda opci\u00f3n, proceso al cual puede acceder en varias ocasiones, mediante un c\u00f3digo que le ser\u00e1 asignado autom\u00e1ticamente por el sistema y le permitir\u00e1 realizar la carga de informaci\u00f3n y consultas en diferentes momentos.<\/p>\n<\/div><\/div><\/div>\n<\/div><\/div>\n<\/div><\/div>\n<\/div><\/div><\/div>\n<\/div><\/div>\n\n\n\n<p><\/p>\n","protected":false},"excerpt":{"rendered":"<p>Definici\u00f3n CUNABAF Planes de Frecuencia Tasa del Espectro \u00bfQu\u00e9 es? El espectro radioel\u00e9ctrico, de conformidad con lo establecido en el art\u00edculo 4 de la Ley Org\u00e1nica de Telecomunicaciones, es el conjunto de ondas electromagn\u00e9ticas cuya frecuencia se fija convencionalmente por debajo de los 3000 gigahercios (GHz) y que se propagan por el espacio sin gu\u00eda [&hellip;]<\/p>\n","protected":false},"author":7,"featured_media":0,"parent":0,"menu_order":0,"comment_status":"closed","ping_status":"closed","template":"","meta":{"footnotes":""},"class_list":["post-16","page","type-page","status-publish","hentry"],"blocksy_meta":[],"_links":{"self":[{"href":"https:\/\/conatel.gob.ve\/index.php?rest_route=\/wp\/v2\/pages\/16","targetHints":{"allow":["GET"]}}],"collection":[{"href":"https:\/\/conatel.gob.ve\/index.php?rest_route=\/wp\/v2\/pages"}],"about":[{"href":"https:\/\/conatel.gob.ve\/index.php?rest_route=\/wp\/v2\/types\/page"}],"author":[{"embeddable":true,"href":"https:\/\/conatel.gob.ve\/index.php?rest_route=\/wp\/v2\/users\/7"}],"replies":[{"embeddable":true,"href":"https:\/\/conatel.gob.ve\/index.php?rest_route=%2Fwp%2Fv2%2Fcomments&post=16"}],"version-history":[{"count":47,"href":"https:\/\/conatel.gob.ve\/index.php?rest_route=\/wp\/v2\/pages\/16\/revisions"}],"predecessor-version":[{"id":3035,"href":"https:\/\/conatel.gob.ve\/index.php?rest_route=\/wp\/v2\/pages\/16\/revisions\/3035"}],"wp:attachment":[{"href":"https:\/\/conatel.gob.ve\/index.php?rest_route=%2Fwp%2Fv2%2Fmedia&parent=16"}],"curies":[{"name":"wp","href":"https:\/\/api.w.org\/{rel}","templated":true}]}}