{"id":1948,"date":"2024-09-02T11:22:45","date_gmt":"2024-09-02T15:22:45","guid":{"rendered":"http:\/\/10.1.63.84\/conatel\/?page_id=1948"},"modified":"2024-12-02T09:21:47","modified_gmt":"2024-12-02T13:21:47","slug":"estadisticas-del-sector","status":"publish","type":"page","link":"https:\/\/conatel.gob.ve\/?page_id=1948","title":{"rendered":"Estad\u00edsticas del Sector"},"content":{"rendered":"\n<div class=\"wp-block-stackable-columns stk-block-columns stk-block stk-44e4e73\" data-block-id=\"44e4e73\"><div class=\"stk-row stk-inner-blocks stk-block-content stk-content-align stk-44e4e73-column\">\n<div class=\"wp-block-stackable-column stk-block-column stk-column stk-block stk-25d38c8\" data-v=\"4\" data-block-id=\"25d38c8\"><style>@media screen and (min-width:690px){.stk-25d38c8 {flex:var(--stk-flex-grow, 1) 1 calc(15% - var(--stk-column-gap, 0px) * 1 \/ 2 ) !important;}}<\/style><div class=\"stk-column-wrapper stk-block-column__content stk-container stk-25d38c8-container stk--no-background stk--no-padding\"><div class=\"stk-block-content stk-inner-blocks stk-25d38c8-inner-blocks\"><\/div><\/div><\/div>\n\n\n\n<div class=\"wp-block-stackable-column stk-block-column stk-column stk-block stk-0edf370\" data-v=\"4\" data-block-id=\"0edf370\"><style>@media screen and (min-width:690px){.stk-0edf370 {flex:var(--stk-flex-grow, 1) 1 calc(85% - var(--stk-column-gap, 0px) * 1 \/ 2 ) !important;}}<\/style><div class=\"stk-column-wrapper stk-block-column__content stk-container stk-0edf370-container stk--no-background stk--no-padding\"><div class=\"stk-block-content stk-inner-blocks stk-0edf370-inner-blocks\">\n<div class=\"wp-block-stackable-heading stk-block-heading stk-block-heading--v2 stk-block stk-cc2ca26\" id=\"estadisticas-anuales-y-trimestrales\" data-block-id=\"cc2ca26\"><style>.stk-cc2ca26 {margin-bottom:6px !important;}.stk-cc2ca26 .stk-block-heading__text{font-size:20px !important;color:#2c5aa0 !important;}@media screen and (max-width:999px){.stk-cc2ca26 .stk-block-heading__text{font-size:20px !important;}}<\/style><h1 class=\"stk-block-heading__text has-text-color has-text-align-center\">Estad\u00edsticas Anuales y Trimestrales<\/h1><\/div>\n\n\n\n<div class=\"wp-block-stackable-tabs stk-block-tabs stk-block stk-d157340\" data-initial-tab=\"1\" data-block-id=\"d157340\"><style>.stk-d157340 .stk-block-tab-content .stk-block-content .stk-block-column[hidden]{display:none !important;}<\/style><div class=\"stk-row stk-inner-blocks stk-block-content stk-block-tabs--horizontal stk-block-tabs--fade stk-content-align stk-d157340-column\">\n<div class=\"wp-block-stackable-tab-labels stk-block-tab-labels stk-block stk-349389c stk-block-background is-style-centered-pills\" data-block-id=\"349389c\"><style>.stk-349389c .stk-block-tabs__tab{color:var(--theme-palette-color-7, #FAFBFC) !important;padding-top:8px !important;padding-right:24px !important;padding-bottom:8px !important;padding-left:24px !important;background:#2c5aa0 !important;border-top-left-radius:50px !important;border-top-right-radius:50px !important;border-bottom-right-radius:50px !important;border-bottom-left-radius:50px !important;}.stk-349389c .stk-block-tabs__tab.stk-block-tabs__tab--active .stk-block-tab-labels__text{color:#ffffff !important;}.stk-349389c {border-top-left-radius:50px !important;border-top-right-radius:50px !important;border-bottom-right-radius:50px !important;border-bottom-left-radius:50px !important;overflow:hidden !important;padding-top:8px !important;padding-right:8px !important;padding-bottom:8px !important;padding-left:8px !important;margin-right:auto !important;margin-left:auto !important;}.stk-349389c .stk-block-tab-labels__text{color:var(--theme-palette-color-7, #FAFBFC) !important;}.stk-349389c .stk-block-tabs__tab:not(.stk-block-tabs__tab--active):hover{background:#dddddd !important;opacity:1 !important;}.stk-349389c .stk-block-tabs__tab .stk--inner-svg svg:last-child, .stk-349389c .stk-block-tabs__tab .stk--inner-svg svg:last-child :is(g, path, rect, polygon, ellipse){fill:#777777 !important;}.stk-349389c .stk-block-tabs__tab:not(.stk-block-tabs__tab--active):hover .stk--inner-svg svg:last-child, .stk-349389c .stk-block-tabs__tab:not(.stk-block-tabs__tab--active):hover .stk--inner-svg svg:last-child :is(g, path, rect, polygon, ellipse){fill:#000000 !important;}.stk-349389c .stk-block-tabs__tab.stk-block-tabs__tab--active{background:#0089fc !important;}.stk-349389c .stk-block-tabs__tab.stk-block-tabs__tab--active .stk--inner-svg svg:last-child, .stk-349389c .stk-block-tabs__tab.stk-block-tabs__tab--active .stk--inner-svg svg:last-child :is(g, path, rect, polygon, ellipse){fill:#ffffff !important;}<\/style><div class=\"stk-block-tab-labels__wrapper\" role=\"tablist\"><button class=\"stk-block-tabs__tab\" role=\"tab\"><div class=\"stk-block-tab-labels__text\"><span>Indicadores Trimestrales<\/span><\/div><\/button><button class=\"stk-block-tabs__tab\" role=\"tab\"><div class=\"stk-block-tab-labels__text\"><span>Indicadores Anuales<\/span><\/div><\/button><\/div><\/div>\n\n\n\n<div class=\"wp-block-stackable-tab-content stk-block-tab-content stk-block stk-f88deed\" data-block-id=\"f88deed\"><div class=\"stk-row stk-inner-blocks stk-block-content stk-content-align stk-f88deed-column\">\n<div class=\"wp-block-stackable-column stk-block-column stk-column stk-block stk-4af46a2\" data-v=\"4\" role=\"tabpanel\" data-block-id=\"4af46a2\"><div class=\"stk-column-wrapper stk-block-column__content stk-container stk-4af46a2-container stk--no-background stk--no-padding\"><div class=\"stk-block-content stk-inner-blocks stk-4af46a2-inner-blocks\">\n<div class=\"wp-block-stackable-heading stk-block-heading stk-block-heading--v2 stk-block stk-691a704\" id=\"cuadros-estadisticos\" data-block-id=\"691a704\"><style>.stk-691a704 {margin-bottom:14px !important;}.stk-691a704 .stk-block-heading__text{font-size:20px !important;color:#2c5aa0 !important;}@media screen and (max-width:999px){.stk-691a704 .stk-block-heading__text{font-size:20px !important;}}<\/style><h2 class=\"stk-block-heading__text has-text-color has-text-align-center\">Cuadros Estad\u00edsticos<\/h2><\/div>\n\n\n\n<div class=\"wp-block-stackable-columns stk-block-columns stk-block stk-566435e stk-block-background\" data-block-id=\"566435e\"><style>.stk-566435e {background-color:#e9e9ec !important;border-top-left-radius:20px !important;border-top-right-radius:20px !important;border-bottom-right-radius:20px !important;border-bottom-left-radius:20px !important;overflow:hidden !important;margin-bottom:4px !important;}.stk-566435e:before{background-color:#e9e9ec !important;}<\/style><div class=\"stk-row stk-inner-blocks stk-block-content stk-content-align stk-566435e-column\">\n<div class=\"wp-block-stackable-column stk-block-column stk-column stk-block stk-b97a3f2\" data-v=\"4\" data-block-id=\"b97a3f2\"><div class=\"stk-column-wrapper stk-block-column__content stk-container stk-b97a3f2-container stk--no-background stk--no-padding\"><div class=\"stk-block-content stk-inner-blocks stk-b97a3f2-inner-blocks\">\n<div class=\"wp-block-stackable-columns stk-block-columns stk-block stk-bd3deb8\" data-block-id=\"bd3deb8\"><div class=\"stk-row stk-inner-blocks stk-block-content stk-content-align stk-bd3deb8-column\">\n<div class=\"wp-block-stackable-column stk-block-column stk-column stk-block stk-ee743d1\" data-v=\"4\" data-block-id=\"ee743d1\"><style>.stk-ee743d1 {align-self:center !important;}<\/style><div class=\"stk-column-wrapper stk-block-column__content stk-container stk-ee743d1-container stk--no-background stk--no-padding\"><div class=\"has-text-align-center stk-block-content stk-inner-blocks stk-ee743d1-inner-blocks\">\n<div class=\"wp-block-stackable-button-group stk-block-button-group stk-block stk-2c93404\" data-block-id=\"2c93404\"><style>.stk-2c93404 .stk-button-group{flex-direction:row !important;}.stk-2c93404 .stk-block-button, .stk-2c93404 .stk-block-icon-button{flex:1 0 0% !important;}@media screen and (max-width:999px){.stk-2c93404 .stk-button-group{flex-direction:row !important;}}@media screen and (max-width:689px){.stk-2c93404 .stk-button-group{flex-direction:row !important;}}<\/style><div class=\"stk-row stk-inner-blocks stk-block-content stk-button-group\">\n<div class=\"wp-block-stackable-button stk-block-button stk-block stk-3c21114\" data-block-id=\"3c21114\"><style>.stk-3c21114 .stk-button{border-top-left-radius:20px !important;border-top-right-radius:20px !important;border-bottom-right-radius:20px !important;border-bottom-left-radius:20px !important;}<\/style><a class=\"stk-link stk-button stk--hover-effect-darken\" href=\"https:\/\/conatel.gob.ve\/?page_id=4231\"><span class=\"stk-button__inner-text\"><strong>TELEFON\u00cdA FIJA<\/strong><\/span><\/a><\/div>\n<\/div><\/div>\n<\/div><\/div><\/div>\n\n\n\n<div class=\"wp-block-stackable-column stk-block-column stk-column stk-block stk-13028be\" data-v=\"4\" data-block-id=\"13028be\"><div class=\"stk-column-wrapper stk-block-column__content stk-container stk-13028be-container stk--no-background stk--no-padding\"><div class=\"has-text-align-center stk-block-content stk-inner-blocks stk-13028be-inner-blocks\">\n<div class=\"wp-block-stackable-button-group stk-block-button-group stk-block stk-7b9352c\" data-block-id=\"7b9352c\"><style>.stk-7b9352c .stk-button-group{flex-direction:row !important;}.stk-7b9352c .stk-block-button, .stk-7b9352c .stk-block-icon-button{flex:1 0 0% !important;}@media screen and (max-width:999px){.stk-7b9352c .stk-button-group{flex-direction:row !important;}}@media screen and (max-width:689px){.stk-7b9352c .stk-button-group{flex-direction:row !important;}}<\/style><div class=\"stk-row stk-inner-blocks has-text-align-center stk-block-content stk-button-group\">\n<div class=\"wp-block-stackable-button stk-block-button stk-block stk-0e46b5a\" data-block-id=\"0e46b5a\"><style>.stk-0e46b5a .stk-button{border-top-left-radius:20px !important;border-top-right-radius:20px !important;border-bottom-right-radius:20px !important;border-bottom-left-radius:20px !important;}<\/style><a class=\"stk-link stk-button stk--hover-effect-darken\" href=\"https:\/\/conatel.gob.ve\/?page_id=4312\"><span class=\"stk-button__inner-text\"><strong>TELEFON\u00cdA M\u00d3VIL<\/strong><\/span><\/a><\/div>\n<\/div><\/div>\n<\/div><\/div><\/div>\n\n\n\n<div class=\"wp-block-stackable-column stk-block-column stk-column stk-block stk-0ee6d57\" data-v=\"4\" data-block-id=\"0ee6d57\"><div class=\"stk-column-wrapper stk-block-column__content stk-container stk-0ee6d57-container stk--no-background stk--no-padding\"><div class=\"has-text-align-center stk-block-content stk-inner-blocks stk-0ee6d57-inner-blocks\">\n<div class=\"wp-block-stackable-button-group stk-block-button-group stk-block stk-11c7131\" data-block-id=\"11c7131\"><style>.stk-11c7131 .stk-button-group{flex-direction:row !important;}.stk-11c7131 .stk-block-button, .stk-11c7131 .stk-block-icon-button{flex:1 0 0% !important;}@media screen and (max-width:999px){.stk-11c7131 .stk-button-group{flex-direction:row !important;}}@media screen and (max-width:689px){.stk-11c7131 .stk-button-group{flex-direction:row !important;}}<\/style><div class=\"stk-row stk-inner-blocks has-text-align-center stk-block-content stk-button-group\">\n<div class=\"wp-block-stackable-button stk-block-button stk-block stk-014bbfe\" data-block-id=\"014bbfe\"><style>.stk-014bbfe .stk-button{border-top-left-radius:20px !important;border-top-right-radius:20px !important;border-bottom-right-radius:20px !important;border-bottom-left-radius:20px !important;}<\/style><a class=\"stk-link stk-button stk--hover-effect-darken\" href=\"https:\/\/conatel.gob.ve\/?page_id=4329\"><span class=\"stk-button__inner-text\"><strong>INTERNET<\/strong><\/span><\/a><\/div>\n<\/div><\/div>\n<\/div><\/div><\/div>\n<\/div><\/div>\n<\/div><\/div><\/div>\n<\/div><\/div>\n\n\n\n<div class=\"wp-block-stackable-columns stk-block-columns stk-block stk-d1c7c32 stk-block-background\" data-block-id=\"d1c7c32\"><style>.stk-d1c7c32 {background-color:#e9e9ec !important;border-top-left-radius:20px !important;border-top-right-radius:20px !important;border-bottom-right-radius:20px !important;border-bottom-left-radius:20px !important;overflow:hidden !important;}.stk-d1c7c32:before{background-color:#e9e9ec !important;}<\/style><div class=\"stk-row stk-inner-blocks stk-block-content stk-content-align stk-d1c7c32-column\">\n<div class=\"wp-block-stackable-column stk-block-column stk-column stk-block stk-7d822c9\" data-v=\"4\" data-block-id=\"7d822c9\"><div class=\"stk-column-wrapper stk-block-column__content stk-container stk-7d822c9-container stk--no-background stk--no-padding\"><div class=\"stk-block-content stk-inner-blocks stk-7d822c9-inner-blocks\">\n<div class=\"wp-block-stackable-columns stk-block-columns stk-block stk-65a6a8a\" data-block-id=\"65a6a8a\"><div class=\"stk-row stk-inner-blocks stk-block-content stk-content-align stk-65a6a8a-column\">\n<div class=\"wp-block-stackable-column stk-block-column stk-column stk-block stk-a1de1c3\" data-v=\"4\" data-block-id=\"a1de1c3\"><style>.stk-a1de1c3 {align-self:center !important;}<\/style><div class=\"stk-column-wrapper stk-block-column__content stk-container stk-a1de1c3-container stk--no-background stk--no-padding\"><div class=\"has-text-align-center stk-block-content stk-inner-blocks stk-a1de1c3-inner-blocks\">\n<div class=\"wp-block-stackable-button-group stk-block-button-group stk-block stk-f14ae8a\" data-block-id=\"f14ae8a\"><style>.stk-f14ae8a .stk-button-group{flex-direction:row !important;}.stk-f14ae8a .stk-block-button, .stk-f14ae8a .stk-block-icon-button{flex:1 0 0% !important;}@media screen and (max-width:999px){.stk-f14ae8a .stk-button-group{flex-direction:row !important;}}@media screen and (max-width:689px){.stk-f14ae8a .stk-button-group{flex-direction:row !important;}}<\/style><div class=\"stk-row stk-inner-blocks stk-block-content stk-button-group\">\n<div class=\"wp-block-stackable-button stk-block-button stk-block stk-28e2beb\" data-block-id=\"28e2beb\"><style>.stk-28e2beb .stk-button{border-top-left-radius:20px !important;border-top-right-radius:20px !important;border-bottom-right-radius:20px !important;border-bottom-left-radius:20px !important;}<\/style><a class=\"stk-link stk-button stk--hover-effect-darken\" href=\"https:\/\/conatel.gob.ve\/?page_id=4342\"><span class=\"stk-button__inner-text\"><strong>RADIOAFICIONADOS<\/strong><\/span><\/a><\/div>\n<\/div><\/div>\n<\/div><\/div><\/div>\n\n\n\n<div class=\"wp-block-stackable-column stk-block-column stk-column stk-block stk-d3bf872\" data-v=\"4\" data-block-id=\"d3bf872\"><div class=\"stk-column-wrapper stk-block-column__content stk-container stk-d3bf872-container stk--no-background stk--no-padding\"><div class=\"has-text-align-center stk-block-content stk-inner-blocks stk-d3bf872-inner-blocks\">\n<div class=\"wp-block-stackable-button-group stk-block-button-group stk-block stk-e135caf\" data-block-id=\"e135caf\"><style>.stk-e135caf .stk-button-group{flex-direction:row !important;}.stk-e135caf .stk-block-button, .stk-e135caf .stk-block-icon-button{flex:1 0 0% !important;}@media screen and (max-width:999px){.stk-e135caf .stk-button-group{flex-direction:row !important;}}@media screen and (max-width:689px){.stk-e135caf .stk-button-group{flex-direction:row !important;}}<\/style><div class=\"stk-row stk-inner-blocks has-text-align-center stk-block-content stk-button-group\">\n<div class=\"wp-block-stackable-button stk-block-button stk-block stk-9ae14ea\" data-block-id=\"9ae14ea\"><style>.stk-9ae14ea .stk-button{border-top-left-radius:20px !important;border-top-right-radius:20px !important;border-bottom-right-radius:20px !important;border-bottom-left-radius:20px !important;}<\/style><a class=\"stk-link stk-button stk--hover-effect-darken\" href=\"https:\/\/conatel.gob.ve\/?page_id=4388\"><span class=\"stk-button__inner-text\"><strong>DOMINIOS DE INTERNET<\/strong><\/span><\/a><\/div>\n<\/div><\/div>\n<\/div><\/div><\/div>\n\n\n\n<div class=\"wp-block-stackable-column stk-block-column stk-column stk-block stk-999b82d\" data-v=\"4\" data-block-id=\"999b82d\"><div class=\"stk-column-wrapper stk-block-column__content stk-container stk-999b82d-container stk--no-background stk--no-padding\"><div class=\"has-text-align-center stk-block-content stk-inner-blocks stk-999b82d-inner-blocks\">\n<div class=\"wp-block-stackable-button-group stk-block-button-group stk-block stk-c2e642e\" data-block-id=\"c2e642e\"><style>.stk-c2e642e .stk-button-group{flex-direction:row !important;}.stk-c2e642e .stk-block-button, .stk-c2e642e .stk-block-icon-button{flex:1 0 0% !important;}@media screen and (max-width:999px){.stk-c2e642e .stk-button-group{flex-direction:row !important;}}@media screen and (max-width:689px){.stk-c2e642e .stk-button-group{flex-direction:row !important;}}<\/style><div class=\"stk-row stk-inner-blocks has-text-align-center stk-block-content stk-button-group\">\n<div class=\"wp-block-stackable-button stk-block-button stk-block stk-a5471b5\" data-block-id=\"a5471b5\"><style>.stk-a5471b5 .stk-button{border-top-left-radius:20px !important;border-top-right-radius:20px !important;border-bottom-right-radius:20px !important;border-bottom-left-radius:20px !important;}<\/style><a class=\"stk-link stk-button stk--hover-effect-darken\" href=\"https:\/\/conatel.gob.ve\/?page_id=4397\"><span class=\"stk-button__inner-text\"><strong>DIFUSI\u00d3N POR SUSCRIPCI\u00d3N<\/strong><\/span><\/a><\/div>\n<\/div><\/div>\n<\/div><\/div><\/div>\n<\/div><\/div>\n<\/div><\/div><\/div>\n<\/div><\/div>\n<\/div><\/div><\/div>\n\n\n\n<div class=\"wp-block-stackable-column stk-block-column stk-column stk-block stk-34cab65\" data-v=\"4\" role=\"tabpanel\" data-block-id=\"34cab65\"><div class=\"stk-column-wrapper stk-block-column__content stk-container stk-34cab65-container stk--no-background stk--no-padding\"><div class=\"stk-block-content stk-inner-blocks stk-34cab65-inner-blocks\">\n<div class=\"wp-block-stackable-heading stk-block-heading stk-block-heading--v2 stk-block stk-edbcffb\" id=\"cuadros-estadisticos-2019\" data-block-id=\"edbcffb\"><style>.stk-edbcffb {margin-bottom:3px !important;}.stk-edbcffb .stk-block-heading__text{font-size:20px !important;color:#2c5aa0 !important;}@media screen and (max-width:999px){.stk-edbcffb .stk-block-heading__text{font-size:20px !important;}}<\/style><h2 class=\"stk-block-heading__text has-text-color\">Cuadros Estad\u00edsticos 2019<\/h2><\/div>\n\n\n\n<div class=\"wp-block-stackable-columns stk-block-columns stk-block stk-6d67e0b stk-block-background\" data-block-id=\"6d67e0b\"><style>.stk-6d67e0b {background-color:#96969e !important;border-top-left-radius:20px !important;border-top-right-radius:20px !important;border-bottom-right-radius:20px !important;border-bottom-left-radius:20px !important;overflow:hidden !important;}.stk-6d67e0b:before{background-color:#96969e !important;}<\/style><div class=\"stk-row stk-inner-blocks stk-block-content stk-content-align stk-6d67e0b-column\">\n<div class=\"wp-block-stackable-column stk-block-column stk-column stk-block stk-d47cea0\" data-v=\"4\" data-block-id=\"d47cea0\"><div class=\"stk-column-wrapper stk-block-column__content stk-container stk-d47cea0-container stk--no-background stk--no-padding\"><div class=\"stk-block-content stk-inner-blocks stk-d47cea0-inner-blocks\">\n<div class=\"wp-block-stackable-heading aligncenter stk-block-heading stk-block-heading--v2 stk-block stk-ccd551f\" id=\"informe-final-201\" data-block-id=\"ccd551f\"><style>.stk-ccd551f {margin-bottom:0px !important;}.stk-ccd551f .stk-block-heading__text{font-size:30px !important;color:var(--theme-palette-color-7, #FAFBFC) !important;}@media screen and (max-width:999px){.stk-ccd551f .stk-block-heading__text{font-size:30px !important;}}<\/style><h2 class=\"stk-block-heading__text has-text-color has-text-align-center\">Informe Final 2019<\/h2><\/div>\n\n\n\n<div class=\"wp-block-stackable-columns stk-block-columns stk-block stk-ff3d4bb\" data-block-id=\"ff3d4bb\"><div class=\"stk-row stk-inner-blocks stk-block-content stk-content-align stk-ff3d4bb-column\">\n<div class=\"wp-block-stackable-column stk-block-column stk-column stk-block stk-260b662\" data-v=\"4\" data-block-id=\"260b662\"><style>.stk-260b662 {align-self:center !important;}@media screen and (min-width:690px){.stk-260b662 {flex:var(--stk-flex-grow, 1) 1 calc(60% - var(--stk-column-gap, 0px) * 1 \/ 2 ) !important;}}<\/style><div class=\"stk-column-wrapper stk-block-column__content stk-container stk-260b662-container stk--no-background stk--no-padding\"><div class=\"stk-block-content stk-inner-blocks stk-260b662-inner-blocks\">\n<div class=\"wp-block-file alignright\"><a id=\"wp-block-file--media-e2ddb241-a60b-42af-b77d-a71b61cc4d7a\" href=\"..\/wp-content\/uploads\/2024\/09\/Presentacion_cifras_IV-2019.pdf\" target=\"_blank\" rel=\"noreferrer noopener\"><strong><span style=\"color: #ffffff;\" class=\"stk-highlight\">Cifras e Indicadores. A\u00f1o 2019<\/span><\/strong><\/a><\/div>\n<\/div><\/div><\/div>\n\n\n\n<div class=\"wp-block-stackable-column stk-block-column stk-column stk-block stk-cdd0db5\" data-v=\"4\" data-block-id=\"cdd0db5\"><style>@media screen and (min-width:690px){.stk-cdd0db5 {flex:var(--stk-flex-grow, 1) 1 calc(40% - var(--stk-column-gap, 0px) * 1 \/ 2 ) !important;}}<\/style><div class=\"stk-column-wrapper stk-block-column__content stk-container stk-cdd0db5-container stk--no-background stk--no-padding\"><div class=\"stk-block-content stk-inner-blocks stk-cdd0db5-inner-blocks\">\n<div class=\"wp-block-file\"><a id=\"wp-block-file--media-3826dd1d-94e3-4d96-84f9-cc3617374141\" href=\"..\/wp-content\/uploads\/2024\/09\/Presentacion_cifras_IV-2019-1.pdf\" target=\"_blank\" rel=\"noreferrer noopener\"><img decoding=\"async\" width=\"50\" height=\"50\" class=\"wp-image-2399\" style=\"width: 50px;\" src=\"..\/wp-content\/uploads\/2024\/09\/logo_descarga_pdf-e1726154348342.png\" alt=\"\"><\/a><\/div>\n<\/div><\/div><\/div>\n<\/div><\/div>\n<\/div><\/div><\/div>\n<\/div><\/div>\n\n\n\n<div class=\"wp-block-stackable-heading stk-block-heading stk-block-heading--v2 stk-block stk-6eec6a3\" id=\"cuadros-estadisticos-2018\" data-block-id=\"6eec6a3\"><style>.stk-6eec6a3 {margin-bottom:3px !important;}.stk-6eec6a3 .stk-block-heading__text{font-size:20px !important;color:#2c5aa0 !important;}@media screen and (max-width:999px){.stk-6eec6a3 .stk-block-heading__text{font-size:20px !important;}}<\/style><h2 class=\"stk-block-heading__text has-text-color\">Cuadros Estad\u00edsticos 2018<\/h2><\/div>\n\n\n\n<div class=\"wp-block-stackable-columns stk-block-columns stk-block stk-796cd33 stk-block-background\" data-block-id=\"796cd33\"><style>.stk-796cd33 {background-color:#96969e !important;border-top-left-radius:20px !important;border-top-right-radius:20px !important;border-bottom-right-radius:20px !important;border-bottom-left-radius:20px !important;overflow:hidden !important;}.stk-796cd33:before{background-color:#96969e !important;}<\/style><div class=\"stk-row stk-inner-blocks stk-block-content stk-content-align stk-796cd33-column\">\n<div class=\"wp-block-stackable-column stk-block-column stk-column stk-block stk-34b2f61\" data-v=\"4\" data-block-id=\"34b2f61\"><div class=\"stk-column-wrapper stk-block-column__content stk-container stk-34b2f61-container stk--no-background stk--no-padding\"><div class=\"has-text-align-center stk-block-content stk-inner-blocks stk-34b2f61-inner-blocks\">\n<div class=\"wp-block-stackable-heading stk-block-heading stk-block-heading--v2 stk-block stk-8e79526\" id=\"informe-final-2018\" data-block-id=\"8e79526\"><style>.stk-8e79526 {margin-bottom:0px !important;}.stk-8e79526 .stk-block-heading__text{font-size:30px !important;color:var(--theme-palette-color-7, #FAFBFC) !important;}@media screen and (max-width:999px){.stk-8e79526 .stk-block-heading__text{font-size:30px !important;}}<\/style><h2 class=\"stk-block-heading__text has-text-color\">Informe Final 2018<\/h2><\/div>\n\n\n\n<div class=\"wp-block-stackable-columns stk-block-columns stk-block stk-60a22d1\" data-block-id=\"60a22d1\"><div class=\"stk-row stk-inner-blocks stk-block-content stk-content-align stk-60a22d1-column\">\n<div class=\"wp-block-stackable-column stk-block-column stk-column stk-block stk-13132c4\" data-v=\"4\" data-block-id=\"13132c4\"><style>.stk-13132c4 {align-self:center !important;}@media screen and (min-width:690px){.stk-13132c4 {flex:var(--stk-flex-grow, 1) 1 calc(60% - var(--stk-column-gap, 0px) * 1 \/ 2 ) !important;}}<\/style><div class=\"stk-column-wrapper stk-block-column__content stk-container stk-13132c4-container stk--no-background stk--no-padding\"><div class=\"has-text-align-right stk-block-content stk-inner-blocks stk-13132c4-inner-blocks\">\n<div class=\"wp-block-file\"><a id=\"wp-block-file--media-aff0f7b2-db5c-43ca-8f08-af922542a87c\" href=\"..\/wp-content\/uploads\/2024\/09\/Presentacion_cifras_IV-2018.pdf\" target=\"_blank\" rel=\"noreferrer noopener\"><span style=\"color: #ffffff;\" class=\"stk-highlight\"><strong>Cifras e Indicadores. A\u00f1o 201<\/strong>8<\/span><\/a><\/div>\n<\/div><\/div><\/div>\n\n\n\n<div class=\"wp-block-stackable-column stk-block-column stk-column stk-block stk-af48abd\" data-v=\"4\" data-block-id=\"af48abd\"><style>@media screen and (min-width:690px){.stk-af48abd {flex:var(--stk-flex-grow, 1) 1 calc(40% - var(--stk-column-gap, 0px) * 1 \/ 2 ) !important;}}<\/style><div class=\"stk-column-wrapper stk-block-column__content stk-container stk-af48abd-container stk--no-background stk--no-padding\"><div class=\"has-text-align-left stk-block-content stk-inner-blocks stk-af48abd-inner-blocks\">\n<div class=\"wp-block-file alignleft\"><a id=\"wp-block-file--media-f648f7cf-c6c4-4b93-a70e-f68c87f76194\" href=\"..\/wp-content\/uploads\/2024\/09\/Presentacion_cifras_IV-2018.pdf\" target=\"_blank\" rel=\"noreferrer noopener\"><img decoding=\"async\" width=\"50\" height=\"50\" class=\"wp-image-2399\" style=\"width: 50px;\" src=\"..\/wp-content\/uploads\/2024\/09\/logo_descarga_pdf-e1726154348342.png\" alt=\"\"><\/a><\/div>\n<\/div><\/div><\/div>\n<\/div><\/div>\n<\/div><\/div><\/div>\n<\/div><\/div>\n<\/div><\/div><\/div>\n<\/div><\/div>\n<\/div><\/div>\n<\/div><\/div><\/div>\n<\/div><\/div>\n\n\n\n<p><\/p>\n","protected":false},"excerpt":{"rendered":"<p>Estad\u00edsticas Anuales y Trimestrales Indicadores Trimestrales Indicadores Anuales Cuadros Estad\u00edsticos TELEFON\u00cdA FIJA TELEFON\u00cdA M\u00d3VIL INTERNET RADIOAFICIONADOS DOMINIOS DE INTERNET DIFUSI\u00d3N POR SUSCRIPCI\u00d3N Cuadros Estad\u00edsticos 2019 Informe Final 2019 Cuadros Estad\u00edsticos 2018 Informe Final 2018<\/p>\n","protected":false},"author":7,"featured_media":0,"parent":0,"menu_order":0,"comment_status":"closed","ping_status":"closed","template":"","meta":{"footnotes":""},"class_list":["post-1948","page","type-page","status-publish","hentry"],"blocksy_meta":[],"_links":{"self":[{"href":"https:\/\/conatel.gob.ve\/index.php?rest_route=\/wp\/v2\/pages\/1948","targetHints":{"allow":["GET"]}}],"collection":[{"href":"https:\/\/conatel.gob.ve\/index.php?rest_route=\/wp\/v2\/pages"}],"about":[{"href":"https:\/\/conatel.gob.ve\/index.php?rest_route=\/wp\/v2\/types\/page"}],"author":[{"embeddable":true,"href":"https:\/\/conatel.gob.ve\/index.php?rest_route=\/wp\/v2\/users\/7"}],"replies":[{"embeddable":true,"href":"https:\/\/conatel.gob.ve\/index.php?rest_route=%2Fwp%2Fv2%2Fcomments&post=1948"}],"version-history":[{"count":59,"href":"https:\/\/conatel.gob.ve\/index.php?rest_route=\/wp\/v2\/pages\/1948\/revisions"}],"predecessor-version":[{"id":4405,"href":"https:\/\/conatel.gob.ve\/index.php?rest_route=\/wp\/v2\/pages\/1948\/revisions\/4405"}],"wp:attachment":[{"href":"https:\/\/conatel.gob.ve\/index.php?rest_route=%2Fwp%2Fv2%2Fmedia&parent=1948"}],"curies":[{"name":"wp","href":"https:\/\/api.w.org\/{rel}","templated":true}]}}