{"id":2794,"date":"2024-09-16T12:09:31","date_gmt":"2024-09-16T16:09:31","guid":{"rendered":"http:\/\/conatel.qa\/?page_id=2794"},"modified":"2024-11-14T08:52:48","modified_gmt":"2024-11-14T12:52:48","slug":"foto-5","status":"publish","type":"page","link":"https:\/\/conatel.gob.ve\/?page_id=2794","title":{"rendered":"38 Habilitados: CONATEL reivindica a Medios Comunitarios y Alternativos para fortalecer sistema de comunicaci\u00f3n popular de Venezuela"},"content":{"rendered":"\n<div class=\"wp-block-stackable-heading stk-block-heading stk-block-heading--v2 stk-block stk-126be4b\" id=\"38-habilitados-conatel-reivindica-a-medios-comunitarios-y-alternativos-para-fortalecer-sistema-de-comunicacion-popular-de-venezuela\" data-block-id=\"126be4b\"><style>.stk-126be4b {margin-top:20px !important;}.stk-126be4b .stk-block-heading__text{font-size:24px !important;}@media screen and (max-width:999px){.stk-126be4b .stk-block-heading__text{font-size:24px !important;}}<\/style><h2 class=\"stk-block-heading__text has-text-align-center\">38 Habilitados: CONATEL reivindica a Medios Comunitarios y Alternativos para fortalecer sistema de comunicaci\u00f3n popular de Venezuela<\/h2><\/div>\n\n\n\n<p><em><strong>CONATEL hizo entrega de los respectivos t\u00edtulos administrativos para su operatividad en el pa\u00eds a 38 Medios Comunitarios y Alternativos para fortalecer el sistema de comunicaci\u00f3n popular de Venezuela.<\/strong><\/em><\/p>\n\n\n\n<div class=\"wp-block-stackable-image stk-block-image stk-block stk-bfd62b3\" data-block-id=\"bfd62b3\"><style>.stk-bfd62b3 .stk-img-wrapper{width:80% !important;height:320px !important;}@media screen and (max-width:689px){.stk-bfd62b3 {margin-top:125px !important;top:-100px !important;bottom:-100px !important;}.stk-bfd62b3 .stk-img-wrapper{width:100% !important;height:150px !important;}.stk-bfd62b3 .stk-img-wrapper img{object-fit:scale-down !important;}}<\/style><figure><span class=\"stk-img-wrapper stk-image--shape-stretch\"><img fetchpriority=\"high\" decoding=\"async\" class=\"stk-img wp-image-2760\" src=\"http:\/\/conatel.qa\/wp-content\/uploads\/2024\/09\/5-scaled.jpg\" width=\"2560\" height=\"827\" srcset=\"https:\/\/conatel.gob.ve\/wp-content\/uploads\/2024\/09\/5-scaled.jpg 2560w, https:\/\/conatel.gob.ve\/wp-content\/uploads\/2024\/09\/5-300x97.jpg 300w, https:\/\/conatel.gob.ve\/wp-content\/uploads\/2024\/09\/5-1024x331.jpg 1024w, https:\/\/conatel.gob.ve\/wp-content\/uploads\/2024\/09\/5-768x248.jpg 768w, https:\/\/conatel.gob.ve\/wp-content\/uploads\/2024\/09\/5-1536x496.jpg 1536w, https:\/\/conatel.gob.ve\/wp-content\/uploads\/2024\/09\/5-2048x662.jpg 2048w\" sizes=\"(max-width: 2560px) 100vw, 2560px\" \/><\/span><\/figure><\/div>\n\n\n\n<p class=\"justificar\"><strong>La Comisi\u00f3n Nacional de Telecomunicaciones (CONATEL)<\/strong>, comprometida con la democratizaci\u00f3n del espectro radioel\u00e9ctrico y a favor de la inclusi\u00f3n del Poder Popular en todo el proceso comunicacional del pa\u00eds, habilit\u00f3 este 12 de julio a 38 Medios Comunitarios y Alternativos como parte de la visi\u00f3n estrat\u00e9gica del <strong>Comandante Hugo Ch\u00e1vez y el Presidente Obrero Nicol\u00e1s Maduro Moros<\/strong>, para empoderar al pueblo y continuar diciendo la verdad de Venezuela y de la Revoluci\u00f3n Bolivariana.<\/p>\n\n\n\n<p class=\"justificar\">Este trabajo se viene realizando con la visita a cada medio comunitario por estado, con el acompa\u00f1amiento del Poder Popular de la Asamblea Nacional, el Ministerio del Poder Popular para la Comunicaci\u00f3n y la Informaci\u00f3n, el Ministerio del Poder Popular para las Comunas y Movimientos Sociales y el ente regulador. <\/p>\n\n\n\n<p class=\"justificar\">En este sentido el Vicepresidente Sectorial de Obras P\u00fablicas y Servicos y <strong>Director General de CONATEL, G\/D Jorge Eli\u00e9ser M\u00e1rquez Monsalve<\/strong>, hizo entrega de 38 t\u00edtulos administrativos para hacer uso y explotaci\u00f3n del espectro radioel\u00e9ctrico a trav\u00e9s de la habilitaci\u00f3n y concesiones correspondientes.<\/p>\n\n\n\n<p class=\"justificar\">Para el General M\u00e1rquez, los Medios Comunitarios y Alternativos son una parte importante del proceso comunicacional de Venezuela y son la bandera del pueblo para contar las verdades de la patria, desde un punto de vista social y siempre respetando el marco legal vigente.<\/p>\n\n\n\n<p class=\"justificar\">\u201cQuiero dar mis palabras de felicitaci\u00f3n, reconocimiento y agradecimiento por el esfuerzo que hacen a diario, ustedes son el ca\u00f1\u00f3n de la Revoluci\u00f3n\u201d, destac\u00f3 el Director General de <strong>CONATEL<\/strong>, y reiter\u00f3 la completa disposici\u00f3n del <strong>presidente, Nicol\u00e1s Maduro Moros<\/strong>, para ayudar al impulso de los <strong>Medios Comunitarios y Alternativos<\/strong>. <\/p>\n\n\n\n<p class=\"justificar\">\u201cLes repito a ustedes, se\u00f1ores integrantes de Los Medios Comunitarios y Alternativos, esta es su casa y <strong>CONATEL<\/strong>, siempre estar\u00e1 para ayudarlos (\u2026) Sigan adelante, nosotros somos due\u00f1os de la verdad\u201d, agreg\u00f3.<\/p>\n\n\n\n<p class=\"justificar\">Por su parte, el representante de Radio Urimare, <strong>Jos\u00e9 Correa, ganadora del Premio Nacional de Periodismo 2024<\/strong> en la categor\u00eda de Medios Comunitarios y Alternativos, agradeci\u00f3 en nombre de todos los presentes a <strong>CONATEL<\/strong> por el apoyo en el proceso de regularizaci\u00f3n de estos medios, y destac\u00f3 la dura lucha por la verdad y la comunicaci\u00f3n plural que han dado desde hace d\u00e9cadas los comunicadores populares, cuyo ejemplo siguen las nuevas generaciones.<\/p>\n\n\n\n<p><\/p>\n","protected":false},"excerpt":{"rendered":"<p>38 Habilitados: CONATEL reivindica a Medios Comunitarios y Alternativos para fortalecer sistema de comunicaci\u00f3n popular de Venezuela CONATEL hizo entrega de los respectivos t\u00edtulos administrativos para su operatividad en el pa\u00eds a 38 Medios Comunitarios y Alternativos para fortalecer el sistema de comunicaci\u00f3n popular de Venezuela. La Comisi\u00f3n Nacional de Telecomunicaciones (CONATEL), comprometida con la [&hellip;]<\/p>\n","protected":false},"author":7,"featured_media":0,"parent":0,"menu_order":0,"comment_status":"closed","ping_status":"closed","template":"","meta":{"footnotes":""},"class_list":["post-2794","page","type-page","status-publish","hentry"],"blocksy_meta":[],"_links":{"self":[{"href":"https:\/\/conatel.gob.ve\/index.php?rest_route=\/wp\/v2\/pages\/2794","targetHints":{"allow":["GET"]}}],"collection":[{"href":"https:\/\/conatel.gob.ve\/index.php?rest_route=\/wp\/v2\/pages"}],"about":[{"href":"https:\/\/conatel.gob.ve\/index.php?rest_route=\/wp\/v2\/types\/page"}],"author":[{"embeddable":true,"href":"https:\/\/conatel.gob.ve\/index.php?rest_route=\/wp\/v2\/users\/7"}],"replies":[{"embeddable":true,"href":"https:\/\/conatel.gob.ve\/index.php?rest_route=%2Fwp%2Fv2%2Fcomments&post=2794"}],"version-history":[{"count":12,"href":"https:\/\/conatel.gob.ve\/index.php?rest_route=\/wp\/v2\/pages\/2794\/revisions"}],"predecessor-version":[{"id":4050,"href":"https:\/\/conatel.gob.ve\/index.php?rest_route=\/wp\/v2\/pages\/2794\/revisions\/4050"}],"wp:attachment":[{"href":"https:\/\/conatel.gob.ve\/index.php?rest_route=%2Fwp%2Fv2%2Fmedia&parent=2794"}],"curies":[{"name":"wp","href":"https:\/\/api.w.org\/{rel}","templated":true}]}}