{"id":3582,"date":"2024-10-04T16:21:02","date_gmt":"2024-10-04T20:21:02","guid":{"rendered":"https:\/\/conatel.gob.ve\/?page_id=3582"},"modified":"2024-10-10T10:44:39","modified_gmt":"2024-10-10T14:44:39","slug":"fondo-de-responsabilidad-social-de-conatel-y-uav-certificaron-a-75-nuevos-productores-audiovisuales","status":"publish","type":"page","link":"https:\/\/conatel.gob.ve\/?page_id=3582","title":{"rendered":"Fondo de Responsabilidad Social de Conatel y UAV certificaron a 75 nuevos productores audiovisuales"},"content":{"rendered":"\n<div class=\"wp-block-stackable-heading stk-block-heading stk-block-heading--v2 stk-block stk-6f5737c\" id=\"fondo-de-responsabilidad-social-de-conatel-y-uav-certificaron-a-75-nuevos-productores-audiovisuales\" data-block-id=\"6f5737c\"><style>.stk-6f5737c {margin-top:20px !important;margin-bottom:15px !important;}.stk-6f5737c .stk-block-heading__text{font-size:24px !important;}@media screen and (max-width:999px){.stk-6f5737c .stk-block-heading__text{font-size:24px !important;}}<\/style><h2 class=\"stk-block-heading__text has-text-align-center\">Fondo de Responsabilidad Social de Conatel y UAV certificaron a 75 nuevos productores audiovisuales<\/h2><\/div>\n\n\n\n<p><strong><em>Los participantes recibieron certificados en las menciones: Producci\u00f3n Audiovisual, Promoci\u00f3n y Marketing Audiovisual y Construcci\u00f3n de la Semiosis en la Narrativa Audiovisual.<\/em><\/strong><\/p>\n\n\n\n<div class=\"wp-block-stackable-image stk-block-image stk-block stk-7abb213\" data-block-id=\"7abb213\"><style>.stk-7abb213 .stk-img-wrapper{width:80% !important;height:320px !important;}@media screen and (max-width:689px){.stk-7abb213 .stk-img-wrapper{width:91% !important;height:91px !important;}.stk-7abb213 .stk-img-wrapper img{object-fit:scale-down !important;}}<\/style><figure><span class=\"stk-img-wrapper stk-image--shape-stretch\"><img fetchpriority=\"high\" decoding=\"async\" class=\"stk-img wp-image-3583\" src=\"https:\/\/conatel.gob.ve\/wp-content\/uploads\/2024\/10\/FONDO-RESPO-NOTA-1920-07-07-1.png\" width=\"1920\" height=\"620\" srcset=\"https:\/\/conatel.gob.ve\/wp-content\/uploads\/2024\/10\/FONDO-RESPO-NOTA-1920-07-07-1.png 1920w, https:\/\/conatel.gob.ve\/wp-content\/uploads\/2024\/10\/FONDO-RESPO-NOTA-1920-07-07-1-300x97.png 300w, https:\/\/conatel.gob.ve\/wp-content\/uploads\/2024\/10\/FONDO-RESPO-NOTA-1920-07-07-1-1024x331.png 1024w, https:\/\/conatel.gob.ve\/wp-content\/uploads\/2024\/10\/FONDO-RESPO-NOTA-1920-07-07-1-768x248.png 768w, https:\/\/conatel.gob.ve\/wp-content\/uploads\/2024\/10\/FONDO-RESPO-NOTA-1920-07-07-1-1536x496.png 1536w\" sizes=\"(max-width: 1920px) 100vw, 1920px\" \/><\/span><\/figure><\/div>\n\n\n\n<p class=\"justificar\">Un total de 75 estudiantes recibieron sus certificados tras haber participado en tres <strong>diplomados de Producci\u00f3n Audiovisual<\/strong> financiados por el <strong>Fondo de Responsabilidad Social de la Comisi\u00f3n Nacional de Telecomunicaciones (CONATEL).<\/strong><\/p>\n\n\n\n<p class=\"justificar\">Estos diplomados, que son iniciativa de la <strong>Universidad Audiovisual de Venezuela (UAV)<\/strong> \u201cManuel Trujillo Dur\u00e1n\u201d y que fueron desarrollados en los espacios de esta casa de estudios, ofrecen a los venezolanos la oportunidad de adquirir habilidades y conocimientos en el \u00e1rea de la producci\u00f3n, sin necesidad de tener un t\u00edtulo universitario.<\/p>\n\n\n\n<p class=\"justificar\">Es importante destacar que este tipo de propuestas forman parte de las pol\u00edticas del Gobierno del presidente Nicol\u00e1s Maduro, ejecutadas por el director general de <strong>CONATEL<\/strong>, <strong>M\/G Jorge Eli\u00e9ser M\u00e1rquez Monsalve<\/strong>, para garantizar la formaci\u00f3n de estudiantes y profesionales venezolanos en los procesos relacionados con la comunicaci\u00f3n.<\/p>\n\n\n\n<p class=\"justificar\" style=\"margin-bottom:var(--wp--preset--spacing--40)\">Los participantes recibieron certificados en las menciones: Producci\u00f3n Audiovisual, Promoci\u00f3n y Marketing Audiovisual y Construcci\u00f3n de la Semiosis en la Narrativa Audiovisual. <\/p>\n","protected":false},"excerpt":{"rendered":"<p>Fondo de Responsabilidad Social de Conatel y UAV certificaron a 75 nuevos productores audiovisuales Los participantes recibieron certificados en las menciones: Producci\u00f3n Audiovisual, Promoci\u00f3n y Marketing Audiovisual y Construcci\u00f3n de la Semiosis en la Narrativa Audiovisual. Un total de 75 estudiantes recibieron sus certificados tras haber participado en tres diplomados de Producci\u00f3n Audiovisual financiados por [&hellip;]<\/p>\n","protected":false},"author":7,"featured_media":0,"parent":0,"menu_order":0,"comment_status":"closed","ping_status":"closed","template":"","meta":{"footnotes":""},"class_list":["post-3582","page","type-page","status-publish","hentry"],"blocksy_meta":[],"_links":{"self":[{"href":"https:\/\/conatel.gob.ve\/index.php?rest_route=\/wp\/v2\/pages\/3582","targetHints":{"allow":["GET"]}}],"collection":[{"href":"https:\/\/conatel.gob.ve\/index.php?rest_route=\/wp\/v2\/pages"}],"about":[{"href":"https:\/\/conatel.gob.ve\/index.php?rest_route=\/wp\/v2\/types\/page"}],"author":[{"embeddable":true,"href":"https:\/\/conatel.gob.ve\/index.php?rest_route=\/wp\/v2\/users\/7"}],"replies":[{"embeddable":true,"href":"https:\/\/conatel.gob.ve\/index.php?rest_route=%2Fwp%2Fv2%2Fcomments&post=3582"}],"version-history":[{"count":6,"href":"https:\/\/conatel.gob.ve\/index.php?rest_route=\/wp\/v2\/pages\/3582\/revisions"}],"predecessor-version":[{"id":3647,"href":"https:\/\/conatel.gob.ve\/index.php?rest_route=\/wp\/v2\/pages\/3582\/revisions\/3647"}],"wp:attachment":[{"href":"https:\/\/conatel.gob.ve\/index.php?rest_route=%2Fwp%2Fv2%2Fmedia&parent=3582"}],"curies":[{"name":"wp","href":"https:\/\/api.w.org\/{rel}","templated":true}]}}