{"id":3787,"date":"2024-10-24T16:16:17","date_gmt":"2024-10-24T20:16:17","guid":{"rendered":"https:\/\/conatel.gob.ve\/?page_id=3787"},"modified":"2024-12-27T14:00:52","modified_gmt":"2024-12-27T18:00:52","slug":"concurso-no-conatel-oga-ca-013-2024","status":"publish","type":"page","link":"https:\/\/conatel.gob.ve\/?page_id=3787","title":{"rendered":"CONCURSO N\u00ba CONATEL-OGA-CA-013-2024"},"content":{"rendered":"\n<p><\/p>\n\n\n\n<div class=\"wp-block-stackable-heading stk-block-heading stk-block-heading--v2 stk-block stk-8d11f65\" id=\"adquisicion-de-combos-hallaqueros-y-pernil-para-el-personal-activo-jubilados-y-pensionados-de-la-comision-nacional-de-telecomunicaciones-conatel-correspondiente-al-mes-de-diciembre-del-ano-2024\" data-block-id=\"8d11f65\"><h5 class=\"stk-block-heading__text has-text-align-center\">ADQUISICI\u00d3N DE COMBOS HALLAQUEROS Y PERNIL PARA EL PERSONAL ACTIVO, JUBILADOS Y PENSIONADOS DE LA COMISI\u00d3N NACIONAL DE TELECOMUNICACIONES (CONATEL), CORRESPONDIENTE AL MES DE DICIEMBRE DEL A\u00d1O 2024<\/h5><\/div>\n\n\n\n<div class=\"wp-block-stackable-columns stk-block-columns stk-block stk-db8fdc4\" data-block-id=\"db8fdc4\"><div class=\"stk-row stk-inner-blocks stk-block-content stk-content-align stk-db8fdc4-column\">\n<div class=\"wp-block-stackable-column stk-block-column stk-column stk-block stk-ec293ed\" data-v=\"4\" data-block-id=\"ec293ed\"><style>@media screen and (min-width:690px){.stk-ec293ed {flex:var(--stk-flex-grow, 1) 1 calc(2.3% - var(--stk-column-gap, 0px) * 2 \/ 3 ) !important;}}<\/style><div class=\"stk-column-wrapper stk-block-column__content stk-container stk-ec293ed-container stk--no-background stk--no-padding\"><div class=\"stk-block-content stk-inner-blocks stk-ec293ed-inner-blocks\"><\/div><\/div><\/div>\n\n\n\n<div class=\"wp-block-stackable-column stk-block-column stk-column stk-block stk-cd380c0\" data-v=\"4\" data-block-id=\"cd380c0\"><style>@media screen and (min-width:690px){.stk-cd380c0 {flex:var(--stk-flex-grow, 1) 1 calc(95.3% - var(--stk-column-gap, 0px) * 2 \/ 3 ) !important;}}<\/style><div class=\"stk-column-wrapper stk-block-column__content stk-container stk-cd380c0-container stk--no-background stk--no-padding\"><div class=\"stk-block-content stk-inner-blocks stk-cd380c0-inner-blocks\">\n<div data-wp-interactive=\"core\/file\" class=\"wp-block-file\"><object data-wp-bind--hidden=\"!state.hasPdfPreview\" hidden class=\"wp-block-file__embed\" data=\"https:\/\/conatel.gob.ve\/wp-content\/uploads\/2024\/10\/LLAMADO-A-CONCURSO-No-CONATEL-OGA-CA-013-2024-final.pdf\" type=\"application\/pdf\" style=\"width:100%;height:600px\" aria-label=\"Incrustado de LLAMADO A CONCURSO N\u00ba CONATEL-OGA-CA-013-2024.\"><\/object><a id=\"wp-block-file--media-e464fb0b-17d4-4a77-97d3-1fbaa6aaae7c\" href=\"https:\/\/conatel.gob.ve\/wp-content\/uploads\/2024\/10\/LLAMADO-A-CONCURSO-No-CONATEL-OGA-CA-013-2024-final.pdf\">LLAMADO A CONCURSO N\u00ba CONATEL-OGA-CA-013-2024<\/a><a href=\"https:\/\/conatel.gob.ve\/wp-content\/uploads\/2024\/10\/LLAMADO-A-CONCURSO-No-CONATEL-OGA-CA-013-2024-final.pdf\" class=\"wp-block-file__button wp-element-button\" download aria-describedby=\"wp-block-file--media-e464fb0b-17d4-4a77-97d3-1fbaa6aaae7c\">Descarga<\/a><\/div>\n<\/div><\/div><\/div>\n\n\n\n<div class=\"wp-block-stackable-column stk-block-column stk-column stk-block stk-0e687c1\" data-v=\"4\" data-block-id=\"0e687c1\"><style>@media screen and (min-width:690px){.stk-0e687c1 {flex:var(--stk-flex-grow, 1) 1 calc(2.4% - var(--stk-column-gap, 0px) * 2 \/ 3 ) !important;}}<\/style><div class=\"stk-column-wrapper stk-block-column__content stk-container stk-0e687c1-container stk--no-background stk--no-padding\"><div class=\"stk-block-content stk-inner-blocks stk-0e687c1-inner-blocks\"><\/div><\/div><\/div>\n<\/div><\/div>\n","protected":false},"excerpt":{"rendered":"<p>ADQUISICI\u00d3N DE COMBOS HALLAQUEROS Y PERNIL PARA EL PERSONAL ACTIVO, JUBILADOS Y PENSIONADOS DE LA COMISI\u00d3N NACIONAL DE TELECOMUNICACIONES (CONATEL), CORRESPONDIENTE AL MES DE DICIEMBRE DEL A\u00d1O 2024<\/p>\n","protected":false},"author":7,"featured_media":0,"parent":0,"menu_order":0,"comment_status":"closed","ping_status":"closed","template":"","meta":{"footnotes":""},"class_list":["post-3787","page","type-page","status-publish","hentry"],"blocksy_meta":[],"_links":{"self":[{"href":"https:\/\/conatel.gob.ve\/index.php?rest_route=\/wp\/v2\/pages\/3787","targetHints":{"allow":["GET"]}}],"collection":[{"href":"https:\/\/conatel.gob.ve\/index.php?rest_route=\/wp\/v2\/pages"}],"about":[{"href":"https:\/\/conatel.gob.ve\/index.php?rest_route=\/wp\/v2\/types\/page"}],"author":[{"embeddable":true,"href":"https:\/\/conatel.gob.ve\/index.php?rest_route=\/wp\/v2\/users\/7"}],"replies":[{"embeddable":true,"href":"https:\/\/conatel.gob.ve\/index.php?rest_route=%2Fwp%2Fv2%2Fcomments&post=3787"}],"version-history":[{"count":10,"href":"https:\/\/conatel.gob.ve\/index.php?rest_route=\/wp\/v2\/pages\/3787\/revisions"}],"predecessor-version":[{"id":3803,"href":"https:\/\/conatel.gob.ve\/index.php?rest_route=\/wp\/v2\/pages\/3787\/revisions\/3803"}],"wp:attachment":[{"href":"https:\/\/conatel.gob.ve\/index.php?rest_route=%2Fwp%2Fv2%2Fmedia&parent=3787"}],"curies":[{"name":"wp","href":"https:\/\/api.w.org\/{rel}","templated":true}]}}