{"id":3975,"date":"2024-11-08T21:48:26","date_gmt":"2024-11-09T01:48:26","guid":{"rendered":"https:\/\/conatel.gob.ve\/?page_id=3975"},"modified":"2024-11-08T21:55:28","modified_gmt":"2024-11-09T01:55:28","slug":"conatel-llega-hasta-tu-empresa","status":"publish","type":"page","link":"https:\/\/conatel.gob.ve\/?page_id=3975","title":{"rendered":"CONATEL llega hasta tu empresa"},"content":{"rendered":"\n<div class=\"wp-block-stackable-heading stk-block-heading stk-block-heading--v2 stk-block stk-999b7bb\" id=\"conatel-llega-hasta-tu-empresa-capacitado-nuevo-grupo-de-trabajadores-en-inteligencia-artificial\" data-block-id=\"999b7bb\"><style>.stk-999b7bb {margin-top:20px !important;}.stk-999b7bb .stk-block-heading__text{font-size:24px !important;}@media screen and (max-width:999px){.stk-999b7bb .stk-block-heading__text{font-size:24px !important;}}<\/style><h1 class=\"stk-block-heading__text has-text-align-center\">CONATEL llega hasta tu empresa: capacitado nuevo grupo de trabajadores en Inteligencia Artificial<\/h1><\/div>\n\n\n\n<p><strong><em>CONATEL ofreci\u00f3 el Curso de Inteligencia Artificial a trabajadores de Alucasa en Guacara estado Carabobo, para seguir impulsando las telecomunicaciones en el pa\u00eds a trav\u00e9s de la IA como herramienta necesaria.<\/em><\/strong><\/p>\n\n\n\n<div class=\"wp-block-stackable-image stk-block-image stk-block stk-8478489\" data-block-id=\"8478489\"><style>.stk-8478489 .stk-img-wrapper{width:80% !important;height:320px !important;}.stk-8478489 .stk-img-wrapper img{object-fit:scale-down !important;}@media screen and (max-width:689px){.stk-8478489 .stk-img-wrapper{width:93% !important;height:96px !important;}}<\/style><figure><span class=\"stk-img-wrapper stk-image--shape-stretch\"><img fetchpriority=\"high\" decoding=\"async\" class=\"stk-img wp-image-3976\" src=\"https:\/\/conatel.gob.ve\/wp-content\/uploads\/2024\/11\/CONATEL-llega-hasta-tu-empresa_1920.jpg\" width=\"1920\" height=\"620\" alt=\"CONATEL llega hasta tu empresa\" srcset=\"https:\/\/conatel.gob.ve\/wp-content\/uploads\/2024\/11\/CONATEL-llega-hasta-tu-empresa_1920.jpg 1920w, https:\/\/conatel.gob.ve\/wp-content\/uploads\/2024\/11\/CONATEL-llega-hasta-tu-empresa_1920-300x97.jpg 300w, https:\/\/conatel.gob.ve\/wp-content\/uploads\/2024\/11\/CONATEL-llega-hasta-tu-empresa_1920-1024x331.jpg 1024w, https:\/\/conatel.gob.ve\/wp-content\/uploads\/2024\/11\/CONATEL-llega-hasta-tu-empresa_1920-768x248.jpg 768w, https:\/\/conatel.gob.ve\/wp-content\/uploads\/2024\/11\/CONATEL-llega-hasta-tu-empresa_1920-1536x496.jpg 1536w\" sizes=\"(max-width: 1920px) 100vw, 1920px\" \/><\/span><\/figure><\/div>\n\n\n\n<p class=\"justificar\">La Comisi\u00f3n Nacional de Telecomunicaciones (<strong>CONATEL<\/strong>), a trav\u00e9s de la <strong>Gerencia de Formaci\u00f3n<\/strong>, realiza entre el 7 y el 8 de noviembre el curso presencial de<strong> Inteligencia Artificial<\/strong> bajo la modalidad in <strong>Company<\/strong>, con el objetivo de seguir brindando a la poblaci\u00f3n venezolana mayor conocimiento sobre el uso de esta herramienta, que est\u00e1 marcando la pauta y es aplicada en distintas \u00e1reas del sector telecomunicaciones.<\/p>\n\n\n\n<p class=\"justificar\">As\u00ed lo manifest\u00f3 <strong>Jorge Galindez, Ingeniero en Sistemas<\/strong>, quien se desempe\u00f1\u00f3 como facilitador del curso y abord\u00f3 temas relevantes como los objetivos, la terminolog\u00eda, modelos y tipos de <strong>IA<\/strong>, clasificaci\u00f3n, uso y su impacto en <strong>Venezuela<\/strong>.<\/p>\n\n\n\n<p class=\"justificar\">\u00abDurante la pr\u00e1ctica se desarrollan ejercicios desde el celular y la laptop con diferentes aplicaciones que trabajan con <strong>IA<\/strong>. Invito a todos a masificar y a generar las bases de conocimiento relacionadas con esta herramienta, que ha cambiado la forma de vida en el planeta\u00bb, refiri\u00f3 Galindez.<\/p>\n\n\n\n<p class=\"justificar\">La actividad formativa se llev\u00f3 a cabo en las instalaciones de <strong>Alucasa <\/strong>empresa adscrita a la Corporaci\u00f3n Venezolana de Guayana (CVG), ubicada en Guacara estado Carabobo, y cont\u00f3 con la participaci\u00f3n de 15 trabajadoras y trabajadores pertenecientes al \u00e1rea de Sistemas y Tecnolog\u00eda de la empresa.<\/p>\n\n\n\n<p class=\"justificar\"><strong>Jorge Beltr\u00e1n<\/strong>, Gerente del departamento de Tecnolog\u00eda y Sistemas de <strong>Alucasa<\/strong>, destac\u00f3 que buscan aplicar la Inteligencia Artificial en procesos administrativos y productivos de la instituci\u00f3n.<\/p>\n\n\n\n<p class=\"justificar\">\u00abNosotros seremos los repetidores de este conocimiento a las dem\u00e1s \u00e1reas de la empresa\u00bb, se\u00f1al\u00f3.<\/p>\n\n\n\n<p class=\"justificar\" style=\"margin-bottom:var(--wp--preset--spacing--40)\">Se espera que la actividad culmine con una jornada pr\u00e1ctica en la que los participantes tendr\u00e1n la oportunidad de aplicar los conocimientos adquiridos y familiarizarse con plataformas desarrolladas con Inteligencia Artificial.<\/p>\n\n\n\n<p><\/p>\n","protected":false},"excerpt":{"rendered":"<p>CONATEL llega hasta tu empresa: capacitado nuevo grupo de trabajadores en Inteligencia Artificial CONATEL ofreci\u00f3 el Curso de Inteligencia Artificial a trabajadores de Alucasa en Guacara estado Carabobo, para seguir impulsando las telecomunicaciones en el pa\u00eds a trav\u00e9s de la IA como herramienta necesaria. La Comisi\u00f3n Nacional de Telecomunicaciones (CONATEL), a trav\u00e9s de la Gerencia [&hellip;]<\/p>\n","protected":false},"author":7,"featured_media":0,"parent":0,"menu_order":0,"comment_status":"closed","ping_status":"closed","template":"","meta":{"footnotes":""},"class_list":["post-3975","page","type-page","status-publish","hentry"],"blocksy_meta":[],"_links":{"self":[{"href":"https:\/\/conatel.gob.ve\/index.php?rest_route=\/wp\/v2\/pages\/3975","targetHints":{"allow":["GET"]}}],"collection":[{"href":"https:\/\/conatel.gob.ve\/index.php?rest_route=\/wp\/v2\/pages"}],"about":[{"href":"https:\/\/conatel.gob.ve\/index.php?rest_route=\/wp\/v2\/types\/page"}],"author":[{"embeddable":true,"href":"https:\/\/conatel.gob.ve\/index.php?rest_route=\/wp\/v2\/users\/7"}],"replies":[{"embeddable":true,"href":"https:\/\/conatel.gob.ve\/index.php?rest_route=%2Fwp%2Fv2%2Fcomments&post=3975"}],"version-history":[{"count":1,"href":"https:\/\/conatel.gob.ve\/index.php?rest_route=\/wp\/v2\/pages\/3975\/revisions"}],"predecessor-version":[{"id":3977,"href":"https:\/\/conatel.gob.ve\/index.php?rest_route=\/wp\/v2\/pages\/3975\/revisions\/3977"}],"wp:attachment":[{"href":"https:\/\/conatel.gob.ve\/index.php?rest_route=%2Fwp%2Fv2%2Fmedia&parent=3975"}],"curies":[{"name":"wp","href":"https:\/\/api.w.org\/{rel}","templated":true}]}}