{"id":4329,"date":"2024-11-29T14:29:22","date_gmt":"2024-11-29T18:29:22","guid":{"rendered":"https:\/\/conatel.gob.ve\/?page_id=4329"},"modified":"2026-03-06T09:09:15","modified_gmt":"2026-03-06T13:09:15","slug":"estadisticas-internet","status":"publish","type":"page","link":"https:\/\/conatel.gob.ve\/?page_id=4329","title":{"rendered":"Estadisticas Internet"},"content":{"rendered":"\n<div class=\"wp-block-stackable-heading stk-block-heading stk-block-heading--v2 stk-block stk-34429a6\" id=\"estadisticas-internet\" data-block-id=\"34429a6\"><style>.stk-34429a6 {margin-top:20px !important;}.stk-34429a6 .stk-block-heading__text{font-size:24px !important;color:var(--theme-palette-color-1, #2872fa) !important;}@media screen and (max-width:999px){.stk-34429a6 .stk-block-heading__text{font-size:24px !important;}}<\/style><h1 class=\"stk-block-heading__text has-text-color has-text-align-center\">Estad\u00edsticas Internet<\/h1><\/div>\n\n\n\n<div class=\"wp-block-stackable-columns stk-block-columns stk-block stk-10a3788 stk-block-background\" data-block-id=\"10a3788\"><style>.stk-10a3788 {background-color:#e9e9ec !important;border-top-left-radius:20px !important;border-top-right-radius:20px !important;border-bottom-right-radius:20px !important;border-bottom-left-radius:20px !important;overflow:hidden !important;}.stk-10a3788:before{background-color:#e9e9ec !important;}<\/style><div class=\"stk-row stk-inner-blocks stk-block-content stk-content-align stk-10a3788-column\">\n<div class=\"wp-block-stackable-column stk-block-column stk-column stk-block stk-650ecf2\" data-v=\"4\" data-block-id=\"650ecf2\"><div class=\"stk-column-wrapper stk-block-column__content stk-container stk-650ecf2-container stk--no-background stk--no-padding\"><div class=\"stk-block-content stk-inner-blocks stk-650ecf2-inner-blocks\">\n<p class=\"has-text-align-center has-palette-color-4-color has-palette-color-7-background-color has-text-color has-background has-link-color has-medium-font-size wp-elements-ecae1ebf6e6fe33ce80da0d885064304\" style=\"border-radius:0px;padding-top:var(--wp--preset--spacing--20);padding-bottom:var(--wp--preset--spacing--20)\"><img decoding=\"async\" width=\"25\" height=\"25\" class=\"wp-image-4260\" style=\"width: 25px;\" src=\"https:\/\/conatel.gob.ve\/wp-content\/uploads\/2024\/11\/descargar2.png\" alt=\"\"> <strong>A\u00f1o 2025<\/strong><\/p>\n<\/div><\/div><\/div>\n\n\n\n<div class=\"wp-block-stackable-column stk-block-column stk-column stk-block stk-f593819\" data-v=\"4\" data-block-id=\"f593819\"><div class=\"stk-column-wrapper stk-block-column__content stk-container stk-f593819-container stk--no-background stk--no-padding\"><div class=\"stk-block-content stk-inner-blocks stk-f593819-inner-blocks\">\n<div class=\"wp-block-file aligncenter has-palette-color-1-background-color has-background has-link-color wp-elements-88a89a58b2eba62c6d0d7fffff34ae95\" style=\"border-radius:20px;margin-top:var(--wp--preset--spacing--30);margin-right:0;margin-bottom:var(--wp--preset--spacing--30);margin-left:0;padding-top:var(--wp--preset--spacing--20);padding-right:0;padding-bottom:var(--wp--preset--spacing--20);padding-left:0\"><a id=\"wp-block-file--media-9640397d-5f67-47e3-8243-d04c5491b0fa\" href=\"https:\/\/conatel.gob.ve\/wp-content\/uploads\/2026\/03\/Presentacion-Internet_II_2025.pdf\" target=\"_blank\" rel=\"noreferrer noopener\"><strong>II TRIMESTRE<\/strong> <img decoding=\"async\" width=\"25\" height=\"25\" class=\"wp-image-4270\" style=\"width: 25px;\" src=\"https:\/\/conatel.gob.ve\/wp-content\/uploads\/2024\/11\/descargar4.png\" alt=\"\"><\/a><\/div>\n<\/div><\/div><\/div>\n\n\n\n<div class=\"wp-block-stackable-column stk-block-column stk-column stk-block stk-35e82b7\" data-v=\"4\" data-block-id=\"35e82b7\"><div class=\"stk-column-wrapper stk-block-column__content stk-container stk-35e82b7-container stk--no-background stk--no-padding\"><div class=\"stk-block-content stk-inner-blocks stk-35e82b7-inner-blocks\">\n<div class=\"wp-block-file aligncenter has-palette-color-1-background-color has-background has-link-color wp-elements-4020d4f7349bc66d5130865b46821a8a\" style=\"border-radius:20px;margin-top:var(--wp--preset--spacing--30);margin-right:0;margin-bottom:var(--wp--preset--spacing--30);margin-left:0;padding-top:var(--wp--preset--spacing--20);padding-right:0;padding-bottom:var(--wp--preset--spacing--20);padding-left:0\"><a id=\"wp-block-file--media-30708151-362a-4e9b-883a-89fe0443588c\" href=\"https:\/\/conatel.gob.ve\/wp-content\/uploads\/2026\/03\/Presentacion-Internet_I_2025.pdf\" target=\"_blank\" rel=\"noreferrer noopener\"><strong>I TRIMESTRE<\/strong> <img decoding=\"async\" width=\"25\" height=\"25\" class=\"wp-image-4270\" style=\"width: 25px;\" src=\"https:\/\/conatel.gob.ve\/wp-content\/uploads\/2024\/11\/descargar4.png\" alt=\"\"><\/a><\/div>\n<\/div><\/div><\/div>\n\n\n\n<div class=\"wp-block-stackable-column stk-block-column stk-column stk-block stk-e4d4725\" data-v=\"4\" data-block-id=\"e4d4725\"><div class=\"stk-column-wrapper stk-block-column__content stk-container stk-e4d4725-container stk--no-background stk--no-padding\"><div class=\"stk-block-content stk-inner-blocks stk-e4d4725-inner-blocks\"><\/div><\/div><\/div>\n\n\n\n<div class=\"wp-block-stackable-column stk-block-column stk-column stk-block stk-25968d1\" data-v=\"4\" data-block-id=\"25968d1\"><div class=\"stk-column-wrapper stk-block-column__content stk-container stk-25968d1-container stk--no-background stk--no-padding\"><div class=\"stk-block-content stk-inner-blocks stk-25968d1-inner-blocks\"><\/div><\/div><\/div>\n<\/div><\/div>\n\n\n\n<div class=\"wp-block-stackable-columns stk-block-columns stk-block stk-b8b1ccf stk-block-background\" data-block-id=\"b8b1ccf\"><style>.stk-b8b1ccf {background-color:#e9e9ec !important;border-top-left-radius:20px !important;border-top-right-radius:20px !important;border-bottom-right-radius:20px !important;border-bottom-left-radius:20px !important;overflow:hidden !important;}.stk-b8b1ccf:before{background-color:#e9e9ec !important;}<\/style><div class=\"stk-row stk-inner-blocks stk-block-content stk-content-align stk-b8b1ccf-column\">\n<div class=\"wp-block-stackable-column stk-block-column stk-column stk-block stk-1f8eab0\" data-v=\"4\" data-block-id=\"1f8eab0\"><div class=\"stk-column-wrapper stk-block-column__content stk-container stk-1f8eab0-container stk--no-background stk--no-padding\"><div class=\"stk-block-content stk-inner-blocks stk-1f8eab0-inner-blocks\">\n<p class=\"has-text-align-center has-palette-color-4-color has-palette-color-7-background-color has-text-color has-background has-link-color has-medium-font-size wp-elements-9413facaeaf1b1527192e78d038b8c81\" style=\"border-radius:0px;padding-top:var(--wp--preset--spacing--20);padding-bottom:var(--wp--preset--spacing--20)\"><img decoding=\"async\" width=\"25\" height=\"25\" class=\"wp-image-4260\" style=\"width: 25px;\" src=\"https:\/\/conatel.gob.ve\/wp-content\/uploads\/2024\/11\/descargar2.png\" alt=\"\"> <strong>A\u00f1o 2024<\/strong><\/p>\n<\/div><\/div><\/div>\n\n\n\n<div class=\"wp-block-stackable-column stk-block-column stk-column stk-block stk-731eeec\" data-v=\"4\" data-block-id=\"731eeec\"><div class=\"stk-column-wrapper stk-block-column__content stk-container stk-731eeec-container stk--no-background stk--no-padding\"><div class=\"stk-block-content stk-inner-blocks stk-731eeec-inner-blocks\">\n<div class=\"wp-block-file aligncenter has-palette-color-1-background-color has-background has-link-color wp-elements-23c0c7dd4480ffcecbdbefcbcd21baf9\" style=\"border-radius:20px;margin-top:var(--wp--preset--spacing--30);margin-right:0;margin-bottom:var(--wp--preset--spacing--30);margin-left:0;padding-top:var(--wp--preset--spacing--20);padding-right:0;padding-bottom:var(--wp--preset--spacing--20);padding-left:0\"><a id=\"wp-block-file--media-c5b201e4-134a-4fa4-8cef-8bfec4bf4275\" href=\"https:\/\/conatel.gob.ve\/wp-content\/uploads\/2025\/08\/Presentacion_Internet_IV-2024.pdf\" target=\"_blank\" rel=\"noreferrer noopener\"><strong>IV TRIMESTRE<\/strong> <img decoding=\"async\" width=\"25\" height=\"25\" class=\"wp-image-4270\" style=\"width: 25px;\" src=\"https:\/\/conatel.gob.ve\/wp-content\/uploads\/2024\/11\/descargar4.png\" alt=\"\"><\/a><\/div>\n<\/div><\/div><\/div>\n\n\n\n<div class=\"wp-block-stackable-column stk-block-column stk-column stk-block stk-fefabf3\" data-v=\"4\" data-block-id=\"fefabf3\"><div class=\"stk-column-wrapper stk-block-column__content stk-container stk-fefabf3-container stk--no-background stk--no-padding\"><div class=\"stk-block-content stk-inner-blocks stk-fefabf3-inner-blocks\">\n<div class=\"wp-block-file aligncenter has-palette-color-1-background-color has-background has-link-color wp-elements-557af026ba96aa4673d64b7874abea2e\" style=\"border-radius:20px;margin-top:var(--wp--preset--spacing--30);margin-right:0;margin-bottom:var(--wp--preset--spacing--30);margin-left:0;padding-top:var(--wp--preset--spacing--20);padding-right:0;padding-bottom:var(--wp--preset--spacing--20);padding-left:0\"><a id=\"wp-block-file--media-884a32a3-1046-401b-aab4-899debc03e04\" href=\"https:\/\/conatel.gob.ve\/wp-content\/uploads\/2025\/08\/Presentacion_Internet_III-2024.pdf\" target=\"_blank\" rel=\"noreferrer noopener\"><strong>III TRIMESTRE<\/strong> <img decoding=\"async\" width=\"25\" height=\"25\" class=\"wp-image-4270\" style=\"width: 25px;\" src=\"https:\/\/conatel.gob.ve\/wp-content\/uploads\/2024\/11\/descargar4.png\" alt=\"\"><\/a><\/div>\n<\/div><\/div><\/div>\n\n\n\n<div class=\"wp-block-stackable-column stk-block-column stk-column stk-block stk-3135783\" data-v=\"4\" data-block-id=\"3135783\"><div class=\"stk-column-wrapper stk-block-column__content stk-container stk-3135783-container stk--no-background stk--no-padding\"><div class=\"stk-block-content stk-inner-blocks stk-3135783-inner-blocks\">\n<div class=\"wp-block-file aligncenter has-palette-color-1-background-color has-background has-link-color wp-elements-8b6ab8965e3cc39639b1980fc767744f\" style=\"border-radius:20px;margin-top:var(--wp--preset--spacing--30);margin-right:0;margin-bottom:var(--wp--preset--spacing--30);margin-left:0;padding-top:var(--wp--preset--spacing--20);padding-right:0;padding-bottom:var(--wp--preset--spacing--20);padding-left:0\"><a id=\"wp-block-file--media-41b157a7-ce3a-4744-85ae-3ee1ac7e6f24\" href=\"https:\/\/conatel.gob.ve\/wp-content\/uploads\/2025\/08\/Presentacion_Internet_II-2024.pdf\" target=\"_blank\" rel=\"noreferrer noopener\"><strong>II TRIMESTRE<\/strong> <img decoding=\"async\" width=\"25\" height=\"25\" class=\"wp-image-4270\" style=\"width: 25px;\" src=\"https:\/\/conatel.gob.ve\/wp-content\/uploads\/2024\/11\/descargar4.png\" alt=\"\"><\/a><\/div>\n<\/div><\/div><\/div>\n\n\n\n<div class=\"wp-block-stackable-column stk-block-column stk-column stk-block stk-ec640d2\" data-v=\"4\" data-block-id=\"ec640d2\"><div class=\"stk-column-wrapper stk-block-column__content stk-container stk-ec640d2-container stk--no-background stk--no-padding\"><div class=\"stk-block-content stk-inner-blocks stk-ec640d2-inner-blocks\">\n<div class=\"wp-block-file aligncenter has-palette-color-1-background-color has-background has-link-color wp-elements-320ff892ad3b561f0259fe5b7cdb33c7\" style=\"border-radius:20px;margin-top:var(--wp--preset--spacing--30);margin-right:0;margin-bottom:var(--wp--preset--spacing--30);margin-left:0;padding-top:var(--wp--preset--spacing--20);padding-right:0;padding-bottom:var(--wp--preset--spacing--20);padding-left:0\"><a id=\"wp-block-file--media-48b3feec-1bb3-42bb-9f67-16567eb62b9a\" href=\"https:\/\/conatel.gob.ve\/wp-content\/uploads\/2025\/08\/Presentacion_Internet_I-2024.pdf\" target=\"_blank\" rel=\"noreferrer noopener\"><strong>I TRIMESTRE<\/strong> <img decoding=\"async\" width=\"25\" height=\"25\" class=\"wp-image-4270\" style=\"width: 25px;\" src=\"https:\/\/conatel.gob.ve\/wp-content\/uploads\/2024\/11\/descargar4.png\" alt=\"\"><\/a><\/div>\n<\/div><\/div><\/div>\n<\/div><\/div>\n\n\n\n<div class=\"wp-block-stackable-columns stk-block-columns stk-block stk-c4eca19 stk-block-background\" data-block-id=\"c4eca19\"><style>.stk-c4eca19 {background-color:#e9e9ec !important;border-top-left-radius:20px !important;border-top-right-radius:20px !important;border-bottom-right-radius:20px !important;border-bottom-left-radius:20px !important;overflow:hidden !important;}.stk-c4eca19:before{background-color:#e9e9ec !important;}<\/style><div class=\"stk-row stk-inner-blocks stk-block-content stk-content-align stk-c4eca19-column\">\n<div class=\"wp-block-stackable-column stk-block-column stk-column stk-block stk-ee1c975\" data-v=\"4\" data-block-id=\"ee1c975\"><style>@media screen and (min-width:690px){.stk-ee1c975 {flex:var(--stk-flex-grow, 1) 1 calc(20% - var(--stk-column-gap, 0px) * 4 \/ 5 ) !important;}}<\/style><div class=\"stk-column-wrapper stk-block-column__content stk-container stk-ee1c975-container stk--no-background stk--no-padding\"><div class=\"stk-block-content stk-inner-blocks stk-ee1c975-inner-blocks\">\n<p class=\"has-text-align-center has-palette-color-4-color has-palette-color-7-background-color has-text-color has-background has-link-color has-medium-font-size wp-elements-0de9581f8336444b9e9a8b78038409e2\" style=\"border-radius:0px;padding-top:var(--wp--preset--spacing--20);padding-bottom:var(--wp--preset--spacing--20)\"><img decoding=\"async\" width=\"25\" height=\"25\" class=\"wp-image-4260\" style=\"width: 25px;\" src=\"https:\/\/conatel.gob.ve\/wp-content\/uploads\/2024\/11\/descargar2.png\" alt=\"\">     <strong>A\u00f1o 2023<\/strong><\/p>\n<\/div><\/div><\/div>\n\n\n\n<div class=\"wp-block-stackable-column stk-block-column stk-column stk-block stk-6af6042\" data-v=\"4\" data-block-id=\"6af6042\"><style>@media screen and (min-width:690px){.stk-6af6042 {flex:var(--stk-flex-grow, 1) 1 calc(20% - var(--stk-column-gap, 0px) * 4 \/ 5 ) !important;}}<\/style><div class=\"stk-column-wrapper stk-block-column__content stk-container stk-6af6042-container stk--no-background stk--no-padding\"><div class=\"stk-block-content stk-inner-blocks stk-6af6042-inner-blocks\">\n<div class=\"wp-block-file aligncenter has-palette-color-1-background-color has-background has-link-color wp-elements-525d96d70dc659ea1ac974d22f9dae53\" style=\"border-radius:20px;margin-top:var(--wp--preset--spacing--30);margin-right:0;margin-bottom:var(--wp--preset--spacing--30);margin-left:0;padding-top:var(--wp--preset--spacing--20);padding-right:0;padding-bottom:var(--wp--preset--spacing--20);padding-left:0\"><a id=\"wp-block-file--media-2ca01ca2-c343-4745-bea8-254c56b728f9\" href=\"https:\/\/conatel.gob.ve\/wp-content\/uploads\/2025\/08\/Presentacion_Internet_IV_2023.pdf\" target=\"_blank\" rel=\"noreferrer noopener\"><strong>IV TRIMESTRE<\/strong> <img decoding=\"async\" width=\"25\" height=\"25\" class=\"wp-image-4270\" style=\"width: 25px;\" src=\"https:\/\/conatel.gob.ve\/wp-content\/uploads\/2024\/11\/descargar4.png\" alt=\"\"><\/a><\/div>\n<\/div><\/div><\/div>\n\n\n\n<div class=\"wp-block-stackable-column stk-block-column stk-column stk-block stk-e6829f2\" data-v=\"4\" data-block-id=\"e6829f2\"><style>@media screen and (min-width:690px){.stk-e6829f2 {flex:var(--stk-flex-grow, 1) 1 calc(20% - var(--stk-column-gap, 0px) * 4 \/ 5 ) !important;}}<\/style><div class=\"stk-column-wrapper stk-block-column__content stk-container stk-e6829f2-container stk--no-background stk--no-padding\"><div class=\"stk-block-content stk-inner-blocks stk-e6829f2-inner-blocks\">\n<div class=\"wp-block-file aligncenter has-palette-color-1-background-color has-background has-link-color wp-elements-c320a77b03b63fec628ce02776de3bfe\" style=\"border-radius:20px;margin-top:var(--wp--preset--spacing--30);margin-right:0;margin-bottom:var(--wp--preset--spacing--30);margin-left:0;padding-top:var(--wp--preset--spacing--20);padding-right:0;padding-bottom:var(--wp--preset--spacing--20);padding-left:0\"><a id=\"wp-block-file--media-058c7da6-d6f6-4ba1-a1d8-d584d2a59528\" href=\"https:\/\/conatel.gob.ve\/wp-content\/uploads\/2025\/08\/Presentacion_Internet_III_2023.pdf\" target=\"_blank\" rel=\"noreferrer noopener\"><strong>III TRIMESTRE<\/strong> <img decoding=\"async\" width=\"25\" height=\"25\" class=\"wp-image-4270\" style=\"width: 25px;\" src=\"https:\/\/conatel.gob.ve\/wp-content\/uploads\/2024\/11\/descargar4.png\" alt=\"\"><\/a><\/div>\n<\/div><\/div><\/div>\n\n\n\n<div class=\"wp-block-stackable-column stk-block-column stk-column stk-block stk-3bd8ce7\" data-v=\"4\" data-block-id=\"3bd8ce7\"><style>@media screen and (min-width:690px){.stk-3bd8ce7 {flex:var(--stk-flex-grow, 1) 1 calc(20% - var(--stk-column-gap, 0px) * 4 \/ 5 ) !important;}}<\/style><div class=\"stk-column-wrapper stk-block-column__content stk-container stk-3bd8ce7-container stk--no-background stk--no-padding\"><div class=\"stk-block-content stk-inner-blocks stk-3bd8ce7-inner-blocks\">\n<div class=\"wp-block-file aligncenter has-palette-color-1-background-color has-background has-link-color wp-elements-c7c6d0fbd398e6c96022214385f120a4\" style=\"border-radius:20px;margin-top:var(--wp--preset--spacing--30);margin-right:0;margin-bottom:var(--wp--preset--spacing--30);margin-left:0;padding-top:var(--wp--preset--spacing--20);padding-right:0;padding-bottom:var(--wp--preset--spacing--20);padding-left:0\"><a id=\"wp-block-file--media-503656b1-00d1-48c5-839b-2ceb12ea8214\" href=\"https:\/\/conatel.gob.ve\/wp-content\/uploads\/2025\/08\/Presentacion_Internet_II_2023.pdf\" target=\"_blank\" rel=\"noreferrer noopener\"><strong>II TRIMESTRE<\/strong> <img decoding=\"async\" width=\"25\" height=\"25\" class=\"wp-image-4270\" style=\"width: 25px;\" src=\"https:\/\/conatel.gob.ve\/wp-content\/uploads\/2024\/11\/descargar4.png\" alt=\"\"><\/a><\/div>\n<\/div><\/div><\/div>\n\n\n\n<div class=\"wp-block-stackable-column stk-block-column stk-column stk-block stk-c1d90e4\" data-v=\"4\" data-block-id=\"c1d90e4\"><style>@media screen and (min-width:690px){.stk-c1d90e4 {flex:var(--stk-flex-grow, 1) 1 calc(20% - var(--stk-column-gap, 0px) * 4 \/ 5 ) !important;}}<\/style><div class=\"stk-column-wrapper stk-block-column__content stk-container stk-c1d90e4-container stk--no-background stk--no-padding\"><div class=\"stk-block-content stk-inner-blocks stk-c1d90e4-inner-blocks\">\n<div class=\"wp-block-file aligncenter has-palette-color-1-background-color has-background has-link-color wp-elements-6e224aff88e0546948e6b078e4829368\" style=\"border-radius:20px;margin-top:var(--wp--preset--spacing--30);margin-right:0;margin-bottom:var(--wp--preset--spacing--30);margin-left:0;padding-top:var(--wp--preset--spacing--20);padding-right:0;padding-bottom:var(--wp--preset--spacing--20);padding-left:0\"><a id=\"wp-block-file--media-b1a971fd-5b4c-4bf8-a3a2-1bbed8489cb6\" href=\"https:\/\/conatel.gob.ve\/wp-content\/uploads\/2025\/08\/Presentacion_Internet_I_2023.pdf\" target=\"_blank\" rel=\"noreferrer noopener\"><strong>I TRIMESTRE <\/strong> <img decoding=\"async\" width=\"25\" height=\"25\" class=\"wp-image-4270\" style=\"width: 25px;\" src=\"https:\/\/conatel.gob.ve\/wp-content\/uploads\/2024\/11\/descargar4.png\" alt=\"\"><\/a><\/div>\n<\/div><\/div><\/div>\n<\/div><\/div>\n\n\n\n<p><\/p>\n","protected":false},"excerpt":{"rendered":"<p>Estad\u00edsticas Internet A\u00f1o 2025 A\u00f1o 2024 A\u00f1o 2023<\/p>\n","protected":false},"author":7,"featured_media":0,"parent":0,"menu_order":0,"comment_status":"closed","ping_status":"closed","template":"","meta":{"footnotes":""},"class_list":["post-4329","page","type-page","status-publish","hentry"],"blocksy_meta":[],"_links":{"self":[{"href":"https:\/\/conatel.gob.ve\/index.php?rest_route=\/wp\/v2\/pages\/4329","targetHints":{"allow":["GET"]}}],"collection":[{"href":"https:\/\/conatel.gob.ve\/index.php?rest_route=\/wp\/v2\/pages"}],"about":[{"href":"https:\/\/conatel.gob.ve\/index.php?rest_route=\/wp\/v2\/types\/page"}],"author":[{"embeddable":true,"href":"https:\/\/conatel.gob.ve\/index.php?rest_route=\/wp\/v2\/users\/7"}],"replies":[{"embeddable":true,"href":"https:\/\/conatel.gob.ve\/index.php?rest_route=%2Fwp%2Fv2%2Fcomments&post=4329"}],"version-history":[{"count":19,"href":"https:\/\/conatel.gob.ve\/index.php?rest_route=\/wp\/v2\/pages\/4329\/revisions"}],"predecessor-version":[{"id":9614,"href":"https:\/\/conatel.gob.ve\/index.php?rest_route=\/wp\/v2\/pages\/4329\/revisions\/9614"}],"wp:attachment":[{"href":"https:\/\/conatel.gob.ve\/index.php?rest_route=%2Fwp%2Fv2%2Fmedia&parent=4329"}],"curies":[{"name":"wp","href":"https:\/\/api.w.org\/{rel}","templated":true}]}}