{"id":4342,"date":"2024-11-29T14:55:24","date_gmt":"2024-11-29T18:55:24","guid":{"rendered":"https:\/\/conatel.gob.ve\/?page_id=4342"},"modified":"2025-11-26T15:09:25","modified_gmt":"2025-11-26T19:09:25","slug":"estadisticas-radioaficionados","status":"publish","type":"page","link":"https:\/\/conatel.gob.ve\/?page_id=4342","title":{"rendered":"Estad\u00edsticas Radioaficionados"},"content":{"rendered":"\n<div class=\"wp-block-stackable-heading stk-block-heading stk-block-heading--v2 stk-block stk-09e2642\" id=\"estadisticas-radioaficionados\" data-block-id=\"09e2642\"><style>.stk-09e2642 {margin-top:20px !important;}.stk-09e2642 .stk-block-heading__text{font-size:24px !important;color:var(--theme-palette-color-1, #2872fa) !important;}@media screen and (max-width:999px){.stk-09e2642 .stk-block-heading__text{font-size:24px !important;}}<\/style><h1 class=\"stk-block-heading__text has-text-color has-text-align-center\">Estad\u00edsticas Radioaficionados<\/h1><\/div>\n\n\n\n<div class=\"wp-block-stackable-columns stk-block-columns stk-block stk-c4eca19 stk-block-background\" data-block-id=\"c4eca19\"><style>.stk-c4eca19 {background-color:#e9e9ec !important;border-top-left-radius:20px !important;border-top-right-radius:20px !important;border-bottom-right-radius:20px !important;border-bottom-left-radius:20px !important;overflow:hidden !important;}.stk-c4eca19:before{background-color:#e9e9ec !important;}<\/style><div class=\"stk-row stk-inner-blocks stk-block-content stk-content-align stk-c4eca19-column\">\n<div class=\"wp-block-stackable-column stk-block-column stk-column stk-block stk-ee1c975\" data-v=\"4\" data-block-id=\"ee1c975\"><div class=\"stk-column-wrapper stk-block-column__content stk-container stk-ee1c975-container stk--no-background stk--no-padding\"><div class=\"stk-block-content stk-inner-blocks stk-ee1c975-inner-blocks\">\n<p class=\"has-text-align-center has-palette-color-4-color has-palette-color-7-background-color has-text-color has-background has-link-color has-medium-font-size wp-elements-ecae1ebf6e6fe33ce80da0d885064304\" style=\"border-radius:0px;padding-top:var(--wp--preset--spacing--20);padding-bottom:var(--wp--preset--spacing--20)\"><img decoding=\"async\" width=\"25\" height=\"25\" class=\"wp-image-4260\" style=\"width: 25px;\" src=\"https:\/\/conatel.gob.ve\/wp-content\/uploads\/2024\/11\/descargar2.png\" alt=\"\"> <strong>A\u00f1o 2025<\/strong><\/p>\n<\/div><\/div><\/div>\n\n\n\n<div class=\"wp-block-stackable-column stk-block-column stk-column stk-block stk-3bd8ce7\" data-v=\"4\" data-block-id=\"3bd8ce7\"><div class=\"stk-column-wrapper stk-block-column__content stk-container stk-3bd8ce7-container stk--no-background stk--no-padding\"><div class=\"stk-block-content stk-inner-blocks stk-3bd8ce7-inner-blocks\">\n<div class=\"wp-block-file aligncenter has-palette-color-1-background-color has-background has-link-color wp-elements-185bdd9eb26b3c58d39c61cf09609e97\" style=\"border-radius:20px;margin-top:var(--wp--preset--spacing--30);margin-right:0;margin-bottom:var(--wp--preset--spacing--30);margin-left:0;padding-top:var(--wp--preset--spacing--20);padding-right:0;padding-bottom:var(--wp--preset--spacing--20);padding-left:0\"><a id=\"wp-block-file--media-e0f4ecef-d589-488e-97d9-54ce6c51cecb\" href=\"https:\/\/conatel.gob.ve\/wp-content\/uploads\/2025\/11\/RADIOAFICIONADOS_II-2025.pdf\" target=\"_blank\" rel=\"noreferrer noopener\">I<strong>I TRIMESTRE<\/strong>  <img decoding=\"async\" width=\"25\" height=\"25\" class=\"wp-image-4270\" style=\"width: 25px;\" src=\"https:\/\/conatel.gob.ve\/wp-content\/uploads\/2024\/11\/descargar4.png\" alt=\"\"><\/a><\/div>\n<\/div><\/div><\/div>\n\n\n\n<div class=\"wp-block-stackable-column stk-block-column stk-column stk-block stk-c1d90e4\" data-v=\"4\" data-block-id=\"c1d90e4\"><div class=\"stk-column-wrapper stk-block-column__content stk-container stk-c1d90e4-container stk--no-background stk--no-padding\"><div class=\"stk-block-content stk-inner-blocks stk-c1d90e4-inner-blocks\">\n<div class=\"wp-block-file aligncenter has-palette-color-1-background-color has-background has-link-color wp-elements-8f6d736ae3c37f94ea4d512498243999\" style=\"border-radius:20px;margin-top:var(--wp--preset--spacing--30);margin-right:0;margin-bottom:var(--wp--preset--spacing--30);margin-left:0;padding-top:var(--wp--preset--spacing--20);padding-right:0;padding-bottom:var(--wp--preset--spacing--20);padding-left:0\"><a id=\"wp-block-file--media-1c1c469d-2894-4aa2-be14-d111670b6fa9\" href=\"https:\/\/conatel.gob.ve\/wp-content\/uploads\/2025\/11\/RADIOAFICIONADOS_I_2025.pdf\" target=\"_blank\" rel=\"noreferrer noopener\"><strong>I TRIMESTRE<\/strong> <img decoding=\"async\" width=\"25\" height=\"25\" class=\"wp-image-4270\" style=\"width: 25px;\" src=\"https:\/\/conatel.gob.ve\/wp-content\/uploads\/2024\/11\/descargar4.png\" alt=\"\"><\/a><\/div>\n<\/div><\/div><\/div>\n\n\n\n<div class=\"wp-block-stackable-column stk-block-column stk-column stk-block stk-109a360\" data-v=\"4\" data-block-id=\"109a360\"><div class=\"stk-column-wrapper stk-block-column__content stk-container stk-109a360-container stk--no-background stk--no-padding\"><div class=\"stk-block-content stk-inner-blocks stk-109a360-inner-blocks\"><\/div><\/div><\/div>\n\n\n\n<div class=\"wp-block-stackable-column stk-block-column stk-column stk-block stk-39ee6ce\" data-v=\"4\" data-block-id=\"39ee6ce\"><div class=\"stk-column-wrapper stk-block-column__content stk-container stk-39ee6ce-container stk--no-background stk--no-padding\"><div class=\"stk-block-content stk-inner-blocks stk-39ee6ce-inner-blocks\"><\/div><\/div><\/div>\n<\/div><\/div>\n\n\n\n<div class=\"wp-block-stackable-columns stk-block-columns stk-block stk-59838f2 stk-block-background\" data-block-id=\"59838f2\"><style>.stk-59838f2 {background-color:#e9e9ec !important;border-top-left-radius:20px !important;border-top-right-radius:20px !important;border-bottom-right-radius:20px !important;border-bottom-left-radius:20px !important;overflow:hidden !important;}.stk-59838f2:before{background-color:#e9e9ec !important;}<\/style><div class=\"stk-row stk-inner-blocks stk-block-content stk-content-align stk-59838f2-column\">\n<div class=\"wp-block-stackable-column stk-block-column stk-column stk-block stk-295ab87\" data-v=\"4\" data-block-id=\"295ab87\"><div class=\"stk-column-wrapper stk-block-column__content stk-container stk-295ab87-container stk--no-background stk--no-padding\"><div class=\"stk-block-content stk-inner-blocks stk-295ab87-inner-blocks\">\n<p class=\"has-text-align-center has-palette-color-4-color has-palette-color-7-background-color has-text-color has-background has-link-color has-medium-font-size wp-elements-9413facaeaf1b1527192e78d038b8c81\" style=\"border-radius:0px;padding-top:var(--wp--preset--spacing--20);padding-bottom:var(--wp--preset--spacing--20)\"><img decoding=\"async\" width=\"25\" height=\"25\" class=\"wp-image-4260\" style=\"width: 25px;\" src=\"https:\/\/conatel.gob.ve\/wp-content\/uploads\/2024\/11\/descargar2.png\" alt=\"\"> <strong>A\u00f1o 2024<\/strong><\/p>\n<\/div><\/div><\/div>\n\n\n\n<div class=\"wp-block-stackable-column stk-block-column stk-column stk-block stk-3eebeb2\" data-v=\"4\" data-block-id=\"3eebeb2\"><div class=\"stk-column-wrapper stk-block-column__content stk-container stk-3eebeb2-container stk--no-background stk--no-padding\"><div class=\"stk-block-content stk-inner-blocks stk-3eebeb2-inner-blocks\">\n<div class=\"wp-block-file aligncenter has-palette-color-1-background-color has-background has-link-color wp-elements-05bc602146ab84604287fb03ca38af38\" style=\"border-radius:20px;margin-top:var(--wp--preset--spacing--30);margin-right:0;margin-bottom:var(--wp--preset--spacing--30);margin-left:0;padding-top:var(--wp--preset--spacing--20);padding-right:0;padding-bottom:var(--wp--preset--spacing--20);padding-left:0\"><a id=\"wp-block-file--media-d2f93117-2b86-42aa-95c1-0e76a692e1b4\" href=\"https:\/\/conatel.gob.ve\/wp-content\/uploads\/2025\/08\/Presentacion_Radioaficionados_IV-2024.pdf\" target=\"_blank\" rel=\"noreferrer noopener\">I<strong>V TRIMESTRE<\/strong> <img decoding=\"async\" width=\"25\" height=\"25\" class=\"wp-image-4270\" style=\"width: 25px;\" src=\"https:\/\/conatel.gob.ve\/wp-content\/uploads\/2024\/11\/descargar4.png\" alt=\"\"><\/a><\/div>\n<\/div><\/div><\/div>\n\n\n\n<div class=\"wp-block-stackable-column stk-block-column stk-column stk-block stk-17b7236\" data-v=\"4\" data-block-id=\"17b7236\"><div class=\"stk-column-wrapper stk-block-column__content stk-container stk-17b7236-container stk--no-background stk--no-padding\"><div class=\"stk-block-content stk-inner-blocks stk-17b7236-inner-blocks\">\n<div class=\"wp-block-file aligncenter has-palette-color-1-background-color has-background has-link-color wp-elements-6ffd3ac312bcf9dce743618c4333e214\" style=\"border-radius:20px;margin-top:var(--wp--preset--spacing--30);margin-right:0;margin-bottom:var(--wp--preset--spacing--30);margin-left:0;padding-top:var(--wp--preset--spacing--20);padding-right:0;padding-bottom:var(--wp--preset--spacing--20);padding-left:0\"><a id=\"wp-block-file--media-c408646d-5024-4c9d-81f1-af90a5436eaf\" href=\"https:\/\/conatel.gob.ve\/wp-content\/uploads\/2025\/08\/Presentacion_Radioaficionados_III-2024.pdf\" target=\"_blank\" rel=\"noreferrer noopener\"><strong>III TRIMESTRE<\/strong> <img decoding=\"async\" width=\"25\" height=\"25\" class=\"wp-image-4270\" style=\"width: 25px;\" src=\"https:\/\/conatel.gob.ve\/wp-content\/uploads\/2024\/11\/descargar4.png\" alt=\"\"><\/a><\/div>\n<\/div><\/div><\/div>\n\n\n\n<div class=\"wp-block-stackable-column stk-block-column stk-column stk-block stk-1622fb9\" data-v=\"4\" data-block-id=\"1622fb9\"><div class=\"stk-column-wrapper stk-block-column__content stk-container stk-1622fb9-container stk--no-background stk--no-padding\"><div class=\"stk-block-content stk-inner-blocks stk-1622fb9-inner-blocks\">\n<div class=\"wp-block-file aligncenter has-palette-color-1-background-color has-background has-link-color wp-elements-0c6883c4fcd4a6ae58af58b7dcde41db\" style=\"border-radius:20px;margin-top:var(--wp--preset--spacing--30);margin-right:0;margin-bottom:var(--wp--preset--spacing--30);margin-left:0;padding-top:var(--wp--preset--spacing--20);padding-right:0;padding-bottom:var(--wp--preset--spacing--20);padding-left:0\"><a id=\"wp-block-file--media-b635cf7e-c8b7-4e66-9494-575942c9c877\" href=\"https:\/\/conatel.gob.ve\/wp-content\/uploads\/2025\/08\/Presentacion_Radioaficionados_II-2024.pdf\" target=\"_blank\" rel=\"noreferrer noopener\"><strong>II TRIMESTRE<\/strong> <img decoding=\"async\" width=\"25\" height=\"25\" class=\"wp-image-4270\" style=\"width: 25px;\" src=\"https:\/\/conatel.gob.ve\/wp-content\/uploads\/2024\/11\/descargar4.png\" alt=\"\"><\/a><\/div>\n<\/div><\/div><\/div>\n\n\n\n<div class=\"wp-block-stackable-column stk-block-column stk-column stk-block stk-90ae2b2\" data-v=\"4\" data-block-id=\"90ae2b2\"><div class=\"stk-column-wrapper stk-block-column__content stk-container stk-90ae2b2-container stk--no-background stk--no-padding\"><div class=\"stk-block-content stk-inner-blocks stk-90ae2b2-inner-blocks\">\n<div class=\"wp-block-file aligncenter has-palette-color-1-background-color has-background has-link-color wp-elements-e9356bc108383efd70c530e232e4e756\" style=\"border-radius:20px;margin-top:var(--wp--preset--spacing--30);margin-right:0;margin-bottom:var(--wp--preset--spacing--30);margin-left:0;padding-top:var(--wp--preset--spacing--20);padding-right:0;padding-bottom:var(--wp--preset--spacing--20);padding-left:0\"><a id=\"wp-block-file--media-a85b1c50-2098-4e31-b2bc-f90ececc9d12\" href=\"https:\/\/conatel.gob.ve\/wp-content\/uploads\/2025\/08\/Presentacion_Radioaficionados_I-2024.pdf\" target=\"_blank\" rel=\"noreferrer noopener\"><strong>I TRIMESTRE<\/strong> <img decoding=\"async\" width=\"25\" height=\"25\" class=\"wp-image-4270\" style=\"width: 25px;\" src=\"https:\/\/conatel.gob.ve\/wp-content\/uploads\/2024\/11\/descargar4.png\" alt=\"\"><\/a><\/div>\n<\/div><\/div><\/div>\n<\/div><\/div>\n\n\n\n<div class=\"wp-block-stackable-columns stk-block-columns stk-block stk-b6e8a04 stk-block-background\" data-block-id=\"b6e8a04\"><style>.stk-b6e8a04 {background-color:#e9e9ec !important;border-top-left-radius:20px !important;border-top-right-radius:20px !important;border-bottom-right-radius:20px !important;border-bottom-left-radius:20px !important;overflow:hidden !important;}.stk-b6e8a04:before{background-color:#e9e9ec !important;}<\/style><div class=\"stk-row stk-inner-blocks stk-block-content stk-content-align stk-b6e8a04-column\">\n<div class=\"wp-block-stackable-column stk-block-column stk-column stk-block stk-3b80a24\" data-v=\"4\" data-block-id=\"3b80a24\"><style>@media screen and (min-width:690px){.stk-3b80a24 {flex:var(--stk-flex-grow, 1) 1 calc(20% - var(--stk-column-gap, 0px) * 4 \/ 5 ) !important;}}<\/style><div class=\"stk-column-wrapper stk-block-column__content stk-container stk-3b80a24-container stk--no-background stk--no-padding\"><div class=\"stk-block-content stk-inner-blocks stk-3b80a24-inner-blocks\">\n<p class=\"has-text-align-center has-palette-color-4-color has-palette-color-7-background-color has-text-color has-background has-link-color has-medium-font-size wp-elements-0de9581f8336444b9e9a8b78038409e2\" style=\"border-radius:0px;padding-top:var(--wp--preset--spacing--20);padding-bottom:var(--wp--preset--spacing--20)\"><img decoding=\"async\" width=\"25\" height=\"25\" class=\"wp-image-4260\" style=\"width: 25px;\" src=\"https:\/\/conatel.gob.ve\/wp-content\/uploads\/2024\/11\/descargar2.png\" alt=\"\">     <strong>A\u00f1o 2023<\/strong><\/p>\n<\/div><\/div><\/div>\n\n\n\n<div class=\"wp-block-stackable-column stk-block-column stk-column stk-block stk-3694bd2\" data-v=\"4\" data-block-id=\"3694bd2\"><style>@media screen and (min-width:690px){.stk-3694bd2 {flex:var(--stk-flex-grow, 1) 1 calc(20% - var(--stk-column-gap, 0px) * 4 \/ 5 ) !important;}}<\/style><div class=\"stk-column-wrapper stk-block-column__content stk-container stk-3694bd2-container stk--no-background stk--no-padding\"><div class=\"stk-block-content stk-inner-blocks stk-3694bd2-inner-blocks\">\n<div class=\"wp-block-file aligncenter has-palette-color-1-background-color has-background has-link-color wp-elements-f1ef8cf127d679af219fbfb9b127e234\" style=\"border-radius:20px;margin-top:var(--wp--preset--spacing--30);margin-right:0;margin-bottom:var(--wp--preset--spacing--30);margin-left:0;padding-top:var(--wp--preset--spacing--20);padding-right:0;padding-bottom:var(--wp--preset--spacing--20);padding-left:0\"><a id=\"wp-block-file--media-34a4e67e-b2a9-4951-8edb-5f2665215a78\" href=\"https:\/\/conatel.gob.ve\/wp-content\/uploads\/2024\/12\/Presentacion_cifras_IV_23_Radioaf-1.pdf\" target=\"_blank\" rel=\"noreferrer noopener\"><strong>IV TRIMESTRE <\/strong><img decoding=\"async\" width=\"25\" height=\"25\" class=\"wp-image-4270\" style=\"width: 25px;\" src=\"https:\/\/conatel.gob.ve\/wp-content\/uploads\/2024\/11\/descargar4.png\" alt=\"\"><\/a><\/div>\n<\/div><\/div><\/div>\n\n\n\n<div class=\"wp-block-stackable-column stk-block-column stk-column stk-block stk-6c71a0a\" data-v=\"4\" data-block-id=\"6c71a0a\"><style>@media screen and (min-width:690px){.stk-6c71a0a {flex:var(--stk-flex-grow, 1) 1 calc(20% - var(--stk-column-gap, 0px) * 4 \/ 5 ) !important;}}<\/style><div class=\"stk-column-wrapper stk-block-column__content stk-container stk-6c71a0a-container stk--no-background stk--no-padding\"><div class=\"stk-block-content stk-inner-blocks stk-6c71a0a-inner-blocks\">\n<div class=\"wp-block-file aligncenter has-palette-color-1-background-color has-background has-link-color wp-elements-7e3bea6f66052a6ff1471986ca70c7e5\" style=\"border-radius:20px;margin-top:var(--wp--preset--spacing--30);margin-right:0;margin-bottom:var(--wp--preset--spacing--30);margin-left:0;padding-top:var(--wp--preset--spacing--20);padding-right:0;padding-bottom:var(--wp--preset--spacing--20);padding-left:0\"><a id=\"wp-block-file--media-114b2259-5c3c-47e4-a8ec-52af4f917b17\" href=\"https:\/\/conatel.gob.ve\/wp-content\/uploads\/2024\/12\/Presentacion_cifras_III_23_Radioaf-1.pdf\" target=\"_blank\" rel=\"noreferrer noopener\"><strong>III TRIMESTRE<\/strong> <img decoding=\"async\" width=\"25\" height=\"25\" class=\"wp-image-4270\" style=\"width: 25px;\" src=\"https:\/\/conatel.gob.ve\/wp-content\/uploads\/2024\/11\/descargar4.png\" alt=\"\"><\/a><\/div>\n<\/div><\/div><\/div>\n\n\n\n<div class=\"wp-block-stackable-column stk-block-column stk-column stk-block stk-197c8ab\" data-v=\"4\" data-block-id=\"197c8ab\"><style>@media screen and (min-width:690px){.stk-197c8ab {flex:var(--stk-flex-grow, 1) 1 calc(20% - var(--stk-column-gap, 0px) * 4 \/ 5 ) !important;}}<\/style><div class=\"stk-column-wrapper stk-block-column__content stk-container stk-197c8ab-container stk--no-background stk--no-padding\"><div class=\"stk-block-content stk-inner-blocks stk-197c8ab-inner-blocks\">\n<div class=\"wp-block-file aligncenter has-palette-color-1-background-color has-background has-link-color wp-elements-4f08b54c23d071fde60d10f34e48f9a3\" style=\"border-radius:20px;margin-top:var(--wp--preset--spacing--30);margin-right:0;margin-bottom:var(--wp--preset--spacing--30);margin-left:0;padding-top:var(--wp--preset--spacing--20);padding-right:0;padding-bottom:var(--wp--preset--spacing--20);padding-left:0\"><a id=\"wp-block-file--media-2dfff001-385b-4206-860c-4b51948765c9\" href=\"https:\/\/conatel.gob.ve\/wp-content\/uploads\/2024\/12\/Presentacion_cifras_II_23_Radioaf-1.pdf\" target=\"_blank\" rel=\"noreferrer noopener\"><strong>II TRIMESTRE <\/strong><img decoding=\"async\" width=\"25\" height=\"25\" class=\"wp-image-4270\" style=\"width: 25px;\" src=\"https:\/\/conatel.gob.ve\/wp-content\/uploads\/2024\/11\/descargar4.png\" alt=\"\"><\/a><\/div>\n<\/div><\/div><\/div>\n\n\n\n<div class=\"wp-block-stackable-column stk-block-column stk-column stk-block stk-6a79021\" data-v=\"4\" data-block-id=\"6a79021\"><style>@media screen and (min-width:690px){.stk-6a79021 {flex:var(--stk-flex-grow, 1) 1 calc(20% - var(--stk-column-gap, 0px) * 4 \/ 5 ) !important;}}<\/style><div class=\"stk-column-wrapper stk-block-column__content stk-container stk-6a79021-container stk--no-background stk--no-padding\"><div class=\"stk-block-content stk-inner-blocks stk-6a79021-inner-blocks\">\n<div class=\"wp-block-file aligncenter has-palette-color-1-background-color has-background has-link-color wp-elements-d1c4aad7ea02d0ea82c5e48ee6b26817\" style=\"border-radius:20px;margin-top:var(--wp--preset--spacing--30);margin-right:0;margin-bottom:var(--wp--preset--spacing--30);margin-left:0;padding-top:var(--wp--preset--spacing--20);padding-right:0;padding-bottom:var(--wp--preset--spacing--20);padding-left:0\"><a id=\"wp-block-file--media-5ced17ad-97fc-4ff1-8e88-14d4296ebff0\" href=\"https:\/\/conatel.gob.ve\/wp-content\/uploads\/2024\/12\/Presentacion_cifras_I_23_Radioaf.pdf\" target=\"_blank\" rel=\"noreferrer noopener\"><strong>I TRIMESTRE<\/strong> <img decoding=\"async\" width=\"25\" height=\"25\" class=\"wp-image-4270\" style=\"width: 25px;\" src=\"https:\/\/conatel.gob.ve\/wp-content\/uploads\/2024\/11\/descargar4.png\" alt=\"\"><\/a><\/div>\n<\/div><\/div><\/div>\n<\/div><\/div>\n\n\n\n<p><\/p>\n","protected":false},"excerpt":{"rendered":"<p>Estad\u00edsticas Radioaficionados A\u00f1o 2025 A\u00f1o 2024 A\u00f1o 2023<\/p>\n","protected":false},"author":7,"featured_media":0,"parent":0,"menu_order":0,"comment_status":"closed","ping_status":"closed","template":"","meta":{"footnotes":""},"class_list":["post-4342","page","type-page","status-publish","hentry"],"blocksy_meta":[],"_links":{"self":[{"href":"https:\/\/conatel.gob.ve\/index.php?rest_route=\/wp\/v2\/pages\/4342","targetHints":{"allow":["GET"]}}],"collection":[{"href":"https:\/\/conatel.gob.ve\/index.php?rest_route=\/wp\/v2\/pages"}],"about":[{"href":"https:\/\/conatel.gob.ve\/index.php?rest_route=\/wp\/v2\/types\/page"}],"author":[{"embeddable":true,"href":"https:\/\/conatel.gob.ve\/index.php?rest_route=\/wp\/v2\/users\/7"}],"replies":[{"embeddable":true,"href":"https:\/\/conatel.gob.ve\/index.php?rest_route=%2Fwp%2Fv2%2Fcomments&post=4342"}],"version-history":[{"count":12,"href":"https:\/\/conatel.gob.ve\/index.php?rest_route=\/wp\/v2\/pages\/4342\/revisions"}],"predecessor-version":[{"id":8820,"href":"https:\/\/conatel.gob.ve\/index.php?rest_route=\/wp\/v2\/pages\/4342\/revisions\/8820"}],"wp:attachment":[{"href":"https:\/\/conatel.gob.ve\/index.php?rest_route=%2Fwp%2Fv2%2Fmedia&parent=4342"}],"curies":[{"name":"wp","href":"https:\/\/api.w.org\/{rel}","templated":true}]}}