{"id":4397,"date":"2024-12-02T09:19:45","date_gmt":"2024-12-02T13:19:45","guid":{"rendered":"https:\/\/conatel.gob.ve\/?page_id=4397"},"modified":"2025-01-21T09:25:24","modified_gmt":"2025-01-21T13:25:24","slug":"estadisticas-difusion-por-suscripcion","status":"publish","type":"page","link":"https:\/\/conatel.gob.ve\/?page_id=4397","title":{"rendered":"Estadisticas Difusi\u00f3n por Suscripci\u00f3n"},"content":{"rendered":"\n<div class=\"wp-block-stackable-heading stk-block-heading stk-block-heading--v2 stk-block stk-ebdc376\" id=\"estadisticas-difusion-por-suscripcion\" data-block-id=\"ebdc376\"><style>.stk-ebdc376 {margin-top:24px !important;}.stk-ebdc376 .stk-block-heading__text{font-size:24px !important;color:var(--theme-palette-color-1, #2872fa) !important;}@media screen and (max-width:999px){.stk-ebdc376 .stk-block-heading__text{font-size:24px !important;}}<\/style><h1 class=\"stk-block-heading__text has-text-color has-text-align-center\">Estad\u00edsticas Difusi\u00f3n por Suscripci\u00f3n<\/h1><\/div>\n\n\n\n<div class=\"wp-block-stackable-columns stk-block-columns stk-block stk-c4eca19 stk-block-background\" data-block-id=\"c4eca19\"><style>.stk-c4eca19 {background-color:#e9e9ec !important;border-top-left-radius:20px !important;border-top-right-radius:20px !important;border-bottom-right-radius:20px !important;border-bottom-left-radius:20px !important;overflow:hidden !important;}.stk-c4eca19:before{background-color:#e9e9ec !important;}<\/style><div class=\"stk-row stk-inner-blocks stk-block-content stk-content-align stk-c4eca19-column\">\n<div class=\"wp-block-stackable-column stk-block-column stk-column stk-block stk-ee1c975\" data-v=\"4\" data-block-id=\"ee1c975\"><style>@media screen and (min-width:690px){.stk-ee1c975 {flex:var(--stk-flex-grow, 1) 1 calc(20% - var(--stk-column-gap, 0px) * 4 \/ 5 ) !important;}}<\/style><div class=\"stk-column-wrapper stk-block-column__content stk-container stk-ee1c975-container stk--no-background stk--no-padding\"><div class=\"stk-block-content stk-inner-blocks stk-ee1c975-inner-blocks\">\n<p class=\"has-text-align-center has-palette-color-4-color has-palette-color-7-background-color has-text-color has-background has-link-color has-medium-font-size wp-elements-0de9581f8336444b9e9a8b78038409e2\" style=\"border-radius:0px;padding-top:var(--wp--preset--spacing--20);padding-bottom:var(--wp--preset--spacing--20)\"><img decoding=\"async\" width=\"25\" height=\"25\" class=\"wp-image-4260\" style=\"width: 25px;\" src=\"https:\/\/conatel.gob.ve\/wp-content\/uploads\/2024\/11\/descargar2.png\" alt=\"\">     <strong>A\u00f1o 2023<\/strong><\/p>\n<\/div><\/div><\/div>\n\n\n\n<div class=\"wp-block-stackable-column stk-block-column stk-column stk-block stk-6af6042\" data-v=\"4\" data-block-id=\"6af6042\"><style>@media screen and (min-width:690px){.stk-6af6042 {flex:var(--stk-flex-grow, 1) 1 calc(20% - var(--stk-column-gap, 0px) * 4 \/ 5 ) !important;}}<\/style><div class=\"stk-column-wrapper stk-block-column__content stk-container stk-6af6042-container stk--no-background stk--no-padding\"><div class=\"stk-block-content stk-inner-blocks stk-6af6042-inner-blocks\">\n<div class=\"wp-block-file aligncenter has-palette-color-1-background-color has-background has-link-color wp-elements-f71adc31aad30ecf18f23d8f6d155b99\" style=\"border-radius:20px;margin-top:var(--wp--preset--spacing--30);margin-right:0;margin-bottom:var(--wp--preset--spacing--30);margin-left:0;padding-top:var(--wp--preset--spacing--20);padding-right:0;padding-bottom:var(--wp--preset--spacing--20);padding-left:0\"><a id=\"wp-block-file--media-5a94f283-eb6a-4dcc-aef8-84f0f5a067cb\" href=\"https:\/\/conatel.gob.ve\/wp-content\/uploads\/2024\/12\/Presentacion_cifras_IV_2023_Difusion.pdf\" target=\"_blank\" rel=\"noreferrer noopener\"><strong>IV TRIMESTRE<\/strong>  <img decoding=\"async\" width=\"25\" height=\"25\" class=\"wp-image-4270\" style=\"width: 25px;\" src=\"https:\/\/conatel.gob.ve\/wp-content\/uploads\/2024\/11\/descargar4.png\" alt=\"\"> <\/a><\/div>\n<\/div><\/div><\/div>\n\n\n\n<div class=\"wp-block-stackable-column stk-block-column stk-column stk-block stk-e6829f2\" data-v=\"4\" data-block-id=\"e6829f2\"><style>@media screen and (min-width:690px){.stk-e6829f2 {flex:var(--stk-flex-grow, 1) 1 calc(20% - var(--stk-column-gap, 0px) * 4 \/ 5 ) !important;}}<\/style><div class=\"stk-column-wrapper stk-block-column__content stk-container stk-e6829f2-container stk--no-background stk--no-padding\"><div class=\"stk-block-content stk-inner-blocks stk-e6829f2-inner-blocks\">\n<div class=\"wp-block-file aligncenter has-palette-color-1-background-color has-background has-link-color wp-elements-a1c5c8f1a6aec49bb1347d32faab6fe8\" style=\"border-radius:20px;margin-top:var(--wp--preset--spacing--30);margin-right:0;margin-bottom:var(--wp--preset--spacing--30);margin-left:0;padding-top:var(--wp--preset--spacing--20);padding-right:0;padding-bottom:var(--wp--preset--spacing--20);padding-left:0\"><a id=\"wp-block-file--media-8c156d8d-10bc-4df1-a62d-be12d8c5494f\" href=\"https:\/\/conatel.gob.ve\/wp-content\/uploads\/2024\/12\/Presentacion_cifras_III_2023_Difusion.pdf\" target=\"_blank\" rel=\"noreferrer noopener\">I<strong>II TRIMESTRE<\/strong>  <img decoding=\"async\" width=\"25\" height=\"25\" class=\"wp-image-4270\" style=\"width: 25px;\" src=\"https:\/\/conatel.gob.ve\/wp-content\/uploads\/2024\/11\/descargar4.png\" alt=\"\"><\/a><\/div>\n<\/div><\/div><\/div>\n\n\n\n<div class=\"wp-block-stackable-column stk-block-column stk-column stk-block stk-3bd8ce7\" data-v=\"4\" data-block-id=\"3bd8ce7\"><style>@media screen and (min-width:690px){.stk-3bd8ce7 {flex:var(--stk-flex-grow, 1) 1 calc(20% - var(--stk-column-gap, 0px) * 4 \/ 5 ) !important;}}<\/style><div class=\"stk-column-wrapper stk-block-column__content stk-container stk-3bd8ce7-container stk--no-background stk--no-padding\"><div class=\"stk-block-content stk-inner-blocks stk-3bd8ce7-inner-blocks\">\n<div class=\"wp-block-file aligncenter has-palette-color-1-background-color has-background has-link-color wp-elements-326a0c3ead9587be6fa55266558c8469\" style=\"border-radius:20px;margin-top:var(--wp--preset--spacing--30);margin-right:0;margin-bottom:var(--wp--preset--spacing--30);margin-left:0;padding-top:var(--wp--preset--spacing--20);padding-right:0;padding-bottom:var(--wp--preset--spacing--20);padding-left:0\"><a id=\"wp-block-file--media-27eb215b-eea5-4a10-9a12-69b43b89d3e3\" href=\"https:\/\/conatel.gob.ve\/wp-content\/uploads\/2024\/12\/Presentacion_cifras_II_2023_Difusion.pdf\" target=\"_blank\" rel=\"noreferrer noopener\"><strong>II TRIMESTRE  <\/strong><img decoding=\"async\" width=\"25\" height=\"25\" class=\"wp-image-4270\" style=\"width: 25px;\" src=\"https:\/\/conatel.gob.ve\/wp-content\/uploads\/2024\/11\/descargar4.png\" alt=\"\"><\/a><\/div>\n<\/div><\/div><\/div>\n\n\n\n<div class=\"wp-block-stackable-column stk-block-column stk-column stk-block stk-c1d90e4\" data-v=\"4\" data-block-id=\"c1d90e4\"><style>@media screen and (min-width:690px){.stk-c1d90e4 {flex:var(--stk-flex-grow, 1) 1 calc(20% - var(--stk-column-gap, 0px) * 4 \/ 5 ) !important;}}<\/style><div class=\"stk-column-wrapper stk-block-column__content stk-container stk-c1d90e4-container stk--no-background stk--no-padding\"><div class=\"stk-block-content stk-inner-blocks stk-c1d90e4-inner-blocks\">\n<div class=\"wp-block-file aligncenter has-palette-color-1-background-color has-background has-link-color wp-elements-c7825123d93e64c4a054dd43d22c4374\" style=\"border-radius:20px;margin-top:var(--wp--preset--spacing--30);margin-right:0;margin-bottom:var(--wp--preset--spacing--30);margin-left:0;padding-top:var(--wp--preset--spacing--20);padding-right:0;padding-bottom:var(--wp--preset--spacing--20);padding-left:0\"><a id=\"wp-block-file--media-9af152d1-9ebc-48d8-ab59-58b3f8cdc436\" href=\"https:\/\/conatel.gob.ve\/wp-content\/uploads\/2024\/12\/Presentacion_cifras_I_2023_Difusion.pdf\" target=\"_blank\" rel=\"noreferrer noopener\"><strong>I TRIMESTRE<\/strong>  <img decoding=\"async\" width=\"25\" height=\"25\" class=\"wp-image-4270\" style=\"width: 25px;\" src=\"https:\/\/conatel.gob.ve\/wp-content\/uploads\/2024\/11\/descargar4.png\" alt=\"\"> <\/a><\/div>\n<\/div><\/div><\/div>\n<\/div><\/div>\n\n\n\n<p><\/p>\n","protected":false},"excerpt":{"rendered":"<p>Estad\u00edsticas Difusi\u00f3n por Suscripci\u00f3n A\u00f1o 2023<\/p>\n","protected":false},"author":7,"featured_media":0,"parent":0,"menu_order":0,"comment_status":"closed","ping_status":"closed","template":"","meta":{"footnotes":""},"class_list":["post-4397","page","type-page","status-publish","hentry"],"blocksy_meta":[],"_links":{"self":[{"href":"https:\/\/conatel.gob.ve\/index.php?rest_route=\/wp\/v2\/pages\/4397","targetHints":{"allow":["GET"]}}],"collection":[{"href":"https:\/\/conatel.gob.ve\/index.php?rest_route=\/wp\/v2\/pages"}],"about":[{"href":"https:\/\/conatel.gob.ve\/index.php?rest_route=\/wp\/v2\/types\/page"}],"author":[{"embeddable":true,"href":"https:\/\/conatel.gob.ve\/index.php?rest_route=\/wp\/v2\/users\/7"}],"replies":[{"embeddable":true,"href":"https:\/\/conatel.gob.ve\/index.php?rest_route=%2Fwp%2Fv2%2Fcomments&post=4397"}],"version-history":[{"count":3,"href":"https:\/\/conatel.gob.ve\/index.php?rest_route=\/wp\/v2\/pages\/4397\/revisions"}],"predecessor-version":[{"id":4404,"href":"https:\/\/conatel.gob.ve\/index.php?rest_route=\/wp\/v2\/pages\/4397\/revisions\/4404"}],"wp:attachment":[{"href":"https:\/\/conatel.gob.ve\/index.php?rest_route=%2Fwp%2Fv2%2Fmedia&parent=4397"}],"curies":[{"name":"wp","href":"https:\/\/api.w.org\/{rel}","templated":true}]}}