{"id":5402,"date":"2025-02-24T18:14:48","date_gmt":"2025-02-24T22:14:48","guid":{"rendered":"https:\/\/conatel.gob.ve\/?page_id=5402"},"modified":"2025-02-24T18:30:28","modified_gmt":"2025-02-24T22:30:28","slug":"segundo-episodio-de-conectate-el-podcast-de-conatel-manipulacion-presion-social-y-riesgos-detras-de-los-retos-virales","status":"publish","type":"page","link":"https:\/\/conatel.gob.ve\/?page_id=5402","title":{"rendered":"Segundo episodio de Con\u00e9ctate, el podcast de Conatel Manipulaci\u00f3n, presi\u00f3n social y riesgos detr\u00e1s de los retos virales"},"content":{"rendered":"\n<div class=\"wp-block-stackable-heading stk-block-heading stk-block-heading--v2 stk-block stk-552dd54\" id=\"segundo-episodio-de-conectate-el-podcast-de-conatel-manipulacion-presion-social-y-riesgos-detras-de-los-retos-virales\" data-block-id=\"552dd54\"><style>.stk-552dd54 {margin-top:20px !important;}.stk-552dd54 .stk-block-heading__text{font-size:24px !important;}@media screen and (max-width:999px){.stk-552dd54 .stk-block-heading__text{font-size:24px !important;}}<\/style><h1 class=\"stk-block-heading__text has-text-align-center\">Segundo episodio de Con\u00e9ctate, el podcast de Conatel: Manipulaci\u00f3n, presi\u00f3n social y riesgos detr\u00e1s de los retos virales<\/h1><\/div>\n\n\n\n<p class=\"justificar\"><strong><em>La abogada e inspector agregado del Cuerpo de Investigaciones Cient\u00edficas, Penales y Criminal\u00edsticas (CICPC), Jhomary Caraballo, enumer\u00f3 durante su participaci\u00f3n en Con\u00e9ctate, el podcast de CONATEL, los riesgos f\u00edsicos, mentales y sociales que esconden los retos virales.<\/em><\/strong><\/p>\n\n\n\n<div class=\"wp-block-stackable-image stk-block-image stk-block stk-ab26bd5\" data-block-id=\"ab26bd5\"><style>.stk-ab26bd5 .stk-img-wrapper img{object-fit:scale-down !important;}@media screen and (max-width:689px){.stk-ab26bd5 .stk-img-wrapper img{object-fit:scale-down !important;}}<\/style><figure><span class=\"stk-img-wrapper stk-image--shape-stretch\"><img fetchpriority=\"high\" decoding=\"async\" class=\"stk-img wp-image-5403\" src=\"https:\/\/conatel.gob.ve\/wp-content\/uploads\/2025\/02\/Segundo_episodio_de_Conectate_1135x360.png\" width=\"1125\" height=\"360\" alt=\"Segundo episodio de Con\u00e9ctate, el podcast de Conatel \n\" srcset=\"https:\/\/conatel.gob.ve\/wp-content\/uploads\/2025\/02\/Segundo_episodio_de_Conectate_1135x360.png 1125w, https:\/\/conatel.gob.ve\/wp-content\/uploads\/2025\/02\/Segundo_episodio_de_Conectate_1135x360-300x96.png 300w, https:\/\/conatel.gob.ve\/wp-content\/uploads\/2025\/02\/Segundo_episodio_de_Conectate_1135x360-1024x328.png 1024w, https:\/\/conatel.gob.ve\/wp-content\/uploads\/2025\/02\/Segundo_episodio_de_Conectate_1135x360-768x246.png 768w\" sizes=\"(max-width: 1125px) 100vw, 1125px\" \/><\/span><\/figure><\/div>\n\n\n\n<p class=\"justificar\">Caraballo invit\u00f3 a reflexionar sobre la manipulaci\u00f3n, la presi\u00f3n social y las consecuencias de estas tendencias que buscan popularidad a costa de la seguridad personal y colectiva.<\/p>\n\n\n\n<p class=\"justificar\">Los<strong> retos virales<\/strong>, actos en tendencia que se popularizan en redes sociales, suelen ser realizados por personas que buscan fama sin medir los riesgos que implican para s\u00ed mismos y para otros. Estos desaf\u00edos, aunque parecen inofensivos, pueden tener graves consecuencias para la <strong>salud f\u00edsica y mental<\/strong>, especialmente entre los j\u00f3venes.<\/p>\n\n\n\n<p class=\"justificar\">Ante esta realidad, Caraballo resalt\u00f3 la importancia del <strong>control parental<\/strong> y el acceso supervisado a Internet. Herramientas como establecer horarios de uso, monitorear las p\u00e1ginas visitadas y bloquear descargas inapropiadas son fundamentales para proteger a los menores.<\/p>\n\n\n\n<p class=\"justificar\">Adem\u00e1s, los padres, representantes y docentes cuentan con la iniciativa \u00abNo te enredes con las redes\u00bb, activa desde 2017, que ofrece charlas educativas para j\u00f3venes y padres, promoviendo un uso responsable de las redes sociales.<\/p>\n\n\n\n<p class=\"justificar\">Pero, \u00bfqu\u00e9 m\u00e1s se puede hacer para contrarrestar los retos virales? Adem\u00e1s de no compartirlos y denunciarlos ante las autoridades, es crucial reportar estas pr\u00e1cticas en las propias redes sociales, donde las cuentas que incurren en irregularidades pueden ser suspendidas.<strong> Jhomary Caraballo<\/strong> hizo un llamado a los padres a informarse sobre estos retos y a educar a sus hijos sobre sus peligros.<\/p>\n\n\n\n<p class=\"justificar\">\u00ab<strong>Las redes sociales<\/strong> no son para los ni\u00f1os\u00bb, advirti\u00f3 Caraballo, subrayando la responsabilidad de los padres en la supervisi\u00f3n y educaci\u00f3n de los m\u00e1s j\u00f3venes. Para la especialista, mentir sobre la edad o pensar que las redes son un refugio seguro, son errores comunes que exponen a los menores a nuevos peligros.<\/p>\n\n\n\n<p class=\"justificar\">A su juicio, el reto actual no es ganar likes, sino evitar el peligro. Para lograrlo, es esencial crear un ambiente de confianza en casa, hablar con claridad sobre los riesgos de interactuar en redes y fomentar un uso consciente de la tecnolog\u00eda. Como concluye el episodio: \u00abEn la prevenci\u00f3n est\u00e1 la disminuci\u00f3n del delito\u00bb.<\/p>\n\n\n\n<p class=\"justificar\" style=\"margin-bottom:var(--wp--preset--spacing--40)\">No te pierdas este importante episodio de <strong>Con\u00e9ctate<\/strong>, disponible en <strong>YouTube<\/strong>. \u00a1Con\u00e9ctate con la realidad y protege a tus seres queridos!<\/p>\n\n\n\n<p><\/p>\n","protected":false},"excerpt":{"rendered":"<p>Segundo episodio de Con\u00e9ctate, el podcast de Conatel: Manipulaci\u00f3n, presi\u00f3n social y riesgos detr\u00e1s de los retos virales La abogada e inspector agregado del Cuerpo de Investigaciones Cient\u00edficas, Penales y Criminal\u00edsticas (CICPC), Jhomary Caraballo, enumer\u00f3 durante su participaci\u00f3n en Con\u00e9ctate, el podcast de CONATEL, los riesgos f\u00edsicos, mentales y sociales que esconden los retos virales. [&hellip;]<\/p>\n","protected":false},"author":7,"featured_media":0,"parent":0,"menu_order":0,"comment_status":"closed","ping_status":"closed","template":"","meta":{"footnotes":""},"class_list":["post-5402","page","type-page","status-publish","hentry"],"blocksy_meta":[],"_links":{"self":[{"href":"https:\/\/conatel.gob.ve\/index.php?rest_route=\/wp\/v2\/pages\/5402","targetHints":{"allow":["GET"]}}],"collection":[{"href":"https:\/\/conatel.gob.ve\/index.php?rest_route=\/wp\/v2\/pages"}],"about":[{"href":"https:\/\/conatel.gob.ve\/index.php?rest_route=\/wp\/v2\/types\/page"}],"author":[{"embeddable":true,"href":"https:\/\/conatel.gob.ve\/index.php?rest_route=\/wp\/v2\/users\/7"}],"replies":[{"embeddable":true,"href":"https:\/\/conatel.gob.ve\/index.php?rest_route=%2Fwp%2Fv2%2Fcomments&post=5402"}],"version-history":[{"count":3,"href":"https:\/\/conatel.gob.ve\/index.php?rest_route=\/wp\/v2\/pages\/5402\/revisions"}],"predecessor-version":[{"id":5411,"href":"https:\/\/conatel.gob.ve\/index.php?rest_route=\/wp\/v2\/pages\/5402\/revisions\/5411"}],"wp:attachment":[{"href":"https:\/\/conatel.gob.ve\/index.php?rest_route=%2Fwp%2Fv2%2Fmedia&parent=5402"}],"curies":[{"name":"wp","href":"https:\/\/api.w.org\/{rel}","templated":true}]}}