{"id":6501,"date":"2025-06-13T08:57:51","date_gmt":"2025-06-13T12:57:51","guid":{"rendered":"https:\/\/conatel.gob.ve\/?page_id=6501"},"modified":"2025-06-13T09:24:32","modified_gmt":"2025-06-13T13:24:32","slug":"laser-de-puntos-cuanticos-revolucion-en-fibra-optica-para-menor-consumo-energetico-y-mayor-eficiencia","status":"publish","type":"page","link":"https:\/\/conatel.gob.ve\/?page_id=6501","title":{"rendered":"L\u00e1ser de puntos cu\u00e1nticos: revoluci\u00f3n en Fibra \u00d3ptica para menor consumo energ\u00e9tico y mayor eficiencia"},"content":{"rendered":"\n<div class=\"wp-block-stackable-heading stk-block-heading stk-block-heading--v2 stk-block stk-850ac49\" id=\"strong-laser-de-puntos-cuanticos-revolucion-en-fibra-optica-para-menor-consumo-energetico-y-mayor-eficiencia-strong\" data-block-id=\"850ac49\"><style>.stk-850ac49 {margin-top:20px !important;}.stk-850ac49 .stk-block-heading__text{font-size:24px !important;}@media screen and (max-width:999px){.stk-850ac49 .stk-block-heading__text{font-size:24px !important;}}<\/style><h1 class=\"stk-block-heading__text has-text-align-center\"><strong>L\u00e1ser de puntos cu\u00e1nticos: revoluci\u00f3n en Fibra \u00d3ptica para menor consumo energ\u00e9tico y mayor eficiencia<\/strong><\/h1><\/div>\n\n\n\n<div class=\"wp-block-stackable-image stk-block-image stk-block stk-3237f4e\" data-block-id=\"3237f4e\"><figure><span class=\"stk-img-wrapper stk-image--shape-stretch\"><img fetchpriority=\"high\" decoding=\"async\" class=\"stk-img wp-image-6500\" src=\"https:\/\/conatel.gob.ve\/wp-content\/uploads\/2025\/06\/laser-de-puntos-cuanticos-revolucion-en-Fibra-Optica-1125x360-1.png\" width=\"1125\" height=\"360\" alt=\"L\u00e1ser de puntos cu\u00e1nticos: revoluci\u00f3n en Fibra \u00d3ptica para menor consumo energ\u00e9tico y mayor eficiencia\" srcset=\"https:\/\/conatel.gob.ve\/wp-content\/uploads\/2025\/06\/laser-de-puntos-cuanticos-revolucion-en-Fibra-Optica-1125x360-1.png 1125w, https:\/\/conatel.gob.ve\/wp-content\/uploads\/2025\/06\/laser-de-puntos-cuanticos-revolucion-en-Fibra-Optica-1125x360-1-300x96.png 300w, https:\/\/conatel.gob.ve\/wp-content\/uploads\/2025\/06\/laser-de-puntos-cuanticos-revolucion-en-Fibra-Optica-1125x360-1-1024x328.png 1024w, https:\/\/conatel.gob.ve\/wp-content\/uploads\/2025\/06\/laser-de-puntos-cuanticos-revolucion-en-Fibra-Optica-1125x360-1-768x246.png 768w\" sizes=\"(max-width: 1125px) 100vw, 1125px\" \/><\/span><\/figure><\/div>\n\n\n\n<p class=\"justificar\">En un mundo donde la demanda de transmisi\u00f3n de datos m\u00e1s r\u00e1pida y eficiente energ\u00e9ticamente no deja de crecer, la fibra \u00f3ptica se posiciona como la columna vertebral de las telecomunicaciones modernas. <\/p>\n\n\n\n<p class=\"justificar\">Sin embargo, los sistemas actuales enfrentan desaf\u00edos en cuanto a consumo energ\u00e9tico y escalabilidad. Ante esto, el&nbsp;Instituto Nacional de Tecnolog\u00eda de la Informaci\u00f3n y las Comunicaciones (NICT) de Jap\u00f3n&nbsp;ha logrado un avance trascendental: el desarrollo de un&nbsp;l\u00e1ser de puntos cu\u00e1nticos (QD)&nbsp;que opera en la banda de&nbsp;1.550 nm, longitud de onda clave para las comunicaciones \u00f3pticas. <\/p>\n\n\n\n<p class=\"justificar\">Este innovador l\u00e1ser, basado en tecnolog\u00eda&nbsp;VCSEL&nbsp;(Vertical-Cavity Surface-Emitting Laser), no solo reduce el consumo de energ\u00eda, sino que tambi\u00e9n promete&nbsp;mayor eficiencia, miniaturizaci\u00f3n y reducci\u00f3n de costos&nbsp;gracias a su dise\u00f1o escalable. <\/p>\n\n\n\n<p class=\"justificar\"><strong>Puntos cu\u00e1nticos y precisi\u00f3n nanom\u00e9trica<\/strong> <\/p>\n\n\n\n<p class=\"justificar\">Los&nbsp;puntos cu\u00e1nticos&nbsp;son estructuras semiconductoras a escala nanom\u00e9trica que act\u00faan como fuentes de ganancia \u00f3ptica altamente eficientes. Su implementaci\u00f3n en l\u00e1seres VCSEL permite: <\/p>\n\n\n\n<p class=\"justificar\">* Emisi\u00f3n de luz con baja corriente de umbral&nbsp;(solo&nbsp;13 mA).<\/p>\n\n\n\n<p class=\"justificar\">* Mayor estabilidad t\u00e9rmica y control de polarizaci\u00f3n, crucial para transmisiones de alta velocidad. <\/p>\n\n\n\n<p class=\"justificar\">* Producci\u00f3n en masa, gracias a t\u00e9cnicas avanzadas de&nbsp;epitaxia de haz molecular&nbsp;para el crecimiento de cristales.<\/p>\n\n\n\n<p class=\"justificar\"><strong>Superando Barreras T\u00e9cnicas<\/strong> <\/p>\n\n\n\n<p class=\"justificar\">Uno de los mayores retos fue lograr un&nbsp;reflector Bragg distribuido (DBR)&nbsp;con&nbsp;reflectividad superior al 99%&nbsp;en la banda de&nbsp;1.550 nm, donde las opciones de materiales son limitadas. El equipo del NICT optimiz\u00f3 la proporci\u00f3n de materiales semiconductores durante el crecimiento, resolviendo este obst\u00e1culo.<\/p>\n\n\n\n<p class=\"justificar\">Adem\u00e1s, se implement\u00f3 una&nbsp;estructura de uni\u00f3n t\u00fanel&nbsp;que mejora la inyecci\u00f3n de corriente y la extracci\u00f3n de luz, esencial para los VCSEL, que emiten luz perpendicularmente al chip. <\/p>\n\n\n\n<p class=\"justificar\"><strong>Impacto en las Telecomunicaciones<\/strong> <\/p>\n\n\n\n<p class=\"justificar\">Este desarrollo tiene implicaciones profundas: <\/p>\n\n\n\n<p class=\"justificar\">* Reducci\u00f3n del consumo energ\u00e9tico: Ideal para centros de datos y redes 5G\/6G, donde la eficiencia es cr\u00edtica. <\/p>\n\n\n\n<p class=\"justificar\">* Mayor velocidad y estabilidad: Menores fluctuaciones de polarizaci\u00f3n permiten transmisiones m\u00e1s limpias.<\/p>\n\n\n\n<p class=\"justificar\">* Escalabilidad industrial: La fabricaci\u00f3n en masa abaratar\u00e1 costos, acelerando su adopci\u00f3n global. <\/p>\n\n\n\n<p class=\"justificar\">El l\u00e1ser de puntos cu\u00e1nticos del NICT no solo resuelve problemas t\u00e9cnicos, sino que sienta las bases para una nueva generaci\u00f3n de sistemas \u00f3pticos&nbsp;m\u00e1s r\u00e1pidos, verdes y accesibles. En un futuro cercano, esta tecnolog\u00eda podr\u00eda integrarse en infraestructuras cr\u00edticas, desde Internet submarino hasta Inteligencia Artificial, consolidando la fibra \u00f3ptica como el medio de comunicaci\u00f3n del siglo XXI.<\/p>\n\n\n\n<p><\/p>\n","protected":false},"excerpt":{"rendered":"<p>L\u00e1ser de puntos cu\u00e1nticos: revoluci\u00f3n en Fibra \u00d3ptica para menor consumo energ\u00e9tico y mayor eficiencia En un mundo donde la demanda de transmisi\u00f3n de datos m\u00e1s r\u00e1pida y eficiente energ\u00e9ticamente no deja de crecer, la fibra \u00f3ptica se posiciona como la columna vertebral de las telecomunicaciones modernas. Sin embargo, los sistemas actuales enfrentan desaf\u00edos en [&hellip;]<\/p>\n","protected":false},"author":7,"featured_media":0,"parent":0,"menu_order":0,"comment_status":"closed","ping_status":"closed","template":"","meta":{"footnotes":""},"class_list":["post-6501","page","type-page","status-publish","hentry"],"blocksy_meta":[],"_links":{"self":[{"href":"https:\/\/conatel.gob.ve\/index.php?rest_route=\/wp\/v2\/pages\/6501","targetHints":{"allow":["GET"]}}],"collection":[{"href":"https:\/\/conatel.gob.ve\/index.php?rest_route=\/wp\/v2\/pages"}],"about":[{"href":"https:\/\/conatel.gob.ve\/index.php?rest_route=\/wp\/v2\/types\/page"}],"author":[{"embeddable":true,"href":"https:\/\/conatel.gob.ve\/index.php?rest_route=\/wp\/v2\/users\/7"}],"replies":[{"embeddable":true,"href":"https:\/\/conatel.gob.ve\/index.php?rest_route=%2Fwp%2Fv2%2Fcomments&post=6501"}],"version-history":[{"count":3,"href":"https:\/\/conatel.gob.ve\/index.php?rest_route=\/wp\/v2\/pages\/6501\/revisions"}],"predecessor-version":[{"id":6516,"href":"https:\/\/conatel.gob.ve\/index.php?rest_route=\/wp\/v2\/pages\/6501\/revisions\/6516"}],"wp:attachment":[{"href":"https:\/\/conatel.gob.ve\/index.php?rest_route=%2Fwp%2Fv2%2Fmedia&parent=6501"}],"curies":[{"name":"wp","href":"https:\/\/api.w.org\/{rel}","templated":true}]}}