{"id":6756,"date":"2025-07-11T09:15:59","date_gmt":"2025-07-11T13:15:59","guid":{"rendered":"https:\/\/conatel.gob.ve\/?page_id=6756"},"modified":"2025-07-11T09:51:54","modified_gmt":"2025-07-11T13:51:54","slug":"concurso-abierto-no-conatel-oga-ca-017-2025","status":"publish","type":"page","link":"https:\/\/conatel.gob.ve\/?page_id=6756","title":{"rendered":"CONCURSO ABIERTO No CONATEL-OGA-CA-017-2025"},"content":{"rendered":"\n<div class=\"wp-block-stackable-heading stk-block-heading stk-block-heading--v2 stk-block stk-0d8e691\" id=\"concurso-abierto-no-conatel-oga-ca-017-2025\" data-block-id=\"0d8e691\"><style>.stk-0d8e691 {margin-top:20px !important;}.stk-0d8e691 .stk-block-heading__text{font-size:24px !important;}@media screen and (max-width:999px){.stk-0d8e691 .stk-block-heading__text{font-size:24px !important;}}<\/style><h1 class=\"stk-block-heading__text has-text-align-center\">CONCURSO ABIERTO No CONATEL-OGA-CA-017-2025<\/h1><\/div>\n\n\n\n<p class=\"justificar\" style=\"margin-bottom:var(--wp--preset--spacing--40)\"><strong>ADQUISICI\u00d3N DE ZAPATOS ESCOLARES PARA LOS HIJOS E HIJAS DE LOS TRABAJADORES ACTIVOS, JUBILADOS Y PENSIONADOS DE LA COMISI\u00d3N NACIONAL DE TELECOMUNICACIONES (CONATEL), CORRESPONDIENTE AL A\u00d1O 2025<\/strong><\/p>\n\n\n\n<div data-wp-interactive=\"core\/file\" class=\"wp-block-file\"><object data-wp-bind--hidden=\"!state.hasPdfPreview\" hidden class=\"wp-block-file__embed\" data=\"https:\/\/conatel.gob.ve\/wp-content\/uploads\/2025\/07\/LLAMADO-CA-017-2025-ZAPATOS-Escolares.pdf\" type=\"application\/pdf\" style=\"width:100%;height:600px\" aria-label=\"Incrustado de Descargar Archivo No CONATEL-OGA-CA-017-2025.\"><\/object><a id=\"wp-block-file--media-1633c925-cfa8-4d09-839f-e7fd38d87757\" href=\"https:\/\/conatel.gob.ve\/wp-content\/uploads\/2025\/07\/LLAMADO-CA-017-2025-ZAPATOS-Escolares.pdf\">Descargar Archivo No CONATEL-OGA-CA-017-2025<\/a><a href=\"https:\/\/conatel.gob.ve\/wp-content\/uploads\/2025\/07\/LLAMADO-CA-017-2025-ZAPATOS-Escolares.pdf\" class=\"wp-block-file__button wp-element-button\" download aria-describedby=\"wp-block-file--media-1633c925-cfa8-4d09-839f-e7fd38d87757\">Descarga<\/a><\/div>\n","protected":false},"excerpt":{"rendered":"<p>CONCURSO ABIERTO No CONATEL-OGA-CA-017-2025 ADQUISICI\u00d3N DE ZAPATOS ESCOLARES PARA LOS HIJOS E HIJAS DE LOS TRABAJADORES ACTIVOS, JUBILADOS Y PENSIONADOS DE LA COMISI\u00d3N NACIONAL DE TELECOMUNICACIONES (CONATEL), CORRESPONDIENTE AL A\u00d1O 2025<\/p>\n","protected":false},"author":7,"featured_media":0,"parent":0,"menu_order":0,"comment_status":"closed","ping_status":"closed","template":"","meta":{"footnotes":""},"class_list":["post-6756","page","type-page","status-publish","hentry"],"blocksy_meta":[],"_links":{"self":[{"href":"https:\/\/conatel.gob.ve\/index.php?rest_route=\/wp\/v2\/pages\/6756","targetHints":{"allow":["GET"]}}],"collection":[{"href":"https:\/\/conatel.gob.ve\/index.php?rest_route=\/wp\/v2\/pages"}],"about":[{"href":"https:\/\/conatel.gob.ve\/index.php?rest_route=\/wp\/v2\/types\/page"}],"author":[{"embeddable":true,"href":"https:\/\/conatel.gob.ve\/index.php?rest_route=\/wp\/v2\/users\/7"}],"replies":[{"embeddable":true,"href":"https:\/\/conatel.gob.ve\/index.php?rest_route=%2Fwp%2Fv2%2Fcomments&post=6756"}],"version-history":[{"count":2,"href":"https:\/\/conatel.gob.ve\/index.php?rest_route=\/wp\/v2\/pages\/6756\/revisions"}],"predecessor-version":[{"id":6759,"href":"https:\/\/conatel.gob.ve\/index.php?rest_route=\/wp\/v2\/pages\/6756\/revisions\/6759"}],"wp:attachment":[{"href":"https:\/\/conatel.gob.ve\/index.php?rest_route=%2Fwp%2Fv2%2Fmedia&parent=6756"}],"curies":[{"name":"wp","href":"https:\/\/api.w.org\/{rel}","templated":true}]}}