{"id":6807,"date":"2025-07-15T15:33:58","date_gmt":"2025-07-15T19:33:58","guid":{"rendered":"https:\/\/conatel.gob.ve\/?page_id=6807"},"modified":"2025-07-15T15:49:45","modified_gmt":"2025-07-15T19:49:45","slug":"senades-forma-a-padres-y-ninos-para-evitar-riesgos-en-internet","status":"publish","type":"page","link":"https:\/\/conatel.gob.ve\/?page_id=6807","title":{"rendered":"Senades forma a padres y ni\u00f1os para evitar riesgos en internet"},"content":{"rendered":"\n<div class=\"wp-block-stackable-heading stk-block-heading stk-block-heading--v2 stk-block stk-21ca9d5\" id=\"senades-forma-a-padres-y-ninos-para-evitar-riesgos-en-internet\" data-block-id=\"21ca9d5\"><style>.stk-21ca9d5 {margin-top:20px !important;}.stk-21ca9d5 .stk-block-heading__text{font-size:24px !important;}@media screen and (max-width:999px){.stk-21ca9d5 .stk-block-heading__text{font-size:24px !important;}}<\/style><h1 class=\"stk-block-heading__text has-text-align-center\">Senades forma a padres y ni\u00f1os para evitar riesgos en internet<\/h1><\/div>\n\n\n\n<p class=\"justificar\"><strong><em>Alejandra Aguiar, abogada y coordinadora del Servicio Nacional para el Desarme (Senades) en Miranda, advirti\u00f3 sobre los crecientes peligros que enfrentan ni\u00f1os y adolescentes en el mundo digital, durante una entrevista ofrecida al podcast Con\u00e9ctate de Conatel.<\/em><\/strong><\/p>\n\n\n\n<div class=\"wp-block-stackable-image stk-block-image stk-block stk-6bc4a31\" data-block-id=\"6bc4a31\"><style>.stk-6bc4a31 .stk-img-wrapper img{object-fit:scale-down !important;}@media screen and (max-width:689px){.stk-6bc4a31 .stk-img-wrapper img{object-fit:scale-down !important;}}<\/style><figure><span class=\"stk-img-wrapper stk-image--shape-stretch\"><img fetchpriority=\"high\" decoding=\"async\" class=\"stk-img wp-image-6808\" src=\"https:\/\/conatel.gob.ve\/wp-content\/uploads\/2025\/07\/Senades_1125-14-DE-JULIO.png\" width=\"1125\" height=\"360\" alt=\"CONATEL Senades forma a padres y ni\u00f1os para evitar riesgos en internet\" srcset=\"https:\/\/conatel.gob.ve\/wp-content\/uploads\/2025\/07\/Senades_1125-14-DE-JULIO.png 1125w, https:\/\/conatel.gob.ve\/wp-content\/uploads\/2025\/07\/Senades_1125-14-DE-JULIO-300x96.png 300w, https:\/\/conatel.gob.ve\/wp-content\/uploads\/2025\/07\/Senades_1125-14-DE-JULIO-1024x328.png 1024w, https:\/\/conatel.gob.ve\/wp-content\/uploads\/2025\/07\/Senades_1125-14-DE-JULIO-768x246.png 768w\" sizes=\"(max-width: 1125px) 100vw, 1125px\" \/><\/span><\/figure><\/div>\n\n\n\n<p class=\"justificar\">Aguiar explic\u00f3 que, a medida que avanza la tecnolog\u00eda, tambi\u00e9n aumentan los desaf\u00edos en materia de seguridad. \u00abAl interactuar con los estudiantes, en una serie de talleres que venimos realizando para concientizar sobre el uso de redes sociales y dispositivos m\u00f3viles, identificamos situaciones de riesgo. Son ellos mismos quienes, durante los talleres, nos proporcionan informaci\u00f3n clave para seguir form\u00e1ndolos\u00bb, se\u00f1al\u00f3.<\/p>\n\n\n\n<p class=\"justificar\">El objetivo de estas capacitaciones es brindar herramientas para un uso responsable de la tecnolog\u00eda, abordando temas como el manejo de contenido en redes sociales, la suplantaci\u00f3n de identidad y los riesgos de compartir informaci\u00f3n con desconocidos.<\/p>\n\n\n\n<p class=\"justificar\">\u00abNo adornamos la realidad. Los j\u00f3venes son claros al hablar de factores de riesgo y protecci\u00f3n, incluso mencionan redes como espacios que no son malos en s\u00ed mismos, pero cuyo uso inadecuado puede generar peligros\u00bb, afirm\u00f3.<\/p>\n\n\n\n<p><strong>Los peligros de la vulnerabilidad emocional<\/strong><\/p>\n\n\n\n<p class=\"justificar\">La coordinadora del <strong>senades<\/strong> en Miranda destac\u00f3 que la preadolescencia y la adolescencia son etapas cr\u00edticas debido a la b\u00fasqueda de identidad y la falta de supervisi\u00f3n parental.<\/p>\n\n\n\n<p class=\"justificar\">\u00abMuchos padres no detectan las necesidades emocionales de sus hijos. Si en casa no les demuestran que son valiosos y apoyados, su estabilidad emocional se ve afectada, lo que puede llevarlos a cometer errores en l\u00ednea\u00bb, alert\u00f3.<\/p>\n\n\n\n<p class=\"justificar\">Adem\u00e1s, mencion\u00f3 que juegos b\u00e9licos pueden influir en conductas agresivas, normalizando la evasi\u00f3n de normas. \u00abSi un ni\u00f1o pasa horas en juegos donde violar reglas es parte de la estrategia, puede empezar a replicar ese comportamiento en la vida real\u00bb, explic\u00f3.<\/p>\n\n\n\n<p><strong>Talleres para padres: herramientas concretas<\/strong><\/p>\n\n\n\n<p class=\"justificar\">El <strong>Senades<\/strong> tambi\u00e9n dirige talleres para padres, madres y cuidadores, enfocados en ofrecer m\u00e9todos pr\u00e1cticos para comunicarse con los adolescentes. \u00abNo damos charlas, sino herramientas para abordar problemas espec\u00edficos\u00bb, afirm\u00f3 Aguilar.<\/p>\n\n\n\n<p class=\"justificar\">Hizo un llamado a la supervisi\u00f3n activa: \u00abSi no monitoreamos lo que ven o con qui\u00e9n interact\u00faan, no podemos detectar se\u00f1ales de alerta. Un cambio de conducta es una se\u00f1al de que algo ocurre\u00bb.<\/p>\n\n\n\n<p class=\"justificar\">Finalmente, recalc\u00f3 que el ejemplo de los adultos es crucial: \u00abSi queremos que los ni\u00f1os reduzcan el uso de redes, debemos ser los primeros en dar el ejemplo. Nuestra relaci\u00f3n con el tel\u00e9fono influye directamente en su comportamiento\u00bb.<\/p>\n\n\n\n<p class=\"justificar\" style=\"margin-bottom:var(--wp--preset--spacing--50)\">Con estas iniciativas, el <strong>Senades<\/strong> busca crear conciencia sobre los peligros digitales y promover un entorno m\u00e1s seguro para los j\u00f3venes.<\/p>\n","protected":false},"excerpt":{"rendered":"<p>Senades forma a padres y ni\u00f1os para evitar riesgos en internet Alejandra Aguiar, abogada y coordinadora del Servicio Nacional para el Desarme (Senades) en Miranda, advirti\u00f3 sobre los crecientes peligros que enfrentan ni\u00f1os y adolescentes en el mundo digital, durante una entrevista ofrecida al podcast Con\u00e9ctate de Conatel. Aguiar explic\u00f3 que, a medida que avanza [&hellip;]<\/p>\n","protected":false},"author":7,"featured_media":0,"parent":0,"menu_order":0,"comment_status":"closed","ping_status":"closed","template":"","meta":{"footnotes":""},"class_list":["post-6807","page","type-page","status-publish","hentry"],"blocksy_meta":[],"_links":{"self":[{"href":"https:\/\/conatel.gob.ve\/index.php?rest_route=\/wp\/v2\/pages\/6807","targetHints":{"allow":["GET"]}}],"collection":[{"href":"https:\/\/conatel.gob.ve\/index.php?rest_route=\/wp\/v2\/pages"}],"about":[{"href":"https:\/\/conatel.gob.ve\/index.php?rest_route=\/wp\/v2\/types\/page"}],"author":[{"embeddable":true,"href":"https:\/\/conatel.gob.ve\/index.php?rest_route=\/wp\/v2\/users\/7"}],"replies":[{"embeddable":true,"href":"https:\/\/conatel.gob.ve\/index.php?rest_route=%2Fwp%2Fv2%2Fcomments&post=6807"}],"version-history":[{"count":4,"href":"https:\/\/conatel.gob.ve\/index.php?rest_route=\/wp\/v2\/pages\/6807\/revisions"}],"predecessor-version":[{"id":6812,"href":"https:\/\/conatel.gob.ve\/index.php?rest_route=\/wp\/v2\/pages\/6807\/revisions\/6812"}],"wp:attachment":[{"href":"https:\/\/conatel.gob.ve\/index.php?rest_route=%2Fwp%2Fv2%2Fmedia&parent=6807"}],"curies":[{"name":"wp","href":"https:\/\/api.w.org\/{rel}","templated":true}]}}