{"id":7333,"date":"2025-08-22T10:13:25","date_gmt":"2025-08-22T14:13:25","guid":{"rendered":"https:\/\/conatel.gob.ve\/?page_id=7333"},"modified":"2025-08-22T10:25:45","modified_gmt":"2025-08-22T14:25:45","slug":"operadores-consignaron-documentacion-requerida-para-participar-en-subasta-de-bloques-de-frecuencia","status":"publish","type":"page","link":"https:\/\/conatel.gob.ve\/?page_id=7333","title":{"rendered":"Operadores consignaron documentaci\u00f3n requerida para participar en subasta de bloques de frecuencia"},"content":{"rendered":"\n<div class=\"wp-block-stackable-heading stk-block-heading stk-block-heading--v2 stk-block stk-6b4467b\" id=\"operadores-consignaron-documentacion-requerida-para-participar-en-subasta-de-bloques-de-frecuencia\" data-block-id=\"6b4467b\"><style>.stk-6b4467b {margin-top:20px !important;}.stk-6b4467b .stk-block-heading__text{font-size:24px !important;}@media screen and (max-width:999px){.stk-6b4467b .stk-block-heading__text{font-size:24px !important;}}<\/style><h1 class=\"stk-block-heading__text has-text-align-center\">Operadores consignaron documentaci\u00f3n requerida para participar en subasta de bloques de frecuencia<\/h1><\/div>\n\n\n\n<p class=\"justificar\"><em><strong>Con esta segunda subasta se busca que los prestadores de servicios puedan participar en una competencia justa por porciones del espectro radioel\u00e9ctrico. <\/strong><\/em><\/p>\n\n\n\n<div class=\"wp-block-stackable-image stk-block-image stk-block stk-dd30562\" data-block-id=\"dd30562\"><figure><span class=\"stk-img-wrapper stk-image--shape-stretch\"><img fetchpriority=\"high\" decoding=\"async\" class=\"stk-img wp-image-7339\" src=\"https:\/\/conatel.gob.ve\/wp-content\/uploads\/2025\/08\/operadores-consignaron-documentacion-1125x360-1.png\" width=\"1125\" height=\"360\" alt=\"Operadores consignaron documentaci\u00f3n requerida para participar en subasta de bloques de frecuencia\" srcset=\"https:\/\/conatel.gob.ve\/wp-content\/uploads\/2025\/08\/operadores-consignaron-documentacion-1125x360-1.png 1125w, https:\/\/conatel.gob.ve\/wp-content\/uploads\/2025\/08\/operadores-consignaron-documentacion-1125x360-1-300x96.png 300w, https:\/\/conatel.gob.ve\/wp-content\/uploads\/2025\/08\/operadores-consignaron-documentacion-1125x360-1-1024x328.png 1024w, https:\/\/conatel.gob.ve\/wp-content\/uploads\/2025\/08\/operadores-consignaron-documentacion-1125x360-1-768x246.png 768w\" sizes=\"(max-width: 1125px) 100vw, 1125px\" \/><\/span><\/figure><\/div>\n\n\n\n<p class=\"justificar\">Este jueves se llev\u00f3 a cabo la recepci\u00f3n de los documentos requeridos en el pliego de condiciones generales para la participaci\u00f3n en la Oferta P\u00fablica, convocada desde la Comisi\u00f3n Nacional de Telecomunicaciones (<strong>Conatel<\/strong>), para el otorgamiento, a trav\u00e9s de proceso de subasta, de los <strong>bloques de frecuencia CC&#8217; DD&#8217; FF&#8217; GG&#8217;<\/strong>. <\/p>\n\n\n\n<p class=\"justificar\">Los operadores que desean participar en el proceso de puja, consignaron la documentaci\u00f3n en la sede de la<strong> Bolsa de Valores de Caracas<\/strong>, para que sea revisada por la Comisi\u00f3n de Oferta P\u00fablica, qui\u00e9n presentar\u00e1 un informe de recomendaciones al Consejo Directivo de <strong>Conatel<\/strong>, en aras de establecer y otorgar la cualidad de precalificados a los participantes que resulten evaluados de forma positiva.<\/p>\n\n\n\n<p class=\"justificar\">En este sentido, el presidente de la<strong> Bolsa de Valores de Caracas<\/strong>, <strong>Jos\u00e9 Grasso Vecchio<\/strong>, se\u00f1al\u00f3 la importancia de las telecomunicaciones para el desarrollo del pa\u00eds, destacando que \u00ablas comunicaciones se ven m\u00e1s r\u00e1pidas, m\u00e1s modernas y esas son las ventajas de que se hagan estos procesos que son muy importantes para la econom\u00eda del pa\u00eds\u00bb.<\/p>\n\n\n\n<p class=\"justificar\"> Esta ser\u00eda la segunda subasta que se realiza en Venezuela para ofrecer porciones del espectro radioel\u00e9ctrico, con la participaci\u00f3n de diferentes operadores nacionales.<\/p>\n\n\n\n<p><\/p>\n","protected":false},"excerpt":{"rendered":"<p>Operadores consignaron documentaci\u00f3n requerida para participar en subasta de bloques de frecuencia Con esta segunda subasta se busca que los prestadores de servicios puedan participar en una competencia justa por porciones del espectro radioel\u00e9ctrico. Este jueves se llev\u00f3 a cabo la recepci\u00f3n de los documentos requeridos en el pliego de condiciones generales para la participaci\u00f3n [&hellip;]<\/p>\n","protected":false},"author":7,"featured_media":0,"parent":0,"menu_order":0,"comment_status":"closed","ping_status":"closed","template":"","meta":{"footnotes":""},"class_list":["post-7333","page","type-page","status-publish","hentry"],"blocksy_meta":[],"_links":{"self":[{"href":"https:\/\/conatel.gob.ve\/index.php?rest_route=\/wp\/v2\/pages\/7333","targetHints":{"allow":["GET"]}}],"collection":[{"href":"https:\/\/conatel.gob.ve\/index.php?rest_route=\/wp\/v2\/pages"}],"about":[{"href":"https:\/\/conatel.gob.ve\/index.php?rest_route=\/wp\/v2\/types\/page"}],"author":[{"embeddable":true,"href":"https:\/\/conatel.gob.ve\/index.php?rest_route=\/wp\/v2\/users\/7"}],"replies":[{"embeddable":true,"href":"https:\/\/conatel.gob.ve\/index.php?rest_route=%2Fwp%2Fv2%2Fcomments&post=7333"}],"version-history":[{"count":5,"href":"https:\/\/conatel.gob.ve\/index.php?rest_route=\/wp\/v2\/pages\/7333\/revisions"}],"predecessor-version":[{"id":7347,"href":"https:\/\/conatel.gob.ve\/index.php?rest_route=\/wp\/v2\/pages\/7333\/revisions\/7347"}],"wp:attachment":[{"href":"https:\/\/conatel.gob.ve\/index.php?rest_route=%2Fwp%2Fv2%2Fmedia&parent=7333"}],"curies":[{"name":"wp","href":"https:\/\/api.w.org\/{rel}","templated":true}]}}