{"id":7642,"date":"2025-09-16T16:55:49","date_gmt":"2025-09-16T20:55:49","guid":{"rendered":"https:\/\/conatel.gob.ve\/?page_id=7642"},"modified":"2025-09-17T21:00:39","modified_gmt":"2025-09-18T01:00:39","slug":"conatel-alerta-sobre-riesgos-de-aplicaciones-no-oficiales-e-insta-a-extremar-medidas-de-seguridad","status":"publish","type":"page","link":"https:\/\/conatel.gob.ve\/?page_id=7642","title":{"rendered":"CONATEL alerta sobre riesgos de aplicaciones no oficiales e insta a extremar medidas de seguridad"},"content":{"rendered":"\n<div class=\"wp-block-stackable-heading stk-block-heading stk-block-heading--v2 stk-block stk-15ef034\" id=\"conatel-alerta-sobre-riesgos-de-aplicaciones-no-oficiales-e-insta-a-extremar-medidas-de-seguridad\" data-block-id=\"15ef034\"><style>.stk-15ef034 {margin-top:20px !important;}.stk-15ef034 .stk-block-heading__text{font-size:24px !important;}@media screen and (max-width:999px){.stk-15ef034 .stk-block-heading__text{font-size:24px !important;}}<\/style><h1 class=\"stk-block-heading__text has-text-align-center\">CONATEL alerta sobre riesgos de aplicaciones no oficiales e insta a extremar medidas de seguridad<\/h1><\/div>\n\n\n\n<p class=\"justificar\"><strong><em>La Comisi\u00f3n Nacional de Telecomunicaciones (CONATEL), en ejercicio de sus atribuciones y en estricto cumplimiento del marco legal venezolano, emiti\u00f3 una alerta para prevenir a los usuarios sobre los graves riesgos asociados a la descarga y uso de aplicaciones no certificadas que ofrecen acceso a contenidos multimedia, tales como MagisTv y Flujo Tv.<\/em><\/strong><\/p>\n\n\n\n<div class=\"wp-block-stackable-image stk-block-image stk-block stk-4b3cfab\" data-block-id=\"4b3cfab\"><figure><span class=\"stk-img-wrapper stk-image--shape-stretch\"><img fetchpriority=\"high\" decoding=\"async\" class=\"stk-img wp-image-7643\" src=\"https:\/\/conatel.gob.ve\/wp-content\/uploads\/2025\/09\/riesgos_aplicaciones_oficiales_1125.png\" width=\"1125\" height=\"320\" srcset=\"https:\/\/conatel.gob.ve\/wp-content\/uploads\/2025\/09\/riesgos_aplicaciones_oficiales_1125.png 1125w, https:\/\/conatel.gob.ve\/wp-content\/uploads\/2025\/09\/riesgos_aplicaciones_oficiales_1125-300x85.png 300w, https:\/\/conatel.gob.ve\/wp-content\/uploads\/2025\/09\/riesgos_aplicaciones_oficiales_1125-1024x291.png 1024w, https:\/\/conatel.gob.ve\/wp-content\/uploads\/2025\/09\/riesgos_aplicaciones_oficiales_1125-768x218.png 768w\" sizes=\"(max-width: 1125px) 100vw, 1125px\" \/><\/span><\/figure><\/div>\n\n\n\n<p><strong>Este llamado se sustenta en los siguientes instrumentos legales:<\/strong><\/p>\n\n\n\n<ul class=\"wp-block-list\">\n<li class=\"justificar\">La Ley Org\u00e1nica de Telecomunicaciones, que en su art\u00edculo 12, numeral 2, consagra el derecho de los usuarios a la privacidad e inviolabilidad de sus telecomunicaciones.<\/li>\n<\/ul>\n\n\n\n<ul class=\"wp-block-list\">\n<li class=\"justificar\">La Ley Org\u00e1nica para la Protecci\u00f3n de Ni\u00f1os, Ni\u00f1as y Adolescentes (LOPNNA), la cual en su art\u00edculo 65 establece el derecho al honor, reputaci\u00f3n, propia imagen, vida privada e intimidad familiar de todos los ni\u00f1os, ni\u00f1as y adolescentes.<\/li>\n<\/ul>\n\n\n\n<ul class=\"wp-block-list\">\n<li class=\"justificar\">La Ley Especial contra los Delitos Inform\u00e1ticos, que en sus art\u00edculos 20, 21 y 22 tipifica como delito el apoderamiento y uso indebido de datos personales sin consentimiento, atentando contra la privacidad de las personas y de las telecomunicaciones.<\/li>\n<\/ul>\n\n\n\n<p class=\"justificar\">El Estado venezolano, en un esfuerzo coordinado con los proveedores de servicios de Internet y operadores de telecomunicaciones, advierte que estas aplicaciones representan una amenaza latente para la seguridad digital de los ciudadanos. Adem\u00e1s, existe una alta probabilidad de que, al ser descargadas, instalen de forma simult\u00e1nea software malicioso que compromete la integridad de los dispositivos de los usuarios.<\/p>\n\n\n\n<p class=\"justificar\"><strong>Este software puede permitir el acceso no autorizado a elementos sensibles del hogar, como:<\/strong><\/p>\n\n\n\n<ul class=\"wp-block-list\">\n<li>C\u00e1maras y micr\u00f3fonos.<\/li>\n<\/ul>\n\n\n\n<ul class=\"wp-block-list\">\n<li>Galer\u00edas de fotos y archivos personales.<\/li>\n<\/ul>\n\n\n\n<ul class=\"wp-block-list\">\n<li>Claves bancarias y informaci\u00f3n financiera.<\/li>\n<\/ul>\n\n\n\n<ul class=\"wp-block-list\">\n<li>Datos personales de todos los integrantes de la familia.<\/li>\n<\/ul>\n\n\n\n<p class=\"justificar\">La informaci\u00f3n sustra\u00edda podr\u00eda ser utilizada para generar graves da\u00f1os econ\u00f3micos, morales e incluso f\u00edsicos, al vulnerar la identidad digital y la seguridad personal y familiar.<\/p>\n\n\n\n<p class=\"justificar\">En este sentido, CONATEL exhorta a la poblaci\u00f3n a abstenerse de descargar y utilizar aplicaciones de fuentes no oficiales o de dudosa procedencia, como MagisTv y Flujo Tv.<\/p>\n\n\n\n<p class=\"justificar\">No compartir su usuario y clave de la red WIFI con personas que no sean de su entera confianza, y mantenerse alerta ante mensajes sospechosos (correos, SMS, pop-ups) que soliciten informaci\u00f3n confidencial.<\/p>\n\n\n\n<p class=\"justificar\" style=\"margin-bottom:var(--wp--preset--spacing--50)\">Con estas acciones, CONATEL reafirma su compromiso de garantizar un entorno digital m\u00e1s seguro para todos los venezolanos, protegiendo sus derechos fundamentales en el ciberespacio.<\/p>\n","protected":false},"excerpt":{"rendered":"<p>CONATEL alerta sobre riesgos de aplicaciones no oficiales e insta a extremar medidas de seguridad La Comisi\u00f3n Nacional de Telecomunicaciones (CONATEL), en ejercicio de sus atribuciones y en estricto cumplimiento del marco legal venezolano, emiti\u00f3 una alerta para prevenir a los usuarios sobre los graves riesgos asociados a la descarga y uso de aplicaciones no [&hellip;]<\/p>\n","protected":false},"author":7,"featured_media":7651,"parent":0,"menu_order":0,"comment_status":"closed","ping_status":"closed","template":"","meta":{"footnotes":""},"class_list":["post-7642","page","type-page","status-publish","has-post-thumbnail","hentry"],"blocksy_meta":[],"_links":{"self":[{"href":"https:\/\/conatel.gob.ve\/index.php?rest_route=\/wp\/v2\/pages\/7642","targetHints":{"allow":["GET"]}}],"collection":[{"href":"https:\/\/conatel.gob.ve\/index.php?rest_route=\/wp\/v2\/pages"}],"about":[{"href":"https:\/\/conatel.gob.ve\/index.php?rest_route=\/wp\/v2\/types\/page"}],"author":[{"embeddable":true,"href":"https:\/\/conatel.gob.ve\/index.php?rest_route=\/wp\/v2\/users\/7"}],"replies":[{"embeddable":true,"href":"https:\/\/conatel.gob.ve\/index.php?rest_route=%2Fwp%2Fv2%2Fcomments&post=7642"}],"version-history":[{"count":7,"href":"https:\/\/conatel.gob.ve\/index.php?rest_route=\/wp\/v2\/pages\/7642\/revisions"}],"predecessor-version":[{"id":7650,"href":"https:\/\/conatel.gob.ve\/index.php?rest_route=\/wp\/v2\/pages\/7642\/revisions\/7650"}],"wp:featuredmedia":[{"embeddable":true,"href":"https:\/\/conatel.gob.ve\/index.php?rest_route=\/wp\/v2\/media\/7651"}],"wp:attachment":[{"href":"https:\/\/conatel.gob.ve\/index.php?rest_route=%2Fwp%2Fv2%2Fmedia&parent=7642"}],"curies":[{"name":"wp","href":"https:\/\/api.w.org\/{rel}","templated":true}]}}