{"id":8650,"date":"2025-11-19T09:47:09","date_gmt":"2025-11-19T13:47:09","guid":{"rendered":"https:\/\/conatel.gob.ve\/?page_id=8650"},"modified":"2025-11-19T10:28:17","modified_gmt":"2025-11-19T14:28:17","slug":"conatel-actualiza-su-plataforma-e-incorpora-nuevo-modulo-para-homologacion-y-certificacion-de-equipos-de-telecomunicaciones","status":"publish","type":"page","link":"https:\/\/conatel.gob.ve\/?page_id=8650","title":{"rendered":"CONATEL actualiza su plataforma e incorpora nuevo m\u00f3dulo para homologaci\u00f3n y certificaci\u00f3n de equipos de telecomunicaciones"},"content":{"rendered":"\n<div class=\"wp-block-stackable-heading stk-block-heading stk-block-heading--v2 stk-block stk-9ca26c4\" id=\"conatel-actualiza-su-plataforma-e-incorpora-nuevo-modulo-para-homologacion-y-certificacion-de-equipos-de-telecomunicaciones\" data-block-id=\"9ca26c4\"><style>.stk-9ca26c4 {margin-top:23px !important;}.stk-9ca26c4 .stk-block-heading__text{font-size:24px !important;}@media screen and (max-width:999px){.stk-9ca26c4 .stk-block-heading__text{font-size:24px !important;}}<\/style><h1 class=\"stk-block-heading__text has-text-align-center\">CONATEL actualiza su plataforma e incorpora nuevo m\u00f3dulo para homologaci\u00f3n y certificaci\u00f3n de equipos de telecomunicaciones<\/h1><\/div>\n\n\n\n<p class=\"justificar\"><strong><em>La Comisi\u00f3n Nacional de Telecomunicaciones (CONATEL) contin\u00faa avanzando en su proceso de automatizaci\u00f3n de servicios con el lanzamiento de un nuevo m\u00f3dulo en su Sistema de Gesti\u00f3n de Telecomunicaciones en l\u00ednea (SIGESTEL), dedicado a la homologaci\u00f3n y certificaci\u00f3n de equipos.<\/em><\/strong><\/p>\n\n\n\n<div class=\"wp-block-stackable-image stk-block-image stk-block stk-a47ad95\" data-block-id=\"a47ad95\"><figure><span class=\"stk-img-wrapper stk-image--shape-stretch\"><img fetchpriority=\"high\" decoding=\"async\" class=\"stk-img wp-image-8658\" src=\"https:\/\/conatel.gob.ve\/wp-content\/uploads\/2025\/11\/CONATEL-actualiza-su-plataforma_1125x360px.png\" width=\"1125\" height=\"320\" alt=\"CONATEL actualiza su plataforma e incorpora nuevo m\u00f3dulo para homologaci\u00f3n y certificaci\u00f3n de equipos de telecomunicaciones\" srcset=\"https:\/\/conatel.gob.ve\/wp-content\/uploads\/2025\/11\/CONATEL-actualiza-su-plataforma_1125x360px.png 1125w, https:\/\/conatel.gob.ve\/wp-content\/uploads\/2025\/11\/CONATEL-actualiza-su-plataforma_1125x360px-300x85.png 300w, https:\/\/conatel.gob.ve\/wp-content\/uploads\/2025\/11\/CONATEL-actualiza-su-plataforma_1125x360px-1024x291.png 1024w, https:\/\/conatel.gob.ve\/wp-content\/uploads\/2025\/11\/CONATEL-actualiza-su-plataforma_1125x360px-768x218.png 768w\" sizes=\"(max-width: 1125px) 100vw, 1125px\" \/><\/span><\/figure><\/div>\n\n\n\n<p class=\"justificar\">Esta actualizaci\u00f3n de la plataforma tiene como objetivo principal simplificar y agilizar tr\u00e1mites, ofreciendo a los usuarios un proceso 100% digital. <\/p>\n\n\n\n<p class=\"justificar\">La iniciativa refuerza el compromiso de <strong>Conatel<\/strong> con la soberan\u00eda digital, facilitando el acceso a servicios en l\u00ednea de manera eficiente y transparente. <\/p>\n\n\n\n<p class=\"justificar\"><strong>\u00bfC\u00f3mo realizar el tr\u00e1mite? <\/strong><\/p>\n\n\n\n<p class=\"justificar\">Los interesados en homologar y certificar equipos pueden seguir estos sencillos pasos:<\/p>\n\n\n\n<p class=\"justificar\"> Ingresa al sitio web oficial de Conatel: <strong><a href=\"https:\/\/www.conatel.gob.ve\/\" target=\"_blank\" rel=\"noreferrer noopener\">www.conatel.gob.ve<\/a><\/strong>.<\/p>\n\n\n\n<p class=\"justificar\">Haz clic en el logo de <strong>SIGESTEL<\/strong> ubicado en la p\u00e1gina principal. <\/p>\n\n\n\n<p class=\"justificar\">Llena el formulario en l\u00ednea con todos los requisitos necesarios para iniciar el proceso.<\/p>\n\n\n\n<p><\/p>\n","protected":false},"excerpt":{"rendered":"<p>CONATEL actualiza su plataforma e incorpora nuevo m\u00f3dulo para homologaci\u00f3n y certificaci\u00f3n de equipos de telecomunicaciones La Comisi\u00f3n Nacional de Telecomunicaciones (CONATEL) contin\u00faa avanzando en su proceso de automatizaci\u00f3n de servicios con el lanzamiento de un nuevo m\u00f3dulo en su Sistema de Gesti\u00f3n de Telecomunicaciones en l\u00ednea (SIGESTEL), dedicado a la homologaci\u00f3n y certificaci\u00f3n de [&hellip;]<\/p>\n","protected":false},"author":7,"featured_media":0,"parent":0,"menu_order":0,"comment_status":"closed","ping_status":"closed","template":"","meta":{"footnotes":""},"class_list":["post-8650","page","type-page","status-publish","hentry"],"blocksy_meta":[],"_links":{"self":[{"href":"https:\/\/conatel.gob.ve\/index.php?rest_route=\/wp\/v2\/pages\/8650","targetHints":{"allow":["GET"]}}],"collection":[{"href":"https:\/\/conatel.gob.ve\/index.php?rest_route=\/wp\/v2\/pages"}],"about":[{"href":"https:\/\/conatel.gob.ve\/index.php?rest_route=\/wp\/v2\/types\/page"}],"author":[{"embeddable":true,"href":"https:\/\/conatel.gob.ve\/index.php?rest_route=\/wp\/v2\/users\/7"}],"replies":[{"embeddable":true,"href":"https:\/\/conatel.gob.ve\/index.php?rest_route=%2Fwp%2Fv2%2Fcomments&post=8650"}],"version-history":[{"count":5,"href":"https:\/\/conatel.gob.ve\/index.php?rest_route=\/wp\/v2\/pages\/8650\/revisions"}],"predecessor-version":[{"id":8660,"href":"https:\/\/conatel.gob.ve\/index.php?rest_route=\/wp\/v2\/pages\/8650\/revisions\/8660"}],"wp:attachment":[{"href":"https:\/\/conatel.gob.ve\/index.php?rest_route=%2Fwp%2Fv2%2Fmedia&parent=8650"}],"curies":[{"name":"wp","href":"https:\/\/api.w.org\/{rel}","templated":true}]}}