{"id":9495,"date":"2026-02-23T18:36:20","date_gmt":"2026-02-23T22:36:20","guid":{"rendered":"https:\/\/conatel.gob.ve\/?page_id=9495"},"modified":"2026-02-23T19:13:56","modified_gmt":"2026-02-23T23:13:56","slug":"thundernet-la-fibra-optica-y-el-ixp-venezuela-marcan-la-diferencia-en-la-calidad-del-internet","status":"publish","type":"page","link":"https:\/\/conatel.gob.ve\/?page_id=9495","title":{"rendered":"Thundernet: La Fibra \u00d3ptica y el IXP Venezuela marcan la diferencia en la calidad del Internet"},"content":{"rendered":"\n<div class=\"wp-block-stackable-heading stk-block-heading stk-block-heading--v2 stk-block stk-db8f65f\" id=\"thundernet-la-fibra-optica-y-el-ixp-venezuela-marcan-la-diferencia-en-la-calidad-del-internet\" data-block-id=\"db8f65f\"><style>.stk-db8f65f {margin-top:20px !important;}.stk-db8f65f .stk-block-heading__text{font-size:24px !important;}@media screen and (max-width:999px){.stk-db8f65f .stk-block-heading__text{font-size:24px !important;}}<\/style><h1 class=\"stk-block-heading__text has-text-align-center\">Thundernet: La Fibra \u00d3ptica y el IXP Venezuela marcan la diferencia en la calidad del Internet<\/h1><\/div>\n\n\n\n<p class=\"justificar\"><strong><em>Mientras las conexiones satelitales emergen como una opci\u00f3n para zonas remotas, el sector de las telecomunicaciones en el pa\u00eds centra sus esfuerzos en un factor clave para la calidad del servicio: la latencia.<\/em><\/strong><\/p>\n\n\n\n<div class=\"wp-block-stackable-image stk-block-image stk-block stk-30b2be9\" data-block-id=\"30b2be9\"><figure><span class=\"stk-img-wrapper stk-image--shape-stretch\"><img fetchpriority=\"high\" decoding=\"async\" class=\"stk-img wp-image-9511\" src=\"https:\/\/conatel.gob.ve\/wp-content\/uploads\/2026\/02\/Thundernet-La-Fibra-Optica-y-el-IXP1125x320.png\" width=\"1125\" height=\"320\" alt=\"Conatel impulsa la transformaci\u00f3n digital de Venezuela con el desarrollo del IXP y las redes neutras\" srcset=\"https:\/\/conatel.gob.ve\/wp-content\/uploads\/2026\/02\/Thundernet-La-Fibra-Optica-y-el-IXP1125x320.png 1125w, https:\/\/conatel.gob.ve\/wp-content\/uploads\/2026\/02\/Thundernet-La-Fibra-Optica-y-el-IXP1125x320-300x85.png 300w, https:\/\/conatel.gob.ve\/wp-content\/uploads\/2026\/02\/Thundernet-La-Fibra-Optica-y-el-IXP1125x320-1024x291.png 1024w, https:\/\/conatel.gob.ve\/wp-content\/uploads\/2026\/02\/Thundernet-La-Fibra-Optica-y-el-IXP1125x320-768x218.png 768w\" sizes=\"(max-width: 1125px) 100vw, 1125px\" \/><\/span><\/figure><\/div>\n\n\n\n<p class=\"justificar\">En lo que el CEO de Thundernet, Jos\u00e9 Domingo La Candia, denomin\u00f3 \u00abla carrera por disminuir la latencia\u00bb, la fibra \u00f3ptica y el desarrollo del IXP Venezuela (Punto de Intercambio de Tr\u00e1fico) se posicionan como las tecnolog\u00edas ganadoras para ofrecer al usuario una mejor experiencia en Internet.<\/p>\n\n\n\n<p class=\"justificar\">Mientras un servicio satelital puede ofrecer latencias que rondan los 80 a 120 milisegundos variables, la fibra \u00f3ptica puede alcanzar un ping de 3 milisegundos a cualquier p\u00e1gina. Esta diferencia es abismal para aplicaciones que requieren inmediatez, como los videojuegos en l\u00ednea, las videollamadas de alta calidad o el streaming.<\/p>\n\n\n\n<p class=\"justificar\">El servicio satelital es visto como un complemento \u00fatil para zonas remotas, para la gente que va de viaje. Sin embargo, para \u00ablograr la calidad que estamos tratando de lograr, la fibra \u00f3ptica, potenciada por la eficiencia del tr\u00e1fico local que permite el IXP Venezuela, se consolida como la mejor opci\u00f3n\u00bb, destac\u00f3 La Candia.<\/p>\n\n\n\n<p><\/p>\n","protected":false},"excerpt":{"rendered":"<p>Thundernet: La Fibra \u00d3ptica y el IXP Venezuela marcan la diferencia en la calidad del Internet Mientras las conexiones satelitales emergen como una opci\u00f3n para zonas remotas, el sector de las telecomunicaciones en el pa\u00eds centra sus esfuerzos en un factor clave para la calidad del servicio: la latencia. En lo que el CEO de [&hellip;]<\/p>\n","protected":false},"author":7,"featured_media":9513,"parent":0,"menu_order":0,"comment_status":"closed","ping_status":"closed","template":"","meta":{"footnotes":""},"class_list":["post-9495","page","type-page","status-publish","has-post-thumbnail","hentry"],"blocksy_meta":[],"_links":{"self":[{"href":"https:\/\/conatel.gob.ve\/index.php?rest_route=\/wp\/v2\/pages\/9495","targetHints":{"allow":["GET"]}}],"collection":[{"href":"https:\/\/conatel.gob.ve\/index.php?rest_route=\/wp\/v2\/pages"}],"about":[{"href":"https:\/\/conatel.gob.ve\/index.php?rest_route=\/wp\/v2\/types\/page"}],"author":[{"embeddable":true,"href":"https:\/\/conatel.gob.ve\/index.php?rest_route=\/wp\/v2\/users\/7"}],"replies":[{"embeddable":true,"href":"https:\/\/conatel.gob.ve\/index.php?rest_route=%2Fwp%2Fv2%2Fcomments&post=9495"}],"version-history":[{"count":7,"href":"https:\/\/conatel.gob.ve\/index.php?rest_route=\/wp\/v2\/pages\/9495\/revisions"}],"predecessor-version":[{"id":9522,"href":"https:\/\/conatel.gob.ve\/index.php?rest_route=\/wp\/v2\/pages\/9495\/revisions\/9522"}],"wp:featuredmedia":[{"embeddable":true,"href":"https:\/\/conatel.gob.ve\/index.php?rest_route=\/wp\/v2\/media\/9513"}],"wp:attachment":[{"href":"https:\/\/conatel.gob.ve\/index.php?rest_route=%2Fwp%2Fv2%2Fmedia&parent=9495"}],"curies":[{"name":"wp","href":"https:\/\/api.w.org\/{rel}","templated":true}]}}