{"id":9576,"date":"2026-02-26T12:20:19","date_gmt":"2026-02-26T16:20:19","guid":{"rendered":"https:\/\/conatel.gob.ve\/?page_id=9576"},"modified":"2026-02-26T14:28:54","modified_gmt":"2026-02-26T18:28:54","slug":"casetel-el-sector-telecomunicaciones-venezolano-no-va-a-dejar-de-crecer","status":"publish","type":"page","link":"https:\/\/conatel.gob.ve\/?page_id=9576","title":{"rendered":"CASETEL: El sector telecomunicaciones venezolano no va a dejar de crecer"},"content":{"rendered":"\n<div class=\"wp-block-stackable-heading stk-block-heading stk-block-heading--v2 stk-block stk-d5b57d9\" id=\"casetel-el-sector-telecomunicaciones-venezolano-no-va-a-dejar-de-crecer\" data-block-id=\"d5b57d9\"><style>.stk-d5b57d9 {margin-top:20px !important;}.stk-d5b57d9 .stk-block-heading__text{font-size:24px !important;}@media screen and (max-width:999px){.stk-d5b57d9 .stk-block-heading__text{font-size:24px !important;}}<\/style><h1 class=\"stk-block-heading__text has-text-align-center\">CASETEL: El sector telecomunicaciones venezolano no va a dejar de crecer<\/h1><\/div>\n\n\n\n<p class=\"justificar\"><strong><em>El presidente de la C\u00e1mara de Empresas de Servicios de Telecomunicaciones (CASETEL), Juan Andr\u00e9s Krumins, afirm\u00f3 que el sector se ha consolidado como un pilar estrat\u00e9gico y el principal motor de la econom\u00eda venezolana.<\/em><\/strong><\/p>\n\n\n\n<div class=\"wp-block-stackable-image stk-block-image stk-block stk-9619633\" data-block-id=\"9619633\"><style>.stk-9619633 .stk-img-wrapper img{object-fit:scale-down !important;}@media screen and (max-width:689px){.stk-9619633 .stk-img-wrapper img{object-fit:scale-down !important;}}<\/style><figure><span class=\"stk-img-wrapper stk-image--shape-stretch\"><img fetchpriority=\"high\" decoding=\"async\" class=\"stk-img wp-image-9577\" src=\"https:\/\/conatel.gob.ve\/wp-content\/uploads\/2026\/02\/CASETEL_sector_telecomunicaciones_no_va_a_dejar_crecer_1125.png\" width=\"1125\" height=\"320\" alt=\"CASETEL: El sector telecomunicaciones venezolano no va a dejar de crecer\" srcset=\"https:\/\/conatel.gob.ve\/wp-content\/uploads\/2026\/02\/CASETEL_sector_telecomunicaciones_no_va_a_dejar_crecer_1125.png 1125w, https:\/\/conatel.gob.ve\/wp-content\/uploads\/2026\/02\/CASETEL_sector_telecomunicaciones_no_va_a_dejar_crecer_1125-300x85.png 300w, https:\/\/conatel.gob.ve\/wp-content\/uploads\/2026\/02\/CASETEL_sector_telecomunicaciones_no_va_a_dejar_crecer_1125-1024x291.png 1024w, https:\/\/conatel.gob.ve\/wp-content\/uploads\/2026\/02\/CASETEL_sector_telecomunicaciones_no_va_a_dejar_crecer_1125-768x218.png 768w\" sizes=\"(max-width: 1125px) 100vw, 1125px\" \/><\/span><\/figure><\/div>\n\n\n\n<p class=\"justificar\">Durante su participaci\u00f3n en el programa \u00abConatel al Aire\u00bb, Krumins destac\u00f3 el crecimiento vertiginoso del sector, impulsado por la sinergia entre el Estado, el empresariado y los usuarios.<\/p>\n\n\n\n<p class=\"justificar\">\u00abLas telecomunicaciones son un eje transversal en la econom\u00eda. Colaboramos al desarrollo del comercio electr\u00f3nico y el comercio digital\u00bb, expres\u00f3 Krumins, quien adem\u00e1s asegur\u00f3 que el gremio est\u00e1 convencido del potencial del pa\u00eds y de que el sector seguir\u00e1 en crecimiento.<\/p>\n\n\n\n<p class=\"justificar\" style=\"margin-bottom:var(--wp--preset--spacing--50)\">\u00abVenezuela es un pa\u00eds de oportunidades. En la medida en que todo siga transcurriendo como hasta ahora, el sector no va a dejar de crecer. Lo reitero: el sector no va a dejar de crecer\u00bb, afirm\u00f3 con \u00e9nfasis.<\/p>\n","protected":false},"excerpt":{"rendered":"<p>CASETEL: El sector telecomunicaciones venezolano no va a dejar de crecer El presidente de la C\u00e1mara de Empresas de Servicios de Telecomunicaciones (CASETEL), Juan Andr\u00e9s Krumins, afirm\u00f3 que el sector se ha consolidado como un pilar estrat\u00e9gico y el principal motor de la econom\u00eda venezolana. Durante su participaci\u00f3n en el programa \u00abConatel al Aire\u00bb, Krumins [&hellip;]<\/p>\n","protected":false},"author":7,"featured_media":9578,"parent":0,"menu_order":0,"comment_status":"closed","ping_status":"closed","template":"","meta":{"footnotes":""},"class_list":["post-9576","page","type-page","status-publish","has-post-thumbnail","hentry"],"blocksy_meta":[],"_links":{"self":[{"href":"https:\/\/conatel.gob.ve\/index.php?rest_route=\/wp\/v2\/pages\/9576","targetHints":{"allow":["GET"]}}],"collection":[{"href":"https:\/\/conatel.gob.ve\/index.php?rest_route=\/wp\/v2\/pages"}],"about":[{"href":"https:\/\/conatel.gob.ve\/index.php?rest_route=\/wp\/v2\/types\/page"}],"author":[{"embeddable":true,"href":"https:\/\/conatel.gob.ve\/index.php?rest_route=\/wp\/v2\/users\/7"}],"replies":[{"embeddable":true,"href":"https:\/\/conatel.gob.ve\/index.php?rest_route=%2Fwp%2Fv2%2Fcomments&post=9576"}],"version-history":[{"count":2,"href":"https:\/\/conatel.gob.ve\/index.php?rest_route=\/wp\/v2\/pages\/9576\/revisions"}],"predecessor-version":[{"id":9580,"href":"https:\/\/conatel.gob.ve\/index.php?rest_route=\/wp\/v2\/pages\/9576\/revisions\/9580"}],"wp:featuredmedia":[{"embeddable":true,"href":"https:\/\/conatel.gob.ve\/index.php?rest_route=\/wp\/v2\/media\/9578"}],"wp:attachment":[{"href":"https:\/\/conatel.gob.ve\/index.php?rest_route=%2Fwp%2Fv2%2Fmedia&parent=9576"}],"curies":[{"name":"wp","href":"https:\/\/api.w.org\/{rel}","templated":true}]}}