{"id":9678,"date":"2026-03-13T14:34:24","date_gmt":"2026-03-13T18:34:24","guid":{"rendered":"https:\/\/conatel.gob.ve\/?page_id=9678"},"modified":"2026-03-13T14:38:17","modified_gmt":"2026-03-13T18:38:17","slug":"conatel-recibe-comunicacion-de-varias-ong-medios-independientes-y-cnp","status":"publish","type":"page","link":"https:\/\/conatel.gob.ve\/?page_id=9678","title":{"rendered":"Conatel recibe comunicaci\u00f3n de varias ONG, medios independientes y CNP"},"content":{"rendered":"\n<div class=\"wp-block-stackable-heading stk-block-heading stk-block-heading--v2 stk-block stk-ca58dbb\" id=\"conatel-recibe-comunicacion-de-varias-ong-medios-independientes-y-cnp\" data-block-id=\"ca58dbb\"><style>.stk-ca58dbb {margin-top:20px !important;}.stk-ca58dbb .stk-block-heading__text{font-size:24px !important;}@media screen and (max-width:999px){.stk-ca58dbb .stk-block-heading__text{font-size:24px !important;}}<\/style><h1 class=\"stk-block-heading__text has-text-align-center\">Conatel recibe comunicaci\u00f3n de varias ONG, medios independientes y CNP<\/h1><\/div>\n\n\n\n<p class=\"justificar\"><strong><em>La Comisi\u00f3n Nacional de Telecomunicaciones (CONATEL), recibi\u00f3 este viernes 13 de marzo una comunicaci\u00f3n de parte de diferentes Organizaciones No Gubernamentales, medios independientes y el Colegio Nacional de Periodistas donde solicitan la revisi\u00f3n de supuestos bloqueos, que impedir\u00edan el acceso a diversas p\u00e1ginas web en el pa\u00eds.<\/em><\/strong><\/p>\n\n\n\n<div class=\"wp-block-stackable-image stk-block-image stk-block stk-ed663cb\" data-block-id=\"ed663cb\"><style>.stk-ed663cb .stk-img-wrapper img{object-fit:scale-down !important;}@media screen and (max-width:689px){.stk-ed663cb .stk-img-wrapper img{object-fit:scale-down !important;}}<\/style><figure><span class=\"stk-img-wrapper stk-image--shape-stretch\"><img fetchpriority=\"high\" decoding=\"async\" class=\"stk-img wp-image-9679\" src=\"https:\/\/conatel.gob.ve\/wp-content\/uploads\/2026\/03\/Conatel_comunicacion_ONG_CNP_1125.png\" width=\"1125\" height=\"320\" alt=\"Conatel recibe comunicaci\u00f3n de varias ONG, medios independientes y CNP\" srcset=\"https:\/\/conatel.gob.ve\/wp-content\/uploads\/2026\/03\/Conatel_comunicacion_ONG_CNP_1125.png 1125w, https:\/\/conatel.gob.ve\/wp-content\/uploads\/2026\/03\/Conatel_comunicacion_ONG_CNP_1125-300x85.png 300w, https:\/\/conatel.gob.ve\/wp-content\/uploads\/2026\/03\/Conatel_comunicacion_ONG_CNP_1125-1024x291.png 1024w, https:\/\/conatel.gob.ve\/wp-content\/uploads\/2026\/03\/Conatel_comunicacion_ONG_CNP_1125-768x218.png 768w\" sizes=\"(max-width: 1125px) 100vw, 1125px\" \/><\/span><\/figure><\/div>\n\n\n\n<p class=\"justificar\">La documentaci\u00f3n entregada ser\u00e1 evaluada por el ente regulador conforme a los procedimientos establecidos, tomando en cuenta la normativa legal vigente en materia de telecomunicaciones y el ordenamiento jur\u00eddico del pa\u00eds.<\/p>\n\n\n\n<p class=\"justificar\" style=\"margin-bottom:var(--wp--preset--spacing--50)\">Las organizaciones, que tuvieron un espacio en las afueras de la sede de la Comisi\u00f3n para emitir declaraciones a los principales medios del pa\u00eds, tambi\u00e9n solicitaron que se abra una ventana de di\u00e1logo con el nuevo director de <strong>CONATEL<\/strong>, Enrique Quintana.<\/p>\n\n\n\n<p><\/p>\n","protected":false},"excerpt":{"rendered":"<p>Conatel recibe comunicaci\u00f3n de varias ONG, medios independientes y CNP La Comisi\u00f3n Nacional de Telecomunicaciones (CONATEL), recibi\u00f3 este viernes 13 de marzo una comunicaci\u00f3n de parte de diferentes Organizaciones No Gubernamentales, medios independientes y el Colegio Nacional de Periodistas donde solicitan la revisi\u00f3n de supuestos bloqueos, que impedir\u00edan el acceso a diversas p\u00e1ginas web en [&hellip;]<\/p>\n","protected":false},"author":7,"featured_media":0,"parent":0,"menu_order":0,"comment_status":"closed","ping_status":"closed","template":"","meta":{"footnotes":""},"class_list":["post-9678","page","type-page","status-publish","hentry"],"blocksy_meta":[],"_links":{"self":[{"href":"https:\/\/conatel.gob.ve\/index.php?rest_route=\/wp\/v2\/pages\/9678","targetHints":{"allow":["GET"]}}],"collection":[{"href":"https:\/\/conatel.gob.ve\/index.php?rest_route=\/wp\/v2\/pages"}],"about":[{"href":"https:\/\/conatel.gob.ve\/index.php?rest_route=\/wp\/v2\/types\/page"}],"author":[{"embeddable":true,"href":"https:\/\/conatel.gob.ve\/index.php?rest_route=\/wp\/v2\/users\/7"}],"replies":[{"embeddable":true,"href":"https:\/\/conatel.gob.ve\/index.php?rest_route=%2Fwp%2Fv2%2Fcomments&post=9678"}],"version-history":[{"count":2,"href":"https:\/\/conatel.gob.ve\/index.php?rest_route=\/wp\/v2\/pages\/9678\/revisions"}],"predecessor-version":[{"id":9681,"href":"https:\/\/conatel.gob.ve\/index.php?rest_route=\/wp\/v2\/pages\/9678\/revisions\/9681"}],"wp:attachment":[{"href":"https:\/\/conatel.gob.ve\/index.php?rest_route=%2Fwp%2Fv2%2Fmedia&parent=9678"}],"curies":[{"name":"wp","href":"https:\/\/api.w.org\/{rel}","templated":true}]}}