{"id":9775,"date":"2026-04-15T18:49:52","date_gmt":"2026-04-15T22:49:52","guid":{"rendered":"https:\/\/conatel.gob.ve\/?page_id=9775"},"modified":"2026-04-15T18:54:36","modified_gmt":"2026-04-15T22:54:36","slug":"asamblea-nacional-estudia-instrumentos-legales-para-blindar-a-venezolanos-en-materia-digital","status":"publish","type":"page","link":"https:\/\/conatel.gob.ve\/?page_id=9775","title":{"rendered":"Asamblea Nacional estudia instrumentos legales para blindar a venezolanos en materia digital"},"content":{"rendered":"\n<div class=\"wp-block-stackable-heading stk-block-heading stk-block-heading--v2 stk-block stk-14614cd\" id=\"asamblea-nacional-estudia-instrumentos-legales-para-blindar-a-venezolanos-en-materia-digital\" data-block-id=\"14614cd\"><style>.stk-14614cd {margin-top:20px !important;}.stk-14614cd .stk-block-heading__text{font-size:24px !important;}@media screen and (max-width:999px){.stk-14614cd .stk-block-heading__text{font-size:24px !important;}}<\/style><h1 class=\"stk-block-heading__text has-text-align-center\">Asamblea Nacional estudia instrumentos legales para blindar a venezolanos en materia digital<\/h1><\/div>\n\n\n\n<p class=\"justificar\"><strong><em>El Poder Legislativo venezolano se prepara para dar un paso fundamental, con la discusi\u00f3n de tres instrumentos legales que buscan establecer un marco de protecci\u00f3n para los venezolanos en materia digital.<\/em><\/strong><\/p>\n\n\n\n<div class=\"wp-block-stackable-image stk-block-image stk-block stk-15884cd\" data-block-id=\"15884cd\"><style>.stk-15884cd .stk-img-wrapper img{object-fit:scale-down !important;}@media screen and (max-width:689px){.stk-15884cd .stk-img-wrapper img{object-fit:scale-down !important;}}<\/style><figure><span class=\"stk-img-wrapper stk-image--shape-stretch\"><img fetchpriority=\"high\" decoding=\"async\" class=\"stk-img wp-image-9776\" src=\"https:\/\/conatel.gob.ve\/wp-content\/uploads\/2026\/04\/Asamblea_Nacional_estudia_instrumentos_legales_1125.png\" width=\"1125\" height=\"320\" alt=\"Asamblea Nacional estudia instrumentos legales para blindar a venezolanos en materia digital\n\" srcset=\"https:\/\/conatel.gob.ve\/wp-content\/uploads\/2026\/04\/Asamblea_Nacional_estudia_instrumentos_legales_1125.png 1125w, https:\/\/conatel.gob.ve\/wp-content\/uploads\/2026\/04\/Asamblea_Nacional_estudia_instrumentos_legales_1125-300x85.png 300w, https:\/\/conatel.gob.ve\/wp-content\/uploads\/2026\/04\/Asamblea_Nacional_estudia_instrumentos_legales_1125-1024x291.png 1024w, https:\/\/conatel.gob.ve\/wp-content\/uploads\/2026\/04\/Asamblea_Nacional_estudia_instrumentos_legales_1125-768x218.png 768w\" sizes=\"(max-width: 1125px) 100vw, 1125px\" \/><\/span><\/figure><\/div>\n\n\n\n<p class=\"justificar\">As\u00ed lo explic\u00f3 el periodista especializado en ciberseguridad, Jeisson Rauseo, quien destac\u00f3 que hist\u00f3ricamente ha sido complicado legislar en materia de tecnolog\u00eda por el avance que tiene ese sector.<\/p>\n\n\n\n<p class=\"justificar\">En este contexto, la Asamblea Nacional incluy\u00f3 en la agenda legislativa del a\u00f1o tres proyectos clave para regular el ecosistema digital. Se trata de la Ley de Inteligencia Artificial, cuya discusi\u00f3n preliminar inici\u00f3 el a\u00f1o pasado; la Ley de Derechos Digitales; y la Ley de Ciberseguridad.<\/p>\n\n\n\n<p class=\"justificar\">Seg\u00fan Rauseo, estos textos entrar\u00e1n en discusi\u00f3n formal en el Parlamento en cualquier momento y se convertir\u00e1n en una herramienta indispensable para garantizar el desarrollo del pa\u00eds, en un contexto donde cada vez m\u00e1s tr\u00e1mites, transacciones y comunicaciones dependen del entorno digital.<\/p>\n\n\n\n<p class=\"justificar\" style=\"margin-bottom:var(--wp--preset--spacing--50)\">La iniciativa refleja una tendencia global que busca equilibrar la innovaci\u00f3n tecnol\u00f3gica con la protecci\u00f3n de los derechos fundamentales. Otros pa\u00edses de la regi\u00f3n tambi\u00e9n trabajan en marcos normativos sobre inteligencia artificial y ciberseguridad, reconociendo que el rezago legal puede frenar el desarrollo econ\u00f3mico y social.<\/p>\n","protected":false},"excerpt":{"rendered":"<p>Asamblea Nacional estudia instrumentos legales para blindar a venezolanos en materia digital El Poder Legislativo venezolano se prepara para dar un paso fundamental, con la discusi\u00f3n de tres instrumentos legales que buscan establecer un marco de protecci\u00f3n para los venezolanos en materia digital. As\u00ed lo explic\u00f3 el periodista especializado en ciberseguridad, Jeisson Rauseo, quien destac\u00f3 [&hellip;]<\/p>\n","protected":false},"author":7,"featured_media":9778,"parent":0,"menu_order":0,"comment_status":"closed","ping_status":"closed","template":"","meta":{"footnotes":""},"class_list":["post-9775","page","type-page","status-publish","has-post-thumbnail","hentry"],"blocksy_meta":[],"_links":{"self":[{"href":"https:\/\/conatel.gob.ve\/index.php?rest_route=\/wp\/v2\/pages\/9775","targetHints":{"allow":["GET"]}}],"collection":[{"href":"https:\/\/conatel.gob.ve\/index.php?rest_route=\/wp\/v2\/pages"}],"about":[{"href":"https:\/\/conatel.gob.ve\/index.php?rest_route=\/wp\/v2\/types\/page"}],"author":[{"embeddable":true,"href":"https:\/\/conatel.gob.ve\/index.php?rest_route=\/wp\/v2\/users\/7"}],"replies":[{"embeddable":true,"href":"https:\/\/conatel.gob.ve\/index.php?rest_route=%2Fwp%2Fv2%2Fcomments&post=9775"}],"version-history":[{"count":3,"href":"https:\/\/conatel.gob.ve\/index.php?rest_route=\/wp\/v2\/pages\/9775\/revisions"}],"predecessor-version":[{"id":9780,"href":"https:\/\/conatel.gob.ve\/index.php?rest_route=\/wp\/v2\/pages\/9775\/revisions\/9780"}],"wp:featuredmedia":[{"embeddable":true,"href":"https:\/\/conatel.gob.ve\/index.php?rest_route=\/wp\/v2\/media\/9778"}],"wp:attachment":[{"href":"https:\/\/conatel.gob.ve\/index.php?rest_route=%2Fwp%2Fv2%2Fmedia&parent=9775"}],"curies":[{"name":"wp","href":"https:\/\/api.w.org\/{rel}","templated":true}]}}