{"id":9788,"date":"2026-04-18T17:11:39","date_gmt":"2026-04-18T21:11:39","guid":{"rendered":"https:\/\/conatel.gob.ve\/?page_id=9788"},"modified":"2026-04-18T17:17:20","modified_gmt":"2026-04-18T21:17:20","slug":"con-el-objetivo-de-consolidar-la-infraestructura-digital-en-venezuela-se-llevo-a-cabo-la-instalacion-de-la-mesa-de-gestion-para-la-celeridad-y-optimizacion-de-tramites-de-servicios-de-telecomunicacio","status":"publish","type":"page","link":"https:\/\/conatel.gob.ve\/?page_id=9788","title":{"rendered":"Con el objetivo de consolidar la infraestructura digital en Venezuela, se llev\u00f3 a cabo la instalaci\u00f3n de la Mesa de Gesti\u00f3n para la Celeridad y Optimizaci\u00f3n de Tr\u00e1mites de Servicios de Telecomunicaciones, Cap\u00edtulo Miranda."},"content":{"rendered":"\n<div class=\"wp-block-stackable-heading stk-block-heading stk-block-heading--v2 stk-block stk-4aaa11a\" id=\"con-el-objetivo-de-consolidar-la-infraestructura-digital-en-venezuela-se-llevo-a-cabo-la-instalacion-de-la-mesa-de-gestion-para-la-celeridad-y-optimizacion-de-tramites-de-servicios-de-telecomunicaciones-capitulo-miranda\" data-block-id=\"4aaa11a\"><style>.stk-4aaa11a {margin-top:20px !important;}.stk-4aaa11a .stk-block-heading__text{font-size:24px !important;}@media screen and (max-width:999px){.stk-4aaa11a .stk-block-heading__text{font-size:24px !important;}}<\/style><h1 class=\"stk-block-heading__text has-text-align-center\">Con el objetivo de consolidar la infraestructura digital en Venezuela, se llev\u00f3 a cabo la instalaci\u00f3n de la Mesa de Gesti\u00f3n para la Celeridad y Optimizaci\u00f3n de Tr\u00e1mites de Servicios de Telecomunicaciones, Cap\u00edtulo Miranda.<\/h1><\/div>\n\n\n\n<p class=\"justificar\"><strong><em>En un trabajo mancomunado, la Comisi\u00f3n Nacional de Telecomunicaciones (Conatel), en compa\u00f1\u00eda de la Gobernaci\u00f3n de Miranda y EDC Network, crearon este espacio de articulaci\u00f3n de alto nivel para fortalecer las pol\u00edticas que fomenten la inversi\u00f3n y el crecimiento sostenido de los servicios de conectividad.<\/em><\/strong><\/p>\n\n\n\n<div class=\"wp-block-stackable-image stk-block-image stk-block stk-622dbd1\" data-block-id=\"622dbd1\"><style>.stk-622dbd1 .stk-img-wrapper img{object-fit:scale-down !important;}@media screen and (max-width:689px){.stk-622dbd1 .stk-img-wrapper img{object-fit:scale-down !important;}}<\/style><figure><span class=\"stk-img-wrapper stk-image--shape-stretch\"><img fetchpriority=\"high\" decoding=\"async\" class=\"stk-img wp-image-9789\" src=\"https:\/\/conatel.gob.ve\/wp-content\/uploads\/2026\/04\/Conatel_Gobernacion_Miranda_1125.png\" width=\"1125\" height=\"320\" alt=\"Con el objetivo de consolidar la infraestructura digital en Venezuela, se llev\u00f3 a cabo la instalaci\u00f3n de la Mesa de Gesti\u00f3n para la Celeridad y Optimizaci\u00f3n de Tr\u00e1mites de Servicios de Telecomunicaciones, Cap\u00edtulo Miranda.\" srcset=\"https:\/\/conatel.gob.ve\/wp-content\/uploads\/2026\/04\/Conatel_Gobernacion_Miranda_1125.png 1125w, https:\/\/conatel.gob.ve\/wp-content\/uploads\/2026\/04\/Conatel_Gobernacion_Miranda_1125-300x85.png 300w, https:\/\/conatel.gob.ve\/wp-content\/uploads\/2026\/04\/Conatel_Gobernacion_Miranda_1125-1024x291.png 1024w, https:\/\/conatel.gob.ve\/wp-content\/uploads\/2026\/04\/Conatel_Gobernacion_Miranda_1125-768x218.png 768w\" sizes=\"(max-width: 1125px) 100vw, 1125px\" \/><\/span><\/figure><\/div>\n\n\n\n<p class=\"justificar\">Parte de las funciones de dicha mesa incluyen la revisi\u00f3n y estandarizaci\u00f3n de procesos y protocolos de trabajo, con el fin de favorecer el despliegue de fibra \u00f3ptica y establecer un marco de actuaci\u00f3n unificado en beneficio de los actores involucrados en la prestaci\u00f3n de servicios.<\/p>\n\n\n\n<p class=\"justificar\">El Ingeniero Mikhail Marsiglia, Gerente de Desarrollo y Planificaci\u00f3n del Sector de Conatel, en representaci\u00f3n del equipo de este ente regulador, se\u00f1al\u00f3 la importancia de estos encuentros que se enmarcan en los objetivos del Plan Nacional de Telecomunicaciones 2025-2031.<\/p>\n\n\n\n<p class=\"justificar\">Asimismo, el equipo de Conatel destac\u00f3 los beneficios de fortalecer los mecanismos de cooperaci\u00f3n interinstitucional, para avanzar de manera sostenida en el mejoramiento de la cobertura de los servicios de internet y transporte de datos, garantizando su calidad en todo el estado Bolivariano de Miranda.<\/p>\n\n\n\n<p class=\"justificar\">En este sentido, la secretaria de telecomunicaciones de la Gobernaci\u00f3n de Miranda, Paola Artahona, destac\u00f3 la importancia de las alianzas estrat\u00e9gicas entre Conatel, las empresas de servicios de internet y telefon\u00eda, y el Ejecutivo regional, para posicionar a la entidad como un eje estrat\u00e9gico en la soberan\u00eda tecnol\u00f3gica del pa\u00eds. La sinergia busca alinear los objetivos empresariales con las necesidades de desarrollo del Estado venezolano.<\/p>\n\n\n\n<p class=\"justificar\" style=\"margin-bottom:var(--wp--preset--spacing--50)\">La estandarizaci\u00f3n de m\u00e9todos de trabajo permitir\u00e1 mejorar la tramitaci\u00f3n de expedientes, maximizar la eficiencia en el uso de la infraestructura compartida y garantizar la calidad del servicio al usuario.<\/p>\n","protected":false},"excerpt":{"rendered":"<p>Con el objetivo de consolidar la infraestructura digital en Venezuela, se llev\u00f3 a cabo la instalaci\u00f3n de la Mesa de Gesti\u00f3n para la Celeridad y Optimizaci\u00f3n de Tr\u00e1mites de Servicios de Telecomunicaciones, Cap\u00edtulo Miranda. En un trabajo mancomunado, la Comisi\u00f3n Nacional de Telecomunicaciones (Conatel), en compa\u00f1\u00eda de la Gobernaci\u00f3n de Miranda y EDC Network, crearon [&hellip;]<\/p>\n","protected":false},"author":7,"featured_media":9790,"parent":0,"menu_order":0,"comment_status":"closed","ping_status":"closed","template":"","meta":{"footnotes":""},"class_list":["post-9788","page","type-page","status-publish","has-post-thumbnail","hentry"],"blocksy_meta":[],"_links":{"self":[{"href":"https:\/\/conatel.gob.ve\/index.php?rest_route=\/wp\/v2\/pages\/9788","targetHints":{"allow":["GET"]}}],"collection":[{"href":"https:\/\/conatel.gob.ve\/index.php?rest_route=\/wp\/v2\/pages"}],"about":[{"href":"https:\/\/conatel.gob.ve\/index.php?rest_route=\/wp\/v2\/types\/page"}],"author":[{"embeddable":true,"href":"https:\/\/conatel.gob.ve\/index.php?rest_route=\/wp\/v2\/users\/7"}],"replies":[{"embeddable":true,"href":"https:\/\/conatel.gob.ve\/index.php?rest_route=%2Fwp%2Fv2%2Fcomments&post=9788"}],"version-history":[{"count":3,"href":"https:\/\/conatel.gob.ve\/index.php?rest_route=\/wp\/v2\/pages\/9788\/revisions"}],"predecessor-version":[{"id":9793,"href":"https:\/\/conatel.gob.ve\/index.php?rest_route=\/wp\/v2\/pages\/9788\/revisions\/9793"}],"wp:featuredmedia":[{"embeddable":true,"href":"https:\/\/conatel.gob.ve\/index.php?rest_route=\/wp\/v2\/media\/9790"}],"wp:attachment":[{"href":"https:\/\/conatel.gob.ve\/index.php?rest_route=%2Fwp%2Fv2%2Fmedia&parent=9788"}],"curies":[{"name":"wp","href":"https:\/\/api.w.org\/{rel}","templated":true}]}}