{"id":9804,"date":"2026-04-23T20:16:48","date_gmt":"2026-04-24T00:16:48","guid":{"rendered":"https:\/\/conatel.gob.ve\/?page_id=9804"},"modified":"2026-04-23T20:21:06","modified_gmt":"2026-04-24T00:21:06","slug":"conatel-en-canaemte-venezuela-seguira-trabajando-en-2026-para-reducir-la-brecha-digital","status":"publish","type":"page","link":"https:\/\/conatel.gob.ve\/?page_id=9804","title":{"rendered":"Conatel en Canaemte: Venezuela seguir\u00e1 trabajando en 2026 para reducir la brecha digital"},"content":{"rendered":"\n<div class=\"wp-block-stackable-heading stk-block-heading stk-block-heading--v2 stk-block stk-112005a\" id=\"conatel-en-canaemte-venezuela-seguira-trabajando-en-2026-para-reducir-la-brecha-digital\" data-block-id=\"112005a\"><style>.stk-112005a {margin-top:20px !important;}.stk-112005a .stk-block-heading__text{font-size:24px !important;}@media screen and (max-width:999px){.stk-112005a .stk-block-heading__text{font-size:24px !important;}}<\/style><h1 class=\"stk-block-heading__text has-text-align-center\">Conatel en Canaemte: Venezuela seguir\u00e1 trabajando en 2026 para reducir la brecha digital<\/h1><\/div>\n\n\n\n<p class=\"justificar\"><strong><em>La Comisi\u00f3n Nacional de Telecomunicaciones (Conatel) establece metas anuales que le permiten elaborar una agenda de acci\u00f3n en el territorio nacional, con el fin de garantizar el acceso de todos los venezolanos a las Tecnolog\u00edas de la Informaci\u00f3n y la Comunicaci\u00f3n (TIC).<\/em><\/strong><\/p>\n\n\n\n<div class=\"wp-block-stackable-image stk-block-image stk-block stk-9940bbf\" data-block-id=\"9940bbf\"><style>.stk-9940bbf .stk-img-wrapper img{object-fit:scale-down !important;}@media screen and (max-width:689px){.stk-9940bbf .stk-img-wrapper img{object-fit:scale-down !important;}}<\/style><figure><span class=\"stk-img-wrapper stk-image--shape-stretch\"><img fetchpriority=\"high\" decoding=\"async\" class=\"stk-img wp-image-9805\" src=\"https:\/\/conatel.gob.ve\/wp-content\/uploads\/2026\/04\/Conatel_Canaemte_2026_1125.png\" width=\"1125\" height=\"320\" alt=\"Conatel en Canaemte: Venezuela seguir\u00e1 trabajando en 2026 para reducir la brecha digital\n\" srcset=\"https:\/\/conatel.gob.ve\/wp-content\/uploads\/2026\/04\/Conatel_Canaemte_2026_1125.png 1125w, https:\/\/conatel.gob.ve\/wp-content\/uploads\/2026\/04\/Conatel_Canaemte_2026_1125-300x85.png 300w, https:\/\/conatel.gob.ve\/wp-content\/uploads\/2026\/04\/Conatel_Canaemte_2026_1125-1024x291.png 1024w, https:\/\/conatel.gob.ve\/wp-content\/uploads\/2026\/04\/Conatel_Canaemte_2026_1125-768x218.png 768w\" sizes=\"(max-width: 1125px) 100vw, 1125px\" \/><\/span><\/figure><\/div>\n\n\n\n<p class=\"justificar\">Es por ello que la reducci\u00f3n de la brecha digital tuvo una menci\u00f3n especial dentro de las metas de la Comisi\u00f3n durante la ponencia del ingeniero Alejandro Jurado, representante de Conatel, en el foro denominado \u00abPerspectivas 2026, Convergencia y Vanguardia Tecnol\u00f3gica\u00bb de la C\u00e1mara Nacional de Empresas de Telecomunicaciones (Canaemte), celebrado este 23 de abril.<\/p>\n\n\n\n<p class=\"justificar\">Jurado explic\u00f3 que la instituci\u00f3n tiene como objetivo superar el hito anterior del 65 por ciento de parroquias conectadas al servicio de Internet por fibra \u00f3ptica, y lograr en 2026 la cobertura total del territorio nacional con redes de alta velocidad.<\/p>\n\n\n\n<p class=\"justificar\">Asimismo, forma parte importante de los proyectos de Conatel el desarrollo responsable de habilidades digitales en ni\u00f1os y adultos mayores, otro punto que tributar\u00e1 a la meta de reducci\u00f3n de la brecha digital en el pa\u00eds.<\/p>\n\n\n\n<p><strong>Avances nacionales en telecomunicaciones<\/strong><\/p>\n\n\n\n<p class=\"justificar\">Jurado destac\u00f3 que los operadores ofrecen en la actualidad velocidades de Internet superiores a las de a\u00f1os anteriores, un logro que ha sido posible gracias al despliegue de fibra \u00f3ptica que se ha realizado en Venezuela.<\/p>\n\n\n\n<p class=\"justificar\">Hasta el momento, m\u00e1s de la mitad de los operadores autorizados por Conatel para prestar el servicio de Internet, cuentan con el atributo en su habilitaci\u00f3n para el despliegue de esta tecnolog\u00eda en el pa\u00eds, lo que tambi\u00e9n ha promovido el crecimiento de los servicios de telecomunicaciones.<\/p>\n\n\n\n<p class=\"justificar\">El ingeniero record\u00f3 que en 2025 se realiz\u00f3 un proceso de Oferta P\u00fablica, celebrado desde la Bolsa de Valores de Caracas, y enmarcado en el Plan Nacional de Telecomunicaciones 2023-2025, que permiti\u00f3 a los operadores interesados participar en la puja por los bloques de frecuencia para operar en 5G.<\/p>\n\n\n\n<p class=\"justificar\">La Comisi\u00f3n tambi\u00e9n ha trabajado en los protocolos que sostienen la red y en los protocolos que se utilizan en las redes de servicios de internet, como explic\u00f3 el experto de Conatel. En este sentido, se dict\u00f3 la Providencia 96, que impulsa la implementaci\u00f3n del Protocolo de Internet versi\u00f3n 6 (IPv6) en un tiempo de ejecuci\u00f3n no mayor a dos a\u00f1os.<\/p>\n\n\n\n<p class=\"justificar\">Seg\u00fan se\u00f1al\u00f3 Jurado, ese es el lapso que tendr\u00e1n los operadores para hacer que sus redes funcionen de forma nativa bajo este est\u00e1ndar. La migraci\u00f3n, a\u00f1adi\u00f3, es determinante para el desarrollo del Internet de las Cosas y la inteligencia artificial.<\/p>\n\n\n\n<p><strong>Aspectos regulatorios para la modernizaci\u00f3n y ampliaci\u00f3n de redes<\/strong><\/p>\n\n\n\n<p>El ingeniero Alejandro Jurado detall\u00f3 que Conatel introdujo el atributo de Gesti\u00f3n de Datos en las habilitaciones, para que quienes deseen prestar servicios de Data Center a terceros puedan regularizar su situaci\u00f3n ante el ente, que utilizar\u00e1 est\u00e1ndares internacionales (como la clasificaci\u00f3n de Tiers) para categorizar estos centros de datos.<\/p>\n\n\n\n<p class=\"justificar\">Asimismo, inform\u00f3 que los operadores que deseen migrar sus tecnolog\u00edas (como el cambio de redes de cable coaxial HFC a fibra \u00f3ptica FTTH) o ampliar sus zonas de cobertura deben tramitar la modificaci\u00f3n de sus habilitaciones ante Conatel, para garantizar la prestaci\u00f3n de servicios bajo la normativa vigente.<\/p>\n\n\n\n<p class=\"justificar\">La modernizaci\u00f3n o ampliaci\u00f3n de la red tambi\u00e9n debe pasar por la verificaci\u00f3n de atributos para que, por ejemplo, las empresas que deseen ofrecer servicio de televisi\u00f3n por suscripci\u00f3n, a trav\u00e9s de las tecnolog\u00edas IPTV u OTT puedan incursionar en este campo con la actualizaci\u00f3n pertinente de su habilitaci\u00f3n.<\/p>\n\n\n\n<p class=\"justificar\" style=\"margin-bottom:var(--wp--preset--spacing--50)\">Conatel, en sincron\u00eda con las empresas que asistieron a este foro y al resto de los operadores del pa\u00eds, trabaja para generar las oportunidades que garanticen el crecimiento del sector telecomunicaciones en el pa\u00eds. Un trabajo mancomunado que se hace con una visi\u00f3n humana, orientada al desarrollo y en funci\u00f3n de preservar la paz.<\/p>\n","protected":false},"excerpt":{"rendered":"<p>Conatel en Canaemte: Venezuela seguir\u00e1 trabajando en 2026 para reducir la brecha digital La Comisi\u00f3n Nacional de Telecomunicaciones (Conatel) establece metas anuales que le permiten elaborar una agenda de acci\u00f3n en el territorio nacional, con el fin de garantizar el acceso de todos los venezolanos a las Tecnolog\u00edas de la Informaci\u00f3n y la Comunicaci\u00f3n (TIC). [&hellip;]<\/p>\n","protected":false},"author":7,"featured_media":0,"parent":0,"menu_order":0,"comment_status":"closed","ping_status":"closed","template":"","meta":{"footnotes":""},"class_list":["post-9804","page","type-page","status-publish","hentry"],"blocksy_meta":[],"_links":{"self":[{"href":"https:\/\/conatel.gob.ve\/index.php?rest_route=\/wp\/v2\/pages\/9804","targetHints":{"allow":["GET"]}}],"collection":[{"href":"https:\/\/conatel.gob.ve\/index.php?rest_route=\/wp\/v2\/pages"}],"about":[{"href":"https:\/\/conatel.gob.ve\/index.php?rest_route=\/wp\/v2\/types\/page"}],"author":[{"embeddable":true,"href":"https:\/\/conatel.gob.ve\/index.php?rest_route=\/wp\/v2\/users\/7"}],"replies":[{"embeddable":true,"href":"https:\/\/conatel.gob.ve\/index.php?rest_route=%2Fwp%2Fv2%2Fcomments&post=9804"}],"version-history":[{"count":2,"href":"https:\/\/conatel.gob.ve\/index.php?rest_route=\/wp\/v2\/pages\/9804\/revisions"}],"predecessor-version":[{"id":9807,"href":"https:\/\/conatel.gob.ve\/index.php?rest_route=\/wp\/v2\/pages\/9804\/revisions\/9807"}],"wp:attachment":[{"href":"https:\/\/conatel.gob.ve\/index.php?rest_route=%2Fwp%2Fv2%2Fmedia&parent=9804"}],"curies":[{"name":"wp","href":"https:\/\/api.w.org\/{rel}","templated":true}]}}