{"id":9829,"date":"2026-04-29T16:13:08","date_gmt":"2026-04-29T20:13:08","guid":{"rendered":"https:\/\/conatel.gob.ve\/?page_id=9829"},"modified":"2026-04-29T16:20:19","modified_gmt":"2026-04-29T20:20:19","slug":"fondo-de-servicio-universal-de-conatel-dotara-de-internet-a-estudiantes-de-la-academia-militar-del-ejercito","status":"publish","type":"page","link":"https:\/\/conatel.gob.ve\/?page_id=9829","title":{"rendered":"Fondo de Servicio Universal de Conatel dotar\u00e1 de internet a estudiantes de la Academia Militar del Ej\u00e9rcito"},"content":{"rendered":"\n<div class=\"wp-block-stackable-heading stk-block-heading stk-block-heading--v2 stk-block stk-445b410\" id=\"fondo-de-servicio-universal-de-conatel-dotara-de-internet-a-estudiantes-de-la-academia-militar-del-ejercito\" data-block-id=\"445b410\"><style>.stk-445b410 {min-height:20px !important;}.stk-445b410 .stk-block-heading__text{font-size:24px !important;}@media screen and (max-width:999px){.stk-445b410 .stk-block-heading__text{font-size:24px !important;}}<\/style><h1 class=\"stk-block-heading__text has-text-align-center\">Fondo de Servicio Universal de Conatel dotar\u00e1 de internet a estudiantes de la Academia Militar del Ej\u00e9rcito<\/h1><\/div>\n\n\n\n<figure class=\"wp-block-image aligncenter size-large\"><img fetchpriority=\"high\" decoding=\"async\" width=\"1024\" height=\"291\" src=\"https:\/\/conatel.gob.ve\/wp-content\/uploads\/2026\/04\/NOTAS-2026-1125-29-04-1024x291.png\" alt=\"\" class=\"wp-image-9830\" srcset=\"https:\/\/conatel.gob.ve\/wp-content\/uploads\/2026\/04\/NOTAS-2026-1125-29-04-1024x291.png 1024w, https:\/\/conatel.gob.ve\/wp-content\/uploads\/2026\/04\/NOTAS-2026-1125-29-04-300x85.png 300w, https:\/\/conatel.gob.ve\/wp-content\/uploads\/2026\/04\/NOTAS-2026-1125-29-04-768x218.png 768w, https:\/\/conatel.gob.ve\/wp-content\/uploads\/2026\/04\/NOTAS-2026-1125-29-04.png 1125w\" sizes=\"(max-width: 1024px) 100vw, 1024px\" \/><\/figure>\n\n\n\n<p class=\"justificar\">El Fondo de Servicio Universal de la Comisi\u00f3n Nacional de Telecomunicaciones (Conatel), financiar\u00e1 un nuevo proyecto de conectividad que beneficiar\u00e1 directamente a la Academia Militar del Ej\u00e9rcito. Se trata de un subsidio que permitir\u00e1 llevar el servicio de internet a 38 aulas de dicha casa de estudios.<\/p>\n\n\n\n<p class=\"justificar\">Esta acci\u00f3n se enmarca en el proyecto denominado \u00abConectar a los Centros Educativos al Internet\u00bb, el cual se ha ampliado formalmente para incluir a la poblaci\u00f3n estudiantil de la Academia Militar del Ej\u00e9rcito, reconociendo la importancia de su formaci\u00f3n acad\u00e9mica y t\u00e9cnica.<\/p>\n\n\n\n<p class=\"justificar\">La informaci\u00f3n se dio a conocer este mi\u00e9rcoles en una reuni\u00f3n encabezada por el Director General de Conatel, Enrique Jos\u00e9 Quintana Sifontes. Durante el encuentro, se resalt\u00f3 que la aprobaci\u00f3n del proyecto fue el resultado de un exhaustivo an\u00e1lisis realizado por la Junta de Evaluaci\u00f3n y Seguimiento, cumpliendo con lo establecido en la Ley Org\u00e1nica de Telecomunicaciones.<\/p>\n\n\n\n<p class=\"justificar\">El servicio a implementar consistir\u00e1 en una conexi\u00f3n a internet de tipo sim\u00e9trica y dedicada, dise\u00f1ada para garantizar la estabilidad y velocidad en el acceso a la red. El plazo de ejecuci\u00f3n y mantenimiento del subsidio ser\u00e1 de 5 a\u00f1os, periodo durante el cual el fondo cubrir\u00e1 los costos asociados.<\/p>\n\n\n\n<p class=\"justificar\">Tras confirmar que la instituci\u00f3n cumple con todos los requisitos t\u00e9cnicos y sociales, se proceder\u00e1 a la ejecuci\u00f3n del plan seg\u00fan el cronograma de hitos mensuales ya estipulado, dando inicio formal a la fase de implementaci\u00f3n del proyecto.<\/p>\n\n\n\n<p class=\"justificar\">Con esta iniciativa, Conatel reafirma su compromiso con las pol\u00edticas impulsadas por el Gobierno Nacional, para el fortalecimiento de los medios tecnol\u00f3gicos que garanticen una educaci\u00f3n de calidad, accesible y adaptada a las tendencias actuales para la poblaci\u00f3n estudiantil venezolana.<\/p>\n\n\n\n<p><\/p>\n\n\n\n<p><\/p>\n","protected":false},"excerpt":{"rendered":"<p>Fondo de Servicio Universal de Conatel dotar\u00e1 de internet a estudiantes de la Academia Militar del Ej\u00e9rcito El Fondo de Servicio Universal de la Comisi\u00f3n Nacional de Telecomunicaciones (Conatel), financiar\u00e1 un nuevo proyecto de conectividad que beneficiar\u00e1 directamente a la Academia Militar del Ej\u00e9rcito. Se trata de un subsidio que permitir\u00e1 llevar el servicio de [&hellip;]<\/p>\n","protected":false},"author":12,"featured_media":0,"parent":0,"menu_order":0,"comment_status":"closed","ping_status":"closed","template":"","meta":{"footnotes":""},"class_list":["post-9829","page","type-page","status-publish","hentry"],"blocksy_meta":[],"_links":{"self":[{"href":"https:\/\/conatel.gob.ve\/index.php?rest_route=\/wp\/v2\/pages\/9829","targetHints":{"allow":["GET"]}}],"collection":[{"href":"https:\/\/conatel.gob.ve\/index.php?rest_route=\/wp\/v2\/pages"}],"about":[{"href":"https:\/\/conatel.gob.ve\/index.php?rest_route=\/wp\/v2\/types\/page"}],"author":[{"embeddable":true,"href":"https:\/\/conatel.gob.ve\/index.php?rest_route=\/wp\/v2\/users\/12"}],"replies":[{"embeddable":true,"href":"https:\/\/conatel.gob.ve\/index.php?rest_route=%2Fwp%2Fv2%2Fcomments&post=9829"}],"version-history":[{"count":8,"href":"https:\/\/conatel.gob.ve\/index.php?rest_route=\/wp\/v2\/pages\/9829\/revisions"}],"predecessor-version":[{"id":9843,"href":"https:\/\/conatel.gob.ve\/index.php?rest_route=\/wp\/v2\/pages\/9829\/revisions\/9843"}],"wp:attachment":[{"href":"https:\/\/conatel.gob.ve\/index.php?rest_route=%2Fwp%2Fv2%2Fmedia&parent=9829"}],"curies":[{"name":"wp","href":"https:\/\/api.w.org\/{rel}","templated":true}]}}