{"id":9847,"date":"2026-04-30T15:57:02","date_gmt":"2026-04-30T19:57:02","guid":{"rendered":"https:\/\/conatel.gob.ve\/?page_id=9847"},"modified":"2026-04-30T15:57:02","modified_gmt":"2026-04-30T19:57:02","slug":"fondo-de-servicio-universal-supervisa-los-avances-del-proyecto-cable-submarino-internacional-caribe-1","status":"publish","type":"page","link":"https:\/\/conatel.gob.ve\/?page_id=9847","title":{"rendered":"Fondo de Servicio Universal supervisa los avances del proyecto Cable Submarino Internacional \u201cCaribe-1\u201d"},"content":{"rendered":"\n<div class=\"wp-block-stackable-heading stk-block-heading stk-block-heading--v2 stk-block stk-48a9fc0\" id=\"fondo-de-servicio-universal-supervisa-los-avances-del-proyecto-cable-submarino-internacional-caribe-1\" data-block-id=\"48a9fc0\"><style>.stk-48a9fc0 {margin-top:20px !important;}.stk-48a9fc0 .stk-block-heading__text{font-size:24px !important;}@media screen and (max-width:999px){.stk-48a9fc0 .stk-block-heading__text{font-size:24px !important;}}<\/style><h1 class=\"stk-block-heading__text has-text-align-center\">Fondo de Servicio Universal supervisa los avances del proyecto Cable Submarino Internacional \u201cCaribe-1\u201d<\/h1><\/div>\n\n\n\n<div class=\"wp-block-stackable-image stk-block-image stk-block stk-9778aaf\" data-block-id=\"9778aaf\"><style>.stk-9778aaf .stk-img-wrapper img{object-fit:scale-down !important;}<\/style><figure><span class=\"stk-img-wrapper stk-image--shape-stretch\"><img fetchpriority=\"high\" decoding=\"async\" class=\"stk-img wp-image-9853\" src=\"https:\/\/conatel.gob.ve\/wp-content\/uploads\/2026\/04\/NOTA-30-de-abril-1125.jpg\" width=\"1125\" height=\"320\" alt=\"Fondo de Servicio Universal supervisa los avances del proyecto Cable Submarino Internacional \u201cCaribe-1\u201d\" srcset=\"https:\/\/conatel.gob.ve\/wp-content\/uploads\/2026\/04\/NOTA-30-de-abril-1125.jpg 1125w, https:\/\/conatel.gob.ve\/wp-content\/uploads\/2026\/04\/NOTA-30-de-abril-1125-300x85.jpg 300w, https:\/\/conatel.gob.ve\/wp-content\/uploads\/2026\/04\/NOTA-30-de-abril-1125-1024x291.jpg 1024w, https:\/\/conatel.gob.ve\/wp-content\/uploads\/2026\/04\/NOTA-30-de-abril-1125-768x218.jpg 768w\" sizes=\"(max-width: 1125px) 100vw, 1125px\" \/><\/span><\/figure><\/div>\n\n\n\n<p class=\"justificar\">En el marco del fortalecimiento del ecosistema de telecomunicaciones nacional, el Fondo de Servicio Universal realiz\u00f3 una inspecci\u00f3n t\u00e9cnica de alto nivel para constatar la profundidad y complejidad de las etapas del proyecto Cable Submarino Internacional de Fibra \u00d3ptica \u00abCaribe-1\u00bb, una moderna infraestructura de transporte para conectar al Oriente del pa\u00eds con el mundo, garantizando el derecho humano a las telecomunicaciones.<\/p>\n\n\n\n<p class=\"justificar\">En cumplimiento de la legislaci\u00f3n venezolana que establece que el Estado debe garantizar el Servicio Universal de Telecomunicaciones, la Comisi\u00f3n Nacional de Telecomunicaciones (Conatel), a trav\u00e9s del Fondo de Servicio Universal (FSU), ha viabilizado la puesta en marcha del proyecto \u201cInstalaci\u00f3n del sistema de Cable Submarino Internacional de Fibra \u00d3ptica Caribe-1\u201d.<\/p>\n\n\n\n<p class=\"justificar\">El Director General de Conatel, Enrique Quintana Sifontes destac\u00f3 que, gracias al financiamiento del Fondo de Servicio Universal y bajo el liderazgo del Ejecutivo Nacional con la ejecuci\u00f3n de CANTV, este proyecto busca posicionar al pa\u00eds a la vanguardia del tr\u00e1fico de internet.<\/p>\n\n\n\n<p class=\"justificar\">\u201cEsta iniciativa, que destaca por su profunda planificaci\u00f3n y negociaci\u00f3n, representa un binomio estrat\u00e9gico entre el sector p\u00fablico y privado con la interacci\u00f3n de diversos operadores globales, orientado a solventar las dificultades t\u00e9cnicas de a\u00f1os recientes. El objetivo fundamental es garantizar las velocidades y conexiones necesarias que impulsen el desarrollo econ\u00f3mico y la soberan\u00eda tecnol\u00f3gica de la naci\u00f3n\u201d, expres\u00f3 Quintana.<\/p>\n\n\n\n<p class=\"justificar\">Esta obra de gran envergadura se ejecuta bajo la supervisi\u00f3n de la Junta de Evaluaci\u00f3n y Seguimiento del FSU, una instancia multidisciplinaria que asegura el cumplimiento de la finalidad social del proyecto: integrar la naci\u00f3n y reducir la brecha digital. El Fondo, alimentado por los aportes del sector, tiene la funci\u00f3n cr\u00edtica de revisar la viabilidad t\u00e9cnica, aprobar los recursos y realizar inspecciones de campo para verificar el avance real de la obra.<\/p>\n\n\n\n<p><strong>El sistema Caribe-1 contempla un despliegue t\u00e9cnico de vanguardia<\/strong><\/p>\n\n\n\n<p class=\"justificar\">Nueva Ruta Internacional: Un tendido de 225 kil\u00f3metros que interconectar\u00e1 a las poblaciones de Car\u00fapano (Estado Sucre) con Chaguaramas (Trinidad y Tobago), estableciendo una v\u00eda alternativa de salida hacia el Atl\u00e1ntico y Europa.<\/p>\n\n\n\n<p class=\"justificar\">Capacidad T\u00e9cnica: Transmisi\u00f3n superior a los 500 Gbit\/s por fibra, utilizando un tendido de alta resistencia.<\/p>\n\n\n\n<p class=\"justificar\">Eficiencia: Sistema dise\u00f1ado sin repetidores para optimizar costos, garantizando una vida \u00fatil de al menos 25 a\u00f1os.<\/p>\n\n\n\n<p class=\"justificar\">Este despliegue permitir\u00e1 un incremento sustancial en el ancho de banda disponible para el sector residencial y para \u00e1reas productivas como la industria petrolera y gas\u00edfera. A trav\u00e9s de esta iniciativa, Conatel reafirma su compromiso de regular y promover el desarrollo de un sector telecomunicaciones moderno, robusto, eficiente y soberano que sirva como eje fundamental para el crecimiento econ\u00f3mico y el bienestar social del pueblo venezolano.<\/p>\n","protected":false},"excerpt":{"rendered":"<p>Fondo de Servicio Universal supervisa los avances del proyecto Cable Submarino Internacional \u201cCaribe-1\u201d En el marco del fortalecimiento del ecosistema de telecomunicaciones nacional, el Fondo de Servicio Universal realiz\u00f3 una inspecci\u00f3n t\u00e9cnica de alto nivel para constatar la profundidad y complejidad de las etapas del proyecto Cable Submarino Internacional de Fibra \u00d3ptica \u00abCaribe-1\u00bb, una moderna [&hellip;]<\/p>\n","protected":false},"author":12,"featured_media":0,"parent":0,"menu_order":0,"comment_status":"closed","ping_status":"closed","template":"","meta":{"footnotes":""},"class_list":["post-9847","page","type-page","status-publish","hentry"],"blocksy_meta":[],"_links":{"self":[{"href":"https:\/\/conatel.gob.ve\/index.php?rest_route=\/wp\/v2\/pages\/9847","targetHints":{"allow":["GET"]}}],"collection":[{"href":"https:\/\/conatel.gob.ve\/index.php?rest_route=\/wp\/v2\/pages"}],"about":[{"href":"https:\/\/conatel.gob.ve\/index.php?rest_route=\/wp\/v2\/types\/page"}],"author":[{"embeddable":true,"href":"https:\/\/conatel.gob.ve\/index.php?rest_route=\/wp\/v2\/users\/12"}],"replies":[{"embeddable":true,"href":"https:\/\/conatel.gob.ve\/index.php?rest_route=%2Fwp%2Fv2%2Fcomments&post=9847"}],"version-history":[{"count":6,"href":"https:\/\/conatel.gob.ve\/index.php?rest_route=\/wp\/v2\/pages\/9847\/revisions"}],"predecessor-version":[{"id":9854,"href":"https:\/\/conatel.gob.ve\/index.php?rest_route=\/wp\/v2\/pages\/9847\/revisions\/9854"}],"wp:attachment":[{"href":"https:\/\/conatel.gob.ve\/index.php?rest_route=%2Fwp%2Fv2%2Fmedia&parent=9847"}],"curies":[{"name":"wp","href":"https:\/\/api.w.org\/{rel}","templated":true}]}}