{"id":9882,"date":"2026-05-06T19:59:33","date_gmt":"2026-05-06T23:59:33","guid":{"rendered":"https:\/\/conatel.gob.ve\/?page_id=9882"},"modified":"2026-05-06T19:59:33","modified_gmt":"2026-05-06T23:59:33","slug":"conatel-radiodifusores-acuerdan-mesas-tecnicas-para-promover-una-comunicacion-inclusiva-y-de-paz-nacional","status":"publish","type":"page","link":"https:\/\/conatel.gob.ve\/?page_id=9882","title":{"rendered":"Conatel radiodifusores acuerdan mesas t\u00e9cnicas para promover una comunicaci\u00f3n inclusiva y de paz nacional"},"content":{"rendered":"\n<div class=\"wp-block-stackable-heading stk-block-heading stk-block-heading--v2 stk-block stk-81aaa11\" id=\"conatel-radiodifusores-acuerdan-mesas-tecnicas-para-promover-una-comunicacion-inclusiva-y-de-paz-nacional\" data-block-id=\"81aaa11\"><style>.stk-81aaa11 {margin-top:20px !important;}.stk-81aaa11 .stk-block-heading__text{font-size:24px !important;}@media screen and (max-width:999px){.stk-81aaa11 .stk-block-heading__text{font-size:24px !important;}}<\/style><h1 class=\"stk-block-heading__text has-text-align-center\">Conatel radiodifusores acuerdan mesas t\u00e9cnicas para promover una comunicaci\u00f3n inclusiva y de paz nacional<\/h1><\/div>\n\n\n\n<div class=\"wp-block-stackable-image stk-block-image stk-block stk-f211c0c\" data-block-id=\"f211c0c\"><style>.stk-f211c0c .stk-img-wrapper img{object-fit:scale-down !important;}<\/style><figure><span class=\"stk-img-wrapper stk-image--shape-stretch\"><img fetchpriority=\"high\" decoding=\"async\" class=\"stk-img wp-image-9884\" src=\"https:\/\/conatel.gob.ve\/wp-content\/uploads\/2026\/05\/1125-1.png\" width=\"1124\" height=\"320\" alt=\"Conatel radiodifusores acuerdan mesas t\u00e9cnicas para promover una comunicaci\u00f3n inclusiva y de paz nacional\" srcset=\"https:\/\/conatel.gob.ve\/wp-content\/uploads\/2026\/05\/1125-1.png 1124w, https:\/\/conatel.gob.ve\/wp-content\/uploads\/2026\/05\/1125-1-300x85.png 300w, https:\/\/conatel.gob.ve\/wp-content\/uploads\/2026\/05\/1125-1-1024x292.png 1024w, https:\/\/conatel.gob.ve\/wp-content\/uploads\/2026\/05\/1125-1-768x219.png 768w\" sizes=\"(max-width: 1124px) 100vw, 1124px\" \/><\/span><\/figure><\/div>\n\n\n\n<p class=\"justificar\">En un ambiente de respeto y cooperaci\u00f3n mutua, siguiendo los lineamientos de la presidenta (E), Dra. Delcy Rodr\u00edguez, as\u00ed como las instrucciones del ministro para la Comunicaci\u00f3n y la Informaci\u00f3n, Miguel P\u00e9rez Pirela; la Comisi\u00f3n Nacional de Telecomunicaciones (Conatel) recibi\u00f3 a los representantes de la C\u00e1mara Venezolana de la Industria de la Radiodifusi\u00f3n con el firme prop\u00f3sito de avanzar en la construcci\u00f3n de caminos que fortalezcan la regularizaci\u00f3n y el acompa\u00f1amiento de los operadores.<\/p>\n\n\n\n<p class=\"justificar\">El Director General de Conatel, Enrique Jos\u00e9 Quintana Sifontes, destac\u00f3 que la prioridad actual es conciliar y unificar criterios para impulsar el desarrollo del sector. En ese sentido, resalt\u00f3 que el di\u00e1logo es la v\u00eda para encontrar soluciones colectivas que le permitan a la instituci\u00f3n analizar sus procesos y generar las condiciones necesarias que apoyen el crecimiento de las telecomunicaciones.<\/p>\n\n\n\n<p class=\"justificar\">Durante el encuentro, los miembros de la industria de la radiodifusi\u00f3n expusieron sus inquietudes y solicitaron el establecimiento de un grupo de trabajo entre el equipo jur\u00eddico de la c\u00e1mara y Conatel.<\/p>\n\n\n\n<p class=\"justificar\">Asimismo, ratificaron su compromiso con el pa\u00eds y con la labor de Conatel como ente regulador de las telecomunicaciones, celebrando la apertura de canales de entendimiento en los que prevalezca el di\u00e1logo como herramienta para fomentar la integraci\u00f3n social.<\/p>\n\n\n\n<p class=\"justificar\">Como resultado de esta reuni\u00f3n se establecieron mesas de trabajo para evaluar diversos temas; uso de nuevas tecnolog\u00edas en la difusi\u00f3n de contenidos, aplicaci\u00f3n de la ley de simplificaci\u00f3n de tr\u00e1mites a los proceso administrativos del ente, regularizaci\u00f3n de los operadores en situaci\u00f3n de vencidos, operadores no autorizado.<\/p>\n\n\n\n<p class=\"justificar\">El objetivo final es garantizar que el marco jur\u00eddico ofrezca la estabilidad necesaria, para que las inversiones en telecomunicaciones cuenten con el respaldo y la tranquilidad que el desarrollo econ\u00f3mico que el pa\u00eds requiere.<\/p>\n\n\n\n<p class=\"justificar\">Quintana enfatiz\u00f3 que el sector de las telecomunicaciones carga con una responsabilidad hist\u00f3rica: la de consolidar la paz y ser el puente para un di\u00e1logo constructivo. En ese sentido, inst\u00f3 a trabajar de forma articulada para evitar la propagaci\u00f3n de mensajes que fragmenten la naci\u00f3n o validen la violencia, reafirmando el compromiso de construir una comunicaci\u00f3n donde no exista la anulaci\u00f3n del otro, que promueva la unidad, garantizando as\u00ed un clima de estabilidad y convivencia para todos los venezolanos.<\/p>\n","protected":false},"excerpt":{"rendered":"<p>Conatel radiodifusores acuerdan mesas t\u00e9cnicas para promover una comunicaci\u00f3n inclusiva y de paz nacional En un ambiente de respeto y cooperaci\u00f3n mutua, siguiendo los lineamientos de la presidenta (E), Dra. Delcy Rodr\u00edguez, as\u00ed como las instrucciones del ministro para la Comunicaci\u00f3n y la Informaci\u00f3n, Miguel P\u00e9rez Pirela; la Comisi\u00f3n Nacional de Telecomunicaciones (Conatel) recibi\u00f3 a [&hellip;]<\/p>\n","protected":false},"author":12,"featured_media":0,"parent":0,"menu_order":0,"comment_status":"closed","ping_status":"closed","template":"","meta":{"footnotes":""},"class_list":["post-9882","page","type-page","status-publish","hentry"],"blocksy_meta":[],"_links":{"self":[{"href":"https:\/\/conatel.gob.ve\/index.php?rest_route=\/wp\/v2\/pages\/9882","targetHints":{"allow":["GET"]}}],"collection":[{"href":"https:\/\/conatel.gob.ve\/index.php?rest_route=\/wp\/v2\/pages"}],"about":[{"href":"https:\/\/conatel.gob.ve\/index.php?rest_route=\/wp\/v2\/types\/page"}],"author":[{"embeddable":true,"href":"https:\/\/conatel.gob.ve\/index.php?rest_route=\/wp\/v2\/users\/12"}],"replies":[{"embeddable":true,"href":"https:\/\/conatel.gob.ve\/index.php?rest_route=%2Fwp%2Fv2%2Fcomments&post=9882"}],"version-history":[{"count":2,"href":"https:\/\/conatel.gob.ve\/index.php?rest_route=\/wp\/v2\/pages\/9882\/revisions"}],"predecessor-version":[{"id":9885,"href":"https:\/\/conatel.gob.ve\/index.php?rest_route=\/wp\/v2\/pages\/9882\/revisions\/9885"}],"wp:attachment":[{"href":"https:\/\/conatel.gob.ve\/index.php?rest_route=%2Fwp%2Fv2%2Fmedia&parent=9882"}],"curies":[{"name":"wp","href":"https:\/\/api.w.org\/{rel}","templated":true}]}}