{"id":9895,"date":"2026-05-09T11:31:02","date_gmt":"2026-05-09T15:31:02","guid":{"rendered":"https:\/\/conatel.gob.ve\/?page_id=9895"},"modified":"2026-05-09T11:31:02","modified_gmt":"2026-05-09T15:31:02","slug":"homenaje-de-fe-conatel-honra-a-las-madres-trabajadoras-con-sentida-eucaristia","status":"publish","type":"page","link":"https:\/\/conatel.gob.ve\/?page_id=9895","title":{"rendered":"Homenaje de fe: Conatel honra a las madres trabajadoras con sentida eucarist\u00eda"},"content":{"rendered":"\n<div class=\"wp-block-stackable-heading stk-block-heading stk-block-heading--v2 stk-block stk-3d72654\" id=\"homenaje-de-fe-conatel-honra-a-las-madres-trabajadoras-con-sentida-eucaristia\" data-block-id=\"3d72654\"><style>.stk-3d72654 {margin-top:20px !important;}.stk-3d72654 .stk-block-heading__text{font-size:24px !important;}@media screen and (max-width:999px){.stk-3d72654 .stk-block-heading__text{font-size:24px !important;}}<\/style><h1 class=\"stk-block-heading__text has-text-align-center\">Homenaje de fe: Conatel honra a las madres trabajadoras con sentida eucarist\u00eda<\/h1><\/div>\n\n\n\n<div class=\"wp-block-stackable-image stk-block-image stk-block stk-fc0a112\" data-block-id=\"fc0a112\"><style>.stk-fc0a112 .stk-img-wrapper img{object-fit:scale-down !important;}<\/style><figure><span class=\"stk-img-wrapper stk-image--shape-stretch\"><img fetchpriority=\"high\" decoding=\"async\" class=\"stk-img wp-image-9898\" src=\"https:\/\/conatel.gob.ve\/wp-content\/uploads\/2026\/05\/1125-2.png\" width=\"1125\" height=\"320\" alt=\"Homenaje de fe: Conatel honra a las madres trabajadoras con sentida eucarist\u00eda\" srcset=\"https:\/\/conatel.gob.ve\/wp-content\/uploads\/2026\/05\/1125-2.png 1125w, https:\/\/conatel.gob.ve\/wp-content\/uploads\/2026\/05\/1125-2-300x85.png 300w, https:\/\/conatel.gob.ve\/wp-content\/uploads\/2026\/05\/1125-2-1024x291.png 1024w, https:\/\/conatel.gob.ve\/wp-content\/uploads\/2026\/05\/1125-2-768x218.png 768w\" sizes=\"(max-width: 1125px) 100vw, 1125px\" \/><\/span><\/figure><\/div>\n\n\n\n<p class=\"justificar\">En el marco de la celebraci\u00f3n del D\u00eda de las Madres, la Comisi\u00f3n Nacional de Telecomunicaciones (Conatel) realiz\u00f3 este viernes una emotiva eucarist\u00eda en acci\u00f3n de Gracias. El encuentro lit\u00fargico, celebrado en La Antena, tuvo como prop\u00f3sito rendir un sentido homenaje a las mujeres que gu\u00edan sus hogares con amor, mientras sirven con excelencia en nuestra instituci\u00f3n.<\/p>\n\n\n\n<p class=\"justificar\">Durante el encuentro religioso, el Director General de Conatel, Enrique Jos\u00e9 Quintana Sifontes, reconoci\u00f3 a la labor de las damas que se esfuerzan por Conatel y construyen una sociedad de paz, justicia y amor.<\/p>\n\n\n\n<p class=\"justificar\">\u00abLa madre es esa mujer que lucha, que trabaja, estudia, cr\u00eda, atiende la oficina y todo lo hace bien; la mujer tiene ese don de Dios, ese don de poder hacer muchas cosas a la vez y hacerlas todas bien\u00bb, expres\u00f3 el Director General.<\/p>\n\n\n\n<p class=\"justificar\">Asimismo, recalc\u00f3 el papel preponderante que tienen los trabajadores de la Comisi\u00f3n en la construcci\u00f3n de la Patria. \u201cDesde Conatel debemos construir y fortalecer la integraci\u00f3n, el respeto y detener cualquier fomento de divisi\u00f3n y odio, de validaci\u00f3n de la violencia como un instrumento de resoluci\u00f3n de conflictos\u00bb.<\/p>\n\n\n\n<p class=\"justificar\">De acuerdo con el Director General de Conatel, sin paz, no podemos lograr ning\u00fan otro objetivo. \u201cLa paz es el alimento m\u00e1s importante para la existencia humana\u201d.<\/p>\n\n\n\n<p class=\"justificar\">\u00abPara lograr todo esto se requiere fe, fortaleza espiritual y la capacidad de perdonar. Vaciarse de las situaciones negativas vividas, mantener el coraz\u00f3n limpio, sin se\u00f1alar ni guardar rencor, pero con la mente clara para que hechos as\u00ed no se repitan. Construir Patria, desmontar el odio, la divisi\u00f3n y la segregaci\u00f3n, y velar porque los medios de comunicaci\u00f3n social no sean utilizados para esos fines. Esta es la labor m\u00e1s importante de la Comisi\u00f3n Nacional de Telecomunicaciones\u00bb, destac\u00f3 Quintana.<\/p>\n\n\n\n<p class=\"justificar\">Por su parte, el presb\u00edtero oficiante, Omar Jos\u00e9 G\u00f3mez, exalt\u00f3 la figura materna como un reflejo del amor divino y destac\u00f3 la importancia de su trabajo, no solo en el hogar sino tambi\u00e9n en el desarrollo productivo y tecnol\u00f3gico del pa\u00eds.<\/p>\n\n\n\n<p class=\"justificar\">Las madres conateleras agradecieron la iniciativa, disfrutando de un ambiente de confraternidad y fe, reafirmando su compromiso de seguir aportando lo mejor de s\u00ed para garantizar la conectividad y la comunicaci\u00f3n en todo el territorio nacional.<\/p>\n","protected":false},"excerpt":{"rendered":"<p>Homenaje de fe: Conatel honra a las madres trabajadoras con sentida eucarist\u00eda En el marco de la celebraci\u00f3n del D\u00eda de las Madres, la Comisi\u00f3n Nacional de Telecomunicaciones (Conatel) realiz\u00f3 este viernes una emotiva eucarist\u00eda en acci\u00f3n de Gracias. El encuentro lit\u00fargico, celebrado en La Antena, tuvo como prop\u00f3sito rendir un sentido homenaje a las [&hellip;]<\/p>\n","protected":false},"author":12,"featured_media":0,"parent":0,"menu_order":0,"comment_status":"closed","ping_status":"closed","template":"","meta":{"footnotes":""},"class_list":["post-9895","page","type-page","status-publish","hentry"],"blocksy_meta":[],"_links":{"self":[{"href":"https:\/\/conatel.gob.ve\/index.php?rest_route=\/wp\/v2\/pages\/9895","targetHints":{"allow":["GET"]}}],"collection":[{"href":"https:\/\/conatel.gob.ve\/index.php?rest_route=\/wp\/v2\/pages"}],"about":[{"href":"https:\/\/conatel.gob.ve\/index.php?rest_route=\/wp\/v2\/types\/page"}],"author":[{"embeddable":true,"href":"https:\/\/conatel.gob.ve\/index.php?rest_route=\/wp\/v2\/users\/12"}],"replies":[{"embeddable":true,"href":"https:\/\/conatel.gob.ve\/index.php?rest_route=%2Fwp%2Fv2%2Fcomments&post=9895"}],"version-history":[{"count":3,"href":"https:\/\/conatel.gob.ve\/index.php?rest_route=\/wp\/v2\/pages\/9895\/revisions"}],"predecessor-version":[{"id":9899,"href":"https:\/\/conatel.gob.ve\/index.php?rest_route=\/wp\/v2\/pages\/9895\/revisions\/9899"}],"wp:attachment":[{"href":"https:\/\/conatel.gob.ve\/index.php?rest_route=%2Fwp%2Fv2%2Fmedia&parent=9895"}],"curies":[{"name":"wp","href":"https:\/\/api.w.org\/{rel}","templated":true}]}}