{"id":9913,"date":"2026-05-13T18:10:54","date_gmt":"2026-05-13T22:10:54","guid":{"rendered":"https:\/\/conatel.gob.ve\/?page_id=9913"},"modified":"2026-05-13T18:16:04","modified_gmt":"2026-05-13T22:16:04","slug":"telecomunicaciones-son-un-factor-integrador-para-los-sistemas-de-proteccion-social","status":"publish","type":"page","link":"https:\/\/conatel.gob.ve\/?page_id=9913","title":{"rendered":"Telecomunicaciones son un factor integrador para los sistemas de protecci\u00f3n social"},"content":{"rendered":"\n<div class=\"wp-block-stackable-heading stk-block-heading stk-block-heading--v2 stk-block stk-d60e45c\" id=\"telecomunicaciones-son-un-factor-integrador-para-los-sistemas-de-proteccion-social\" data-block-id=\"d60e45c\"><style>.stk-d60e45c {margin-top:20px !important;}.stk-d60e45c .stk-block-heading__text{font-size:24px !important;}@media screen and (max-width:999px){.stk-d60e45c .stk-block-heading__text{font-size:24px !important;}}<\/style><h1 class=\"stk-block-heading__text has-text-align-center\">Telecomunicaciones son un factor integrador para los sistemas de protecci\u00f3n social<\/h1><\/div>\n\n\n\n<div class=\"wp-block-stackable-image stk-block-image stk-block stk-2f0d22b\" data-block-id=\"2f0d22b\"><style>.stk-2f0d22b .stk-img-wrapper img{object-fit:scale-down !important;}<\/style><figure><span class=\"stk-img-wrapper stk-image--shape-stretch\"><img fetchpriority=\"high\" decoding=\"async\" class=\"stk-img wp-image-9916\" src=\"https:\/\/conatel.gob.ve\/wp-content\/uploads\/2026\/05\/Nota-Web-13-de-abril-1125-b.jpg\" width=\"1125\" height=\"320\" alt=\"Telecomunicaciones son un factor integrador para los sistemas de protecci\u00f3n social\" srcset=\"https:\/\/conatel.gob.ve\/wp-content\/uploads\/2026\/05\/Nota-Web-13-de-abril-1125-b.jpg 1125w, https:\/\/conatel.gob.ve\/wp-content\/uploads\/2026\/05\/Nota-Web-13-de-abril-1125-b-300x85.jpg 300w, https:\/\/conatel.gob.ve\/wp-content\/uploads\/2026\/05\/Nota-Web-13-de-abril-1125-b-1024x291.jpg 1024w, https:\/\/conatel.gob.ve\/wp-content\/uploads\/2026\/05\/Nota-Web-13-de-abril-1125-b-768x218.jpg 768w\" sizes=\"(max-width: 1125px) 100vw, 1125px\" \/><\/span><\/figure><\/div>\n\n\n\n<p class=\"justificar\">Las telecomunicaciones no son solo un complemento de la medicina, sino un factor integrador para los sistemas de protecci\u00f3n social. As\u00ed lo expres\u00f3 el doctor Gregorio Leopoldo S\u00e1nchez, vicerrector de la Universidad de las Ciencias de la Salud (UCS) \u201cHugo Ch\u00e1vez Fr\u00edas\u201d.&nbsp;<\/p>\n\n\n\n<p class=\"justificar\">Durante su participaci\u00f3n en el programa Conatel al Aire, el galeno explic\u00f3 que la telemedicina, impulsada en la actualidad por el desarrollo de las telecomunicaciones, debe avanzar en Venezuela hacia el fortalecimiento de la red comunal de salud, apoyando la labor de los centros asistenciales y sus profesionales.<\/p>\n\n\n\n<p class=\"justificar\">Para el doctor S\u00e1nchez, las telecomunicaciones hacen posible que el personal m\u00e9dico en zonas rurales dispersas reciba soporte educativo, adem\u00e1s de agilizar la vigilancia epidemiol\u00f3gica.<\/p>\n\n\n\n<p class=\"justificar\">\u201cLas tecnolog\u00edas son un factor integrador que permite extender los servicios de salud a las poblaciones campesinas e ind\u00edgenas, garantizando el acceso universal que dicta nuestra Constituci\u00f3n\u201d, afirm\u00f3.<\/p>\n\n\n\n<p class=\"justificar\">Adem\u00e1s, han hecho posible la implementaci\u00f3n de registros m\u00e9dicos electr\u00f3nicos que facilitan la interconsulta entre especialistas y la eficiencia en el seguimiento de pacientes.<\/p>\n\n\n\n<p class=\"justificar\">Record\u00f3 que antes de estos avances, la&nbsp;comunicaci\u00f3n entre especialistas, sobre todo de zonas rurales, estaba subordinada a la radio de onda corta para reportar emergencias o datos epidemiol\u00f3gicos.<\/p>\n\n\n\n<p class=\"justificar\">\u201cAntes depend\u00edamos de la radio para evacuar pacientes o reportar enfermedades en lugares tan distantes como el Alto Orinoco. Con la llegada de las nuevas tecnolog\u00edas, tenemos la ventaja de enviar informaci\u00f3n, fotos y videos, y verlos al instante\u201d, se\u00f1al\u00f3 el especialista.<\/p>\n\n\n\n<p>Esta evoluci\u00f3n, que hoy est\u00e1 marcada por la telemedicina, est\u00e1 respaldada por un marco legal s\u00f3lido: la Ley de Telesalud vigente desde 2015, que concibe estas tecnolog\u00edas como un servicio p\u00fablico.<\/p>\n\n\n\n<p><strong>El riesgo de los chatbots y el autodiagn\u00f3stico<\/strong><\/p>\n\n\n\n<p class=\"justificar\">A pesar del optimismo tecnol\u00f3gico, el Dr. S\u00e1nchez advirti\u00f3 sobre los desaf\u00edos \u00e9ticos que impone la inteligencia artificial (IA) al concepto de telemedicina, se\u00f1alando que hay una tendencia creciente a consultar chatbots para obtener diagn\u00f3sticos o pautas de medicaci\u00f3n, lo cual representa un peligro latente.<\/p>\n\n\n\n<p class=\"justificar\">El galeno detall\u00f3 que la IA puede ofrecer informaci\u00f3n \u00fatil, pero no tiene criterio cl\u00ednico para sustituir la evaluaci\u00f3n de un facultativo. Por otra parte, explic\u00f3 que la automedicaci\u00f3n guiada por m\u00e1quinas puede agravar problemas globales como la resistencia a los antibi\u00f3ticos.<\/p>\n\n\n\n<p class=\"justificar\">\u201cEl remedio que administres con apoyo de una inteligencia artificial puede ser peor que la misma enfermedad si no hay racionalidad y presencia humana\u201d, sentenci\u00f3.<\/p>\n\n\n\n<p class=\"justificar\">Para finalizar, el vicerrector de la Universidad de las Ciencias de la Salud destac\u00f3 que la tecnolog\u00eda debe potenciar el contacto humano, nunca reemplazarlo, y que estas herramientas son el medio para lograr un Sistema P\u00fablico Nacional de Salud digitalizado, eficiente y, sobre todo, profundamente humano, donde la pantalla sea un puente y no un muro entre el m\u00e9dico y su paciente.<\/p>\n","protected":false},"excerpt":{"rendered":"<p>Telecomunicaciones son un factor integrador para los sistemas de protecci\u00f3n social Las telecomunicaciones no son solo un complemento de la medicina, sino un factor integrador para los sistemas de protecci\u00f3n social. As\u00ed lo expres\u00f3 el doctor Gregorio Leopoldo S\u00e1nchez, vicerrector de la Universidad de las Ciencias de la Salud (UCS) \u201cHugo Ch\u00e1vez Fr\u00edas\u201d.&nbsp; Durante su [&hellip;]<\/p>\n","protected":false},"author":12,"featured_media":9922,"parent":0,"menu_order":0,"comment_status":"closed","ping_status":"closed","template":"","meta":{"footnotes":""},"class_list":["post-9913","page","type-page","status-publish","has-post-thumbnail","hentry"],"blocksy_meta":[],"_links":{"self":[{"href":"https:\/\/conatel.gob.ve\/index.php?rest_route=\/wp\/v2\/pages\/9913","targetHints":{"allow":["GET"]}}],"collection":[{"href":"https:\/\/conatel.gob.ve\/index.php?rest_route=\/wp\/v2\/pages"}],"about":[{"href":"https:\/\/conatel.gob.ve\/index.php?rest_route=\/wp\/v2\/types\/page"}],"author":[{"embeddable":true,"href":"https:\/\/conatel.gob.ve\/index.php?rest_route=\/wp\/v2\/users\/12"}],"replies":[{"embeddable":true,"href":"https:\/\/conatel.gob.ve\/index.php?rest_route=%2Fwp%2Fv2%2Fcomments&post=9913"}],"version-history":[{"count":3,"href":"https:\/\/conatel.gob.ve\/index.php?rest_route=\/wp\/v2\/pages\/9913\/revisions"}],"predecessor-version":[{"id":9917,"href":"https:\/\/conatel.gob.ve\/index.php?rest_route=\/wp\/v2\/pages\/9913\/revisions\/9917"}],"wp:featuredmedia":[{"embeddable":true,"href":"https:\/\/conatel.gob.ve\/index.php?rest_route=\/wp\/v2\/media\/9922"}],"wp:attachment":[{"href":"https:\/\/conatel.gob.ve\/index.php?rest_route=%2Fwp%2Fv2%2Fmedia&parent=9913"}],"curies":[{"name":"wp","href":"https:\/\/api.w.org\/{rel}","templated":true}]}}