{"id":9925,"date":"2026-05-13T23:57:37","date_gmt":"2026-05-14T03:57:37","guid":{"rendered":"https:\/\/conatel.gob.ve\/?page_id=9925"},"modified":"2026-05-13T23:57:37","modified_gmt":"2026-05-14T03:57:37","slug":"conatel-convoca-a-cantv-y-corpoelec-a-mesas-de-trabajo-para-fortalecer-al-servicio-ven-9-1-1-en-materia-tecnologica","status":"publish","type":"page","link":"https:\/\/conatel.gob.ve\/?page_id=9925","title":{"rendered":"Conatel convoca a Cantv y Corpoelec a mesas de trabajo para fortalecer al servicio VEN 9-1-1 en materia tecnol\u00f3gica"},"content":{"rendered":"\n<div class=\"wp-block-stackable-heading stk-block-heading stk-block-heading--v2 stk-block stk-c3aae14\" id=\"conatel-convoca-a-cantv-y-corpoelec-a-mesas-de-trabajo-para-fortalecer-al-servicio-ven-9-1-1-en-materia-tecnologica\" data-block-id=\"c3aae14\"><style>.stk-c3aae14 {margin-top:20px !important;}.stk-c3aae14 .stk-block-heading__text{font-size:24px !important;}@media screen and (max-width:999px){.stk-c3aae14 .stk-block-heading__text{font-size:24px !important;}}<\/style><h1 class=\"stk-block-heading__text has-text-align-center\">Conatel convoca a Cantv y Corpoelec a mesas de trabajo para fortalecer al servicio VEN 9-1-1 en materia tecnol\u00f3gica<\/h1><\/div>\n\n\n\n<div class=\"wp-block-stackable-image stk-block-image stk-block stk-f2ddc29\" data-block-id=\"f2ddc29\"><style>.stk-f2ddc29 .stk-img-wrapper img{object-fit:scale-down !important;}<\/style><figure><span class=\"stk-img-wrapper stk-image--shape-stretch\"><img fetchpriority=\"high\" decoding=\"async\" class=\"stk-img wp-image-9926\" src=\"https:\/\/conatel.gob.ve\/wp-content\/uploads\/2026\/05\/1125-3.png\" width=\"1125\" height=\"319\" alt=\"Conatel convoca a Cantv y Corpoelec a mesas de trabajo para fortalecer al servicio VEN 9-1-1 en materia tecnol\u00f3gica\n\" srcset=\"https:\/\/conatel.gob.ve\/wp-content\/uploads\/2026\/05\/1125-3.png 1125w, https:\/\/conatel.gob.ve\/wp-content\/uploads\/2026\/05\/1125-3-300x85.png 300w, https:\/\/conatel.gob.ve\/wp-content\/uploads\/2026\/05\/1125-3-1024x290.png 1024w, https:\/\/conatel.gob.ve\/wp-content\/uploads\/2026\/05\/1125-3-768x218.png 768w\" sizes=\"(max-width: 1125px) 100vw, 1125px\" \/><\/span><\/figure><\/div>\n\n\n\n<p class=\"justificar\">La Comisi\u00f3n Nacional de Telecomunicaciones (Conatel) convoc\u00f3 este mi\u00e9rcoles a la Corporaci\u00f3n El\u00e9ctrica Nacional (Corpoelec) y la Compa\u00f1\u00eda An\u00f3nima Nacional Tel\u00e9fonos de Venezuela (Cantv) a participar de manera conjunta en una mesa de trabajo, a fin de responder a los requerimientos del Centro de Comando, Control y Telecomunicaciones VEN 9-1-1 para la puesta en marcha del Proyecto de Fortalecimiento del Sistema de Videoprotecci\u00f3n a nivel nacional; en articulaci\u00f3n con el Ministerio del Poder Popular para Interior, Justicia y Paz, en cumplimiento de los lineamientos emanados por la presidenta (E) Delcy Elo\u00edna Rodr\u00edguez G\u00f3mez y las instrucciones del Vicepresidente Sectorial de Pol\u00edtica, Seguridad Ciudadana y Paz, Cap. Diosdado Cabello Rond\u00f3n.<\/p>\n\n\n\n<p class=\"justificar\">En el encuentro, que tambi\u00e9n busca articular esfuerzos para el apalancamiento del V\u00e9rtice n\u00famero 11 de la Gran Misi\u00f3n Cuadrantes de Paz, estuvieron presentes el Viceministro de Prevenci\u00f3n, Seguridad Ciudadana y Cuadrantes de Paz, G\/D Endes Palencia Ortiz; el Director General de los Centros de Comando, Control y Telecomunicaciones VEN 9-1-1, G\/D Neptal\u00ed Rodr\u00edguez G\u00f3mez; el vicepresidente de Corpoelec, Lic. Pedro Alcides Tineo D\u00edaz; el presidente de Cantv, M\/G Iv\u00e1n Rafael Hern\u00e1ndez Dala y el Gerente General de Telecomunicaciones de Corpoelec, Gral. Gustavo Nu\u00f1ez.<\/p>\n\n\n\n<p class=\"justificar\">Entre los objetivos de las mesas t\u00e9cnicas se encuentra la innovaci\u00f3n cient\u00edfico-tecnol\u00f3gica y el reforzamiento de las herramientas de informaci\u00f3n en materia de video-protecci\u00f3n, claves para el despliegue y fortalecimiento de los Centros de Control y Comando del VEN 9-1-1 en todo el territorio nacional.<\/p>\n\n\n\n<p class=\"justificar\">De acuerdo con el Viceministro de Prevenci\u00f3n, Seguridad Ciudadana y Cuadrantes de Paz, G\/D Endes Palencia Ortiz, la reuni\u00f3n atiende uno de los grandes objetivos de la Ley Org\u00e1nica del Plan de la Patria de las 7 Grandes Transformaciones.<\/p>\n\n\n\n<p class=\"justificar\">\u00abAsumimos este instrumento como la herramienta jur\u00eddica fundamental y la hoja de ruta que regir\u00e1 nuestro accionar durante el periodo 2025-2031. Dicho referente establece distintos mecanismos de acci\u00f3n, entre los que destacan las 7 Grandes Transformaciones, siendo la tercera de ellas la que est\u00e1 relacionada con la seguridad ciudadana, la unidad nacional y la integridad territorial\u00bb, explic\u00f3.<\/p>\n\n\n\n<p class=\"justificar\">Por su parte, el Director General de Conatel, Enrique Jos\u00e9 Quintana Sifontes, puso a disposici\u00f3n del proyecto las instalaciones y el equipo t\u00e9cnico del ente regulador, para facilitar las alianzas necesarias que garanticen la seguridad de la red que soporta la video-protecci\u00f3n ciudadana.<\/p>\n\n\n\n<p class=\"justificar\">De esta forma, Conatel reafirma su compromiso con el fortalecimiento de las telecomunicaciones al servicio del pueblo, en consonancia con el V\u00e9rtice n\u00famero 11 de la Gran Misi\u00f3n Cuadrantes de Paz.<\/p>\n","protected":false},"excerpt":{"rendered":"<p>Conatel convoca a Cantv y Corpoelec a mesas de trabajo para fortalecer al servicio VEN 9-1-1 en materia tecnol\u00f3gica La Comisi\u00f3n Nacional de Telecomunicaciones (Conatel) convoc\u00f3 este mi\u00e9rcoles a la Corporaci\u00f3n El\u00e9ctrica Nacional (Corpoelec) y la Compa\u00f1\u00eda An\u00f3nima Nacional Tel\u00e9fonos de Venezuela (Cantv) a participar de manera conjunta en una mesa de trabajo, a fin [&hellip;]<\/p>\n","protected":false},"author":12,"featured_media":0,"parent":0,"menu_order":0,"comment_status":"closed","ping_status":"closed","template":"","meta":{"footnotes":""},"class_list":["post-9925","page","type-page","status-publish","hentry"],"blocksy_meta":[],"_links":{"self":[{"href":"https:\/\/conatel.gob.ve\/index.php?rest_route=\/wp\/v2\/pages\/9925","targetHints":{"allow":["GET"]}}],"collection":[{"href":"https:\/\/conatel.gob.ve\/index.php?rest_route=\/wp\/v2\/pages"}],"about":[{"href":"https:\/\/conatel.gob.ve\/index.php?rest_route=\/wp\/v2\/types\/page"}],"author":[{"embeddable":true,"href":"https:\/\/conatel.gob.ve\/index.php?rest_route=\/wp\/v2\/users\/12"}],"replies":[{"embeddable":true,"href":"https:\/\/conatel.gob.ve\/index.php?rest_route=%2Fwp%2Fv2%2Fcomments&post=9925"}],"version-history":[{"count":1,"href":"https:\/\/conatel.gob.ve\/index.php?rest_route=\/wp\/v2\/pages\/9925\/revisions"}],"predecessor-version":[{"id":9927,"href":"https:\/\/conatel.gob.ve\/index.php?rest_route=\/wp\/v2\/pages\/9925\/revisions\/9927"}],"wp:attachment":[{"href":"https:\/\/conatel.gob.ve\/index.php?rest_route=%2Fwp%2Fv2%2Fmedia&parent=9925"}],"curies":[{"name":"wp","href":"https:\/\/api.w.org\/{rel}","templated":true}]}}