{"id":9938,"date":"2026-05-16T00:27:41","date_gmt":"2026-05-16T04:27:41","guid":{"rendered":"https:\/\/conatel.gob.ve\/?page_id=9938"},"modified":"2026-05-16T00:27:41","modified_gmt":"2026-05-16T04:27:41","slug":"conatel-recibe-proveedor-de-soluciones-de-telecomunicaciones-e-internet-satelital","status":"publish","type":"page","link":"https:\/\/conatel.gob.ve\/?page_id=9938","title":{"rendered":"Conatel recibe proveedor de soluciones de telecomunicaciones e internet satelital"},"content":{"rendered":"\n<div class=\"wp-block-stackable-heading stk-block-heading stk-block-heading--v2 stk-block stk-95ba63d\" id=\"conatel-recibe-proveedor-de-soluciones-de-telecomunicaciones-e-internet-satelital\" data-block-id=\"95ba63d\"><style>.stk-95ba63d {margin-top:20px !important;}.stk-95ba63d .stk-block-heading__text{font-size:24px !important;}@media screen and (max-width:999px){.stk-95ba63d .stk-block-heading__text{font-size:24px !important;}}<\/style><h1 class=\"stk-block-heading__text has-text-align-center\">Conatel recibe proveedor de soluciones de telecomunicaciones e internet satelital<\/h1><\/div>\n\n\n\n<div class=\"wp-block-stackable-image stk-block-image stk-block stk-85cef58\" data-block-id=\"85cef58\"><style>.stk-85cef58 .stk-img-wrapper img{object-fit:scale-down !important;}<\/style><figure><span class=\"stk-img-wrapper stk-image--shape-stretch\"><img fetchpriority=\"high\" decoding=\"async\" class=\"stk-img wp-image-9940\" src=\"https:\/\/conatel.gob.ve\/wp-content\/uploads\/2026\/05\/1125-final.png\" width=\"1125\" height=\"320\" alt=\"Conatel recibe proveedor de soluciones de telecomunicaciones e internet satelital\n\" srcset=\"https:\/\/conatel.gob.ve\/wp-content\/uploads\/2026\/05\/1125-final.png 1125w, https:\/\/conatel.gob.ve\/wp-content\/uploads\/2026\/05\/1125-final-300x85.png 300w, https:\/\/conatel.gob.ve\/wp-content\/uploads\/2026\/05\/1125-final-1024x291.png 1024w, https:\/\/conatel.gob.ve\/wp-content\/uploads\/2026\/05\/1125-final-768x218.png 768w\" sizes=\"(max-width: 1125px) 100vw, 1125px\" \/><\/span><\/figure><\/div>\n\n\n\n<p class=\"justificado\">La Comisi\u00f3n Nacional de Telecomunicaciones (Conatel), en su car\u00e1cter de ente regulador, sostuvo este viernes una reuni\u00f3n con representantes de la empresa APCO Networks. El acercamiento tuvo como objetivo evaluar las propuestas de la compa\u00f1\u00eda que busca desplegar sus servicios en el territorio venezolano.<\/p>\n\n\n\n<p class=\"justificar\">La reuni\u00f3n estuvo encabezada por el Director General de Conatel, Enrique Jos\u00e9 Quintana Sifontes, quien recibi\u00f3 a Orlando Castillo, CEO de APCO Networks y Camilo Balsan, director comercial de la corporaci\u00f3n.<\/p>\n\n\n\n<p class=\"justificar\">Durante esta primera reuni\u00f3n con Conatel, la empresa expuso sus capacidades como proveedor integral de soluciones en telecomunicaciones, las cuales abarcan:<\/p>\n\n\n\n<p class=\"justificar\">\u00b7 Servicios satelitales: Capacidad en redes de \u00f3rbita baja (LEO) y geoestacionarias (GEO) en banda Ka, respaldada por telepuertos propios y alianzas con operadores globales.<br>\u00b7 Fibra \u00f3ptica y microondas: Despliegue de enlaces de alta capacidad para entornos empresariales y redes de transporte.<br>\u00b7 Telefon\u00eda celular y transporte de conectividad: Soluciones de interconexi\u00f3n LAN-to-LAN para operadores m\u00f3viles de red (MNO).<br>\u00b7 Desarrollo propio: Equipamiento de enrutamiento administrado, ciberseguridad y plataformas de Voz sobre IP (VoIP).<\/p>\n\n\n\n<p class=\"justificar\">Uno de los ejes centrales expuestos ante el ente regulador por parte de la empresa, fue el proyecto de inclusi\u00f3n digital denominado Puntos de Acceso de Internet Comunitario, un modelo basado en la tecnolog\u00eda celular LTE que la compa\u00f1\u00eda tambi\u00e9n busca expandir en el territorio venezolano.<\/p>\n\n\n\n<p class=\"justificar\">Este acercamiento entre APCO Networks y Conatel se enmarca en las pol\u00edticas del Estado venezolano para fomentar nuevas inversiones, que contribuyan con el desarrollo del pa\u00eds y lo integren al ecosistema tecnol\u00f3gico global.<\/p>\n","protected":false},"excerpt":{"rendered":"<p>Conatel recibe proveedor de soluciones de telecomunicaciones e internet satelital La Comisi\u00f3n Nacional de Telecomunicaciones (Conatel), en su car\u00e1cter de ente regulador, sostuvo este viernes una reuni\u00f3n con representantes de la empresa APCO Networks. El acercamiento tuvo como objetivo evaluar las propuestas de la compa\u00f1\u00eda que busca desplegar sus servicios en el territorio venezolano. La [&hellip;]<\/p>\n","protected":false},"author":12,"featured_media":0,"parent":0,"menu_order":0,"comment_status":"closed","ping_status":"closed","template":"","meta":{"footnotes":""},"class_list":["post-9938","page","type-page","status-publish","hentry"],"blocksy_meta":[],"_links":{"self":[{"href":"https:\/\/conatel.gob.ve\/index.php?rest_route=\/wp\/v2\/pages\/9938","targetHints":{"allow":["GET"]}}],"collection":[{"href":"https:\/\/conatel.gob.ve\/index.php?rest_route=\/wp\/v2\/pages"}],"about":[{"href":"https:\/\/conatel.gob.ve\/index.php?rest_route=\/wp\/v2\/types\/page"}],"author":[{"embeddable":true,"href":"https:\/\/conatel.gob.ve\/index.php?rest_route=\/wp\/v2\/users\/12"}],"replies":[{"embeddable":true,"href":"https:\/\/conatel.gob.ve\/index.php?rest_route=%2Fwp%2Fv2%2Fcomments&post=9938"}],"version-history":[{"count":7,"href":"https:\/\/conatel.gob.ve\/index.php?rest_route=\/wp\/v2\/pages\/9938\/revisions"}],"predecessor-version":[{"id":9946,"href":"https:\/\/conatel.gob.ve\/index.php?rest_route=\/wp\/v2\/pages\/9938\/revisions\/9946"}],"wp:attachment":[{"href":"https:\/\/conatel.gob.ve\/index.php?rest_route=%2Fwp%2Fv2%2Fmedia&parent=9938"}],"curies":[{"name":"wp","href":"https:\/\/api.w.org\/{rel}","templated":true}]}}